{"id":97,"date":"2021-03-15T15:06:42","date_gmt":"2021-03-15T15:06:42","guid":{"rendered":"http:\/\/pepsyna.eu\/?page_id=97"},"modified":"2021-03-19T14:02:36","modified_gmt":"2021-03-19T14:02:36","slug":"odczynniki-chemiczne-oraz-srodki-do-mycia-i-dezynfekcji-znakowanie-miesa","status":"publish","type":"page","link":"https:\/\/pepsyna.eu\/index.php\/home-2\/odczynniki-chemiczne-oraz-srodki-do-mycia-i-dezynfekcji-znakowanie-miesa\/","title":{"rendered":"ODCZYNNIKI CHEMICZNE ORAZ \u015aRODKI DO MYCIA I DEZYNFEKCJI"},"content":{"rendered":"\t\t<div data-elementor-type=\"wp-page\" data-elementor-id=\"97\" class=\"elementor elementor-97\" data-elementor-settings=\"[]\">\n\t\t\t\t\t\t<div class=\"elementor-inner\">\n\t\t\t\t\t\t\t<div class=\"elementor-section-wrap\">\n\t\t\t\t\t\t\t<section class=\"elementor-section elementor-top-section elementor-element elementor-element-4a86edd elementor-section-boxed elementor-section-height-default elementor-section-height-default\" data-id=\"4a86edd\" data-element_type=\"section\">\n\t\t\t\t\t\t<div class=\"elementor-container elementor-column-gap-default\">\n\t\t\t\t\t\t\t<div class=\"elementor-row\">\n\t\t\t\t\t<div class=\"elementor-column elementor-col-100 elementor-top-column elementor-element elementor-element-f5eb5a6\" data-id=\"f5eb5a6\" data-element_type=\"column\">\n\t\t\t<div class=\"elementor-column-wrap elementor-element-populated\">\n\t\t\t\t\t\t\t<div class=\"elementor-widget-wrap\">\n\t\t\t\t\t\t<div class=\"elementor-element elementor-element-d58782e elementor-widget elementor-widget-toggle\" data-id=\"d58782e\" data-element_type=\"widget\" data-widget_type=\"toggle.default\">\n\t\t\t\t<div class=\"elementor-widget-container\">\n\t\t\t\t\t<div class=\"elementor-toggle\" role=\"tablist\">\n\t\t\t\t\t\t\t<div class=\"elementor-toggle-item\">\n\t\t\t\t\t<div id=\"elementor-tab-title-2231\" class=\"elementor-tab-title\" data-tab=\"1\" role=\"tab\" aria-controls=\"elementor-tab-content-2231\" aria-expanded=\"false\">\n\t\t\t\t\t\t\t\t\t\t\t\t<span class=\"elementor-toggle-icon elementor-toggle-icon-left\" aria-hidden=\"true\">\n\t\t\t\t\t\t\t\t\t\t\t\t\t\t\t<span class=\"elementor-toggle-icon-closed\"><i class=\"fas fa-angle-double-down\"><\/i><\/span>\n\t\t\t\t\t\t\t\t<span class=\"elementor-toggle-icon-opened\"><i class=\"elementor-toggle-icon-opened fas fa-caret-up\"><\/i><\/span>\n\t\t\t\t\t\t\t\t\t\t\t\t\t<\/span>\n\t\t\t\t\t\t\t\t\t\t\t\t<a href=\"\" class=\"elementor-toggle-title\">ODCZYNNIKI LABORATORYJNE<\/a>\n\t\t\t\t\t<\/div>\n\n\t\t\t\t\t<div id=\"elementor-tab-content-2231\" class=\"elementor-tab-content elementor-clearfix\" data-tab=\"1\" role=\"tabpanel\" aria-labelledby=\"elementor-tab-title-2231\"><p><a href=\"https:\/\/pepsyna.eu\/index.php\/home-2\/odczynniki-chemiczne-oraz-srodki-do-mycia-i-dezynfekcji-znakowanie-miesa\/\"><img loading=\"lazy\" class=\"wp-image-413 alignnone\" title=\"OTW\u00d3RZ\" src=\"https:\/\/pepsyna.eu\/wp-content\/uploads\/2021\/03\/odczynniki.jpg\" alt=\"\" width=\"95\" height=\"106\" \/><\/a><\/p><p><a href=\"https:\/\/pepsyna.eu\/index.php\/home-2\/odczynniki-chemiczne-oraz-srodki-do-mycia-i-dezynfekcji-znakowanie-miesa\/odczynniki-laboratoryjne\/pepsyna\/\">&#8211; Pepsyna<\/a><\/p><p>&#8211; <a href=\"https:\/\/pepsyna.eu\/index.php\/home-2\/odczynniki-chemiczne-oraz-srodki-do-mycia-i-dezynfekcji-znakowanie-miesa\/odczynniki-laboratoryjne\/alkohol-etylowy\/\">Alkohol etylowy<\/a><\/p><p>&#8211; <a href=\"https:\/\/pepsyna.eu\/index.php\/home-2\/odczynniki-chemiczne-oraz-srodki-do-mycia-i-dezynfekcji-znakowanie-miesa\/odczynniki-laboratoryjne\/kwas-solny\/\">Kwas solny<\/a><\/p><p>&#8211; <a href=\"https:\/\/pepsyna.eu\/index.php\/home-2\/odczynniki-chemiczne-oraz-srodki-do-mycia-i-dezynfekcji-znakowanie-miesa\/odczynniki-laboratoryjne\/podchloryn-sodu\/\">Podchloryn sodu<\/a><\/p><p>&#8211; <a href=\"https:\/\/pepsyna.eu\/index.php\/home-2\/odczynniki-chemiczne-oraz-srodki-do-mycia-i-dezynfekcji-znakowanie-miesa\/odczynniki-laboratoryjne\/formalina\/\">Formalina<\/a><\/p><p>&#8211; <a href=\"https:\/\/pepsyna.eu\/index.php\/home-2\/odczynniki-chemiczne-oraz-srodki-do-mycia-i-dezynfekcji-znakowanie-miesa\/odczynniki-laboratoryjne\/siarka-mielona\/\">Siarka mielona<\/a><\/p><\/div>\n\t\t\t\t<\/div>\n\t\t\t\t\t\t\t<div class=\"elementor-toggle-item\">\n\t\t\t\t\t<div id=\"elementor-tab-title-2232\" class=\"elementor-tab-title\" data-tab=\"2\" role=\"tab\" aria-controls=\"elementor-tab-content-2232\" aria-expanded=\"false\">\n\t\t\t\t\t\t\t\t\t\t\t\t<span class=\"elementor-toggle-icon elementor-toggle-icon-left\" aria-hidden=\"true\">\n\t\t\t\t\t\t\t\t\t\t\t\t\t\t\t<span class=\"elementor-toggle-icon-closed\"><i class=\"fas fa-angle-double-down\"><\/i><\/span>\n\t\t\t\t\t\t\t\t<span class=\"elementor-toggle-icon-opened\"><i class=\"elementor-toggle-icon-opened fas fa-caret-up\"><\/i><\/span>\n\t\t\t\t\t\t\t\t\t\t\t\t\t<\/span>\n\t\t\t\t\t\t\t\t\t\t\t\t<a href=\"\" class=\"elementor-toggle-title\">\u015aRODKI DO DEZYNFEKCJI I MYCIA<\/a>\n\t\t\t\t\t<\/div>\n\n\t\t\t\t\t<div id=\"elementor-tab-content-2232\" class=\"elementor-tab-content elementor-clearfix\" data-tab=\"2\" role=\"tabpanel\" aria-labelledby=\"elementor-tab-title-2232\"><p><a href=\"https:\/\/pepsyna.eu\/index.php\/home\/odczynniki-chemiczne-oraz-srodki-do-mycia-i-dezynfekcji-znakowanie-miesa\/\"><img loading=\"lazy\" class=\"aligncenter wp-image-414\" title=\"OTW\u00d3RZ\" src=\"https:\/\/pepsyna.eu\/wp-content\/uploads\/2021\/03\/dezynfek.jpg\" alt=\"\" width=\"92\" height=\"117\" \/><\/a><\/p><p><a href=\"https:\/\/pepsyna.eu\/index.php\/home-2\/srodki-do-mycia-i-dezynfekcji\/aerodesin\/\">&#8211; Aerodesin 2000<\/a><\/p><p><a href=\"https:\/\/pepsyna.eu\/index.php\/home-2\/srodki-do-mycia-i-dezynfekcji\/blekit-patentowy\/\">&#8211; B\u0142\u0119kit Patentowy<\/a><\/p><p><a href=\"https:\/\/pepsyna.eu\/index.php\/home-2\/srodki-do-mycia-i-dezynfekcji\/ahd-1000\/\">&#8211; AHD 1000<\/a><\/p><p><a href=\"https:\/\/pepsyna.eu\/index.php\/home-2\/srodki-do-mycia-i-dezynfekcji\/aldewir\/\">&#8211; Aldewir<\/a><\/p><p><a href=\"https:\/\/pepsyna.eu\/index.php\/home-2\/srodki-do-mycia-i-dezynfekcji\/etaproben\/\">&#8211; Etaproben<\/a><\/p><p><a href=\"https:\/\/pepsyna.eu\/index.php\/home-2\/srodki-do-mycia-i-dezynfekcji\/septamin\/\">&#8211; Septamin<\/a><\/p><p><a href=\"https:\/\/pepsyna.eu\/index.php\/home-2\/srodki-do-mycia-i-dezynfekcji\/fugaten-spray\/\">&#8211; Fugaten Spray<\/a><\/p><p><a href=\"https:\/\/pepsyna.eu\/index.php\/home-2\/srodki-do-mycia-i-dezynfekcji\/mediquick\/\">&#8211; MediQuick<\/a><\/p><p><a href=\"https:\/\/pepsyna.eu\/index.php\/home-2\/srodki-do-mycia-i-dezynfekcji\/phagogel\/\">&#8211; Phago&#8217;Gel<\/a><\/p><p><a href=\"https:\/\/pepsyna.eu\/index.php\/home-2\/srodki-do-mycia-i-dezynfekcji\/suma-alkohol-spray\/\">&#8211; Suma Alkohol Spray<\/a><\/p><p><a href=\"https:\/\/pepsyna.eu\/index.php\/home-2\/srodki-do-mycia-i-dezynfekcji\/chusteczki-do-dezynfekcji\/\">&#8211; Chusteczki do dezynfekcji<\/a><\/p><p><a href=\"https:\/\/pepsyna.eu\/index.php\/home-2\/srodki-do-mycia-i-dezynfekcji\/farena\/\">&#8211; Farena<\/a><\/p><p><a href=\"https:\/\/pepsyna.eu\/index.php\/home-2\/srodki-do-mycia-i-dezynfekcji\/wasa-soft\/\">&#8211; Wasa Soft<\/a><\/p><p><a href=\"https:\/\/pepsyna.eu\/index.php\/home-2\/srodki-do-mycia-i-dezynfekcji\/trilux\/\">&#8211; Trilux<\/a><\/p><p><a href=\"https:\/\/pepsyna.eu\/index.php\/home-2\/srodki-do-mycia-i-dezynfekcji\/javel\/\">&#8211; Javel<\/a><\/p><p><a href=\"https:\/\/pepsyna.eu\/index.php\/home-2\/srodki-do-mycia-i-dezynfekcji\/virkon\/\">&#8211; Virkon<\/a><\/p><\/div>\n\t\t\t\t<\/div>\n\t\t\t\t\t\t\t\t<\/div>\n\t\t\t\t<\/div>\n\t\t\t\t<\/div>\n\t\t\t\t\t\t<\/div>\n\t\t\t\t\t<\/div>\n\t\t<\/div>\n\t\t\t\t\t\t\t\t<\/div>\n\t\t\t\t\t<\/div>\n\t\t<\/section>\n\t\t\t\t\t\t<\/div>\n\t\t\t\t\t\t<\/div>\n\t\t\t\t\t<\/div>\n\t\t","protected":false},"excerpt":{"rendered":"<p>ODCZYNNIKI LABORATORYJNE &#8211; Pepsyna &#8211; Alkohol etylowy &#8211; Kwas solny &#8211; Podchloryn sodu &#8211; Formalina &#8211; Siarka mielona \u015aRODKI DO DEZYNFEKCJI I MYCIA &#8211; Aerodesin 2000 &#8211; B\u0142\u0119kit Patentowy &#8211; AHD 1000 &#8211; Aldewir &#8211; Etaproben &#8211; Septamin &#8211; Fugaten Spray &#8211; MediQuick &#8211; Phago&#8217;Gel &#8211; Suma Alkohol Spray &#8211; Chusteczki do dezynfekcji &#8211; Farena&hellip;<\/p>\n","protected":false},"author":1,"featured_media":0,"parent":274,"menu_order":4,"comment_status":"closed","ping_status":"closed","template":"","meta":[],"yoast_head":"<!-- This site is optimized with the Yoast SEO plugin v17.6 - https:\/\/yoast.com\/wordpress\/plugins\/seo\/ -->\n<title>ODCZYNNIKI CHEMICZNE ORAZ \u015aRODKI DO MYCIA I DEZYNFEKCJI -<\/title>\n<meta name=\"robots\" content=\"index, follow, max-snippet:-1, max-image-preview:large, max-video-preview:-1\" \/>\n<link rel=\"canonical\" href=\"https:\/\/pepsyna.eu\/index.php\/home-2\/odczynniki-chemiczne-oraz-srodki-do-mycia-i-dezynfekcji-znakowanie-miesa\/\" \/>\n<meta property=\"og:locale\" content=\"pl_PL\" \/>\n<meta property=\"og:type\" content=\"article\" \/>\n<meta property=\"og:title\" content=\"ODCZYNNIKI CHEMICZNE ORAZ \u015aRODKI DO MYCIA I DEZYNFEKCJI -\" \/>\n<meta property=\"og:description\" content=\"ODCZYNNIKI LABORATORYJNE &#8211; Pepsyna &#8211; Alkohol etylowy &#8211; Kwas solny &#8211; Podchloryn sodu &#8211; Formalina &#8211; Siarka mielona \u015aRODKI DO DEZYNFEKCJI I MYCIA &#8211; Aerodesin 2000 &#8211; B\u0142\u0119kit Patentowy &#8211; AHD 1000 &#8211; Aldewir &#8211; Etaproben &#8211; Septamin &#8211; Fugaten Spray &#8211; MediQuick &#8211; Phago&#8217;Gel &#8211; Suma Alkohol Spray &#8211; Chusteczki do dezynfekcji &#8211; Farena&hellip;\" \/>\n<meta property=\"og:url\" content=\"https:\/\/pepsyna.eu\/index.php\/home-2\/odczynniki-chemiczne-oraz-srodki-do-mycia-i-dezynfekcji-znakowanie-miesa\/\" \/>\n<meta property=\"article:modified_time\" content=\"2021-03-19T14:02:36+00:00\" \/>\n<meta property=\"og:image\" content=\"https:\/\/pepsyna.eu\/wp-content\/uploads\/2021\/03\/odczynniki.jpg\" \/>\n<meta name=\"twitter:card\" content=\"summary_large_image\" \/>\n<meta name=\"twitter:label1\" content=\"Szacowany czas czytania\" \/>\n\t<meta name=\"twitter:data1\" content=\"1 minuta\" \/>\n<script type=\"application\/ld+json\" class=\"yoast-schema-graph\">{\"@context\":\"https:\/\/schema.org\",\"@graph\":[{\"@type\":\"Organization\",\"@id\":\"https:\/\/pepsyna.eu\/#organization\",\"name\":\"EPI 2\",\"url\":\"https:\/\/pepsyna.eu\/\",\"sameAs\":[],\"logo\":{\"@type\":\"ImageObject\",\"@id\":\"https:\/\/pepsyna.eu\/#logo\",\"inLanguage\":\"pl-PL\",\"url\":\"https:\/\/pepsyna.eu\/wp-content\/uploads\/2021\/03\/cropped-LOGO-EPI2-1.jpg\",\"contentUrl\":\"https:\/\/pepsyna.eu\/wp-content\/uploads\/2021\/03\/cropped-LOGO-EPI2-1.jpg\",\"width\":403,\"height\":85,\"caption\":\"EPI 2\"},\"image\":{\"@id\":\"https:\/\/pepsyna.eu\/#logo\"}},{\"@type\":\"WebSite\",\"@id\":\"https:\/\/pepsyna.eu\/#website\",\"url\":\"https:\/\/pepsyna.eu\/\",\"name\":\"WYSPOSA\\u017bENIE LABORATORYJNE\",\"description\":\"\",\"publisher\":{\"@id\":\"https:\/\/pepsyna.eu\/#organization\"},\"potentialAction\":[{\"@type\":\"SearchAction\",\"target\":{\"@type\":\"EntryPoint\",\"urlTemplate\":\"https:\/\/pepsyna.eu\/?s={search_term_string}\"},\"query-input\":\"required name=search_term_string\"}],\"inLanguage\":\"pl-PL\"},{\"@type\":\"ImageObject\",\"@id\":\"https:\/\/pepsyna.eu\/index.php\/home-2\/odczynniki-chemiczne-oraz-srodki-do-mycia-i-dezynfekcji-znakowanie-miesa\/#primaryimage\",\"inLanguage\":\"pl-PL\",\"url\":\"https:\/\/pepsyna.eu\/wp-content\/uploads\/2021\/03\/odczynniki.jpg\",\"contentUrl\":\"https:\/\/pepsyna.eu\/wp-content\/uploads\/2021\/03\/odczynniki.jpg\",\"width\":230,\"height\":255},{\"@type\":\"WebPage\",\"@id\":\"https:\/\/pepsyna.eu\/index.php\/home-2\/odczynniki-chemiczne-oraz-srodki-do-mycia-i-dezynfekcji-znakowanie-miesa\/#webpage\",\"url\":\"https:\/\/pepsyna.eu\/index.php\/home-2\/odczynniki-chemiczne-oraz-srodki-do-mycia-i-dezynfekcji-znakowanie-miesa\/\",\"name\":\"ODCZYNNIKI CHEMICZNE ORAZ \\u015aRODKI DO MYCIA I DEZYNFEKCJI -\",\"isPartOf\":{\"@id\":\"https:\/\/pepsyna.eu\/#website\"},\"primaryImageOfPage\":{\"@id\":\"https:\/\/pepsyna.eu\/index.php\/home-2\/odczynniki-chemiczne-oraz-srodki-do-mycia-i-dezynfekcji-znakowanie-miesa\/#primaryimage\"},\"datePublished\":\"2021-03-15T15:06:42+00:00\",\"dateModified\":\"2021-03-19T14:02:36+00:00\",\"breadcrumb\":{\"@id\":\"https:\/\/pepsyna.eu\/index.php\/home-2\/odczynniki-chemiczne-oraz-srodki-do-mycia-i-dezynfekcji-znakowanie-miesa\/#breadcrumb\"},\"inLanguage\":\"pl-PL\",\"potentialAction\":[{\"@type\":\"ReadAction\",\"target\":[\"https:\/\/pepsyna.eu\/index.php\/home-2\/odczynniki-chemiczne-oraz-srodki-do-mycia-i-dezynfekcji-znakowanie-miesa\/\"]}]},{\"@type\":\"BreadcrumbList\",\"@id\":\"https:\/\/pepsyna.eu\/index.php\/home-2\/odczynniki-chemiczne-oraz-srodki-do-mycia-i-dezynfekcji-znakowanie-miesa\/#breadcrumb\",\"itemListElement\":[{\"@type\":\"ListItem\",\"position\":1,\"name\":\"Strona g\\u0142\\u00f3wna\",\"item\":\"https:\/\/pepsyna.eu\/\"},{\"@type\":\"ListItem\",\"position\":2,\"name\":\"EPI 2 OFERTA\",\"item\":\"https:\/\/pepsyna.eu\/\"},{\"@type\":\"ListItem\",\"position\":3,\"name\":\"ODCZYNNIKI CHEMICZNE ORAZ \\u015aRODKI DO MYCIA I DEZYNFEKCJI\"}]}]}<\/script>\n<!-- \/ Yoast SEO plugin. -->","yoast_head_json":{"title":"ODCZYNNIKI CHEMICZNE ORAZ \u015aRODKI DO MYCIA I DEZYNFEKCJI -","robots":{"index":"index","follow":"follow","max-snippet":"max-snippet:-1","max-image-preview":"max-image-preview:large","max-video-preview":"max-video-preview:-1"},"canonical":"https:\/\/pepsyna.eu\/index.php\/home-2\/odczynniki-chemiczne-oraz-srodki-do-mycia-i-dezynfekcji-znakowanie-miesa\/","og_locale":"pl_PL","og_type":"article","og_title":"ODCZYNNIKI CHEMICZNE ORAZ \u015aRODKI DO MYCIA I DEZYNFEKCJI -","og_description":"ODCZYNNIKI LABORATORYJNE &#8211; Pepsyna &#8211; Alkohol etylowy &#8211; Kwas solny &#8211; Podchloryn sodu &#8211; Formalina &#8211; Siarka mielona \u015aRODKI DO DEZYNFEKCJI I MYCIA &#8211; Aerodesin 2000 &#8211; B\u0142\u0119kit Patentowy &#8211; AHD 1000 &#8211; Aldewir &#8211; Etaproben &#8211; Septamin &#8211; Fugaten Spray &#8211; MediQuick &#8211; Phago&#8217;Gel &#8211; Suma Alkohol Spray &#8211; Chusteczki do dezynfekcji &#8211; Farena&hellip;","og_url":"https:\/\/pepsyna.eu\/index.php\/home-2\/odczynniki-chemiczne-oraz-srodki-do-mycia-i-dezynfekcji-znakowanie-miesa\/","article_modified_time":"2021-03-19T14:02:36+00:00","og_image":[{"url":"https:\/\/pepsyna.eu\/wp-content\/uploads\/2021\/03\/odczynniki.jpg"}],"twitter_card":"summary_large_image","twitter_misc":{"Szacowany czas czytania":"1 minuta"},"schema":{"@context":"https:\/\/schema.org","@graph":[{"@type":"Organization","@id":"https:\/\/pepsyna.eu\/#organization","name":"EPI 2","url":"https:\/\/pepsyna.eu\/","sameAs":[],"logo":{"@type":"ImageObject","@id":"https:\/\/pepsyna.eu\/#logo","inLanguage":"pl-PL","url":"https:\/\/pepsyna.eu\/wp-content\/uploads\/2021\/03\/cropped-LOGO-EPI2-1.jpg","contentUrl":"https:\/\/pepsyna.eu\/wp-content\/uploads\/2021\/03\/cropped-LOGO-EPI2-1.jpg","width":403,"height":85,"caption":"EPI 2"},"image":{"@id":"https:\/\/pepsyna.eu\/#logo"}},{"@type":"WebSite","@id":"https:\/\/pepsyna.eu\/#website","url":"https:\/\/pepsyna.eu\/","name":"WYSPOSA\u017bENIE LABORATORYJNE","description":"","publisher":{"@id":"https:\/\/pepsyna.eu\/#organization"},"potentialAction":[{"@type":"SearchAction","target":{"@type":"EntryPoint","urlTemplate":"https:\/\/pepsyna.eu\/?s={search_term_string}"},"query-input":"required name=search_term_string"}],"inLanguage":"pl-PL"},{"@type":"ImageObject","@id":"https:\/\/pepsyna.eu\/index.php\/home-2\/odczynniki-chemiczne-oraz-srodki-do-mycia-i-dezynfekcji-znakowanie-miesa\/#primaryimage","inLanguage":"pl-PL","url":"https:\/\/pepsyna.eu\/wp-content\/uploads\/2021\/03\/odczynniki.jpg","contentUrl":"https:\/\/pepsyna.eu\/wp-content\/uploads\/2021\/03\/odczynniki.jpg","width":230,"height":255},{"@type":"WebPage","@id":"https:\/\/pepsyna.eu\/index.php\/home-2\/odczynniki-chemiczne-oraz-srodki-do-mycia-i-dezynfekcji-znakowanie-miesa\/#webpage","url":"https:\/\/pepsyna.eu\/index.php\/home-2\/odczynniki-chemiczne-oraz-srodki-do-mycia-i-dezynfekcji-znakowanie-miesa\/","name":"ODCZYNNIKI CHEMICZNE ORAZ \u015aRODKI DO MYCIA I DEZYNFEKCJI -","isPartOf":{"@id":"https:\/\/pepsyna.eu\/#website"},"primaryImageOfPage":{"@id":"https:\/\/pepsyna.eu\/index.php\/home-2\/odczynniki-chemiczne-oraz-srodki-do-mycia-i-dezynfekcji-znakowanie-miesa\/#primaryimage"},"datePublished":"2021-03-15T15:06:42+00:00","dateModified":"2021-03-19T14:02:36+00:00","breadcrumb":{"@id":"https:\/\/pepsyna.eu\/index.php\/home-2\/odczynniki-chemiczne-oraz-srodki-do-mycia-i-dezynfekcji-znakowanie-miesa\/#breadcrumb"},"inLanguage":"pl-PL","potentialAction":[{"@type":"ReadAction","target":["https:\/\/pepsyna.eu\/index.php\/home-2\/odczynniki-chemiczne-oraz-srodki-do-mycia-i-dezynfekcji-znakowanie-miesa\/"]}]},{"@type":"BreadcrumbList","@id":"https:\/\/pepsyna.eu\/index.php\/home-2\/odczynniki-chemiczne-oraz-srodki-do-mycia-i-dezynfekcji-znakowanie-miesa\/#breadcrumb","itemListElement":[{"@type":"ListItem","position":1,"name":"Strona g\u0142\u00f3wna","item":"https:\/\/pepsyna.eu\/"},{"@type":"ListItem","position":2,"name":"EPI 2 OFERTA","item":"https:\/\/pepsyna.eu\/"},{"@type":"ListItem","position":3,"name":"ODCZYNNIKI CHEMICZNE ORAZ \u015aRODKI DO MYCIA I DEZYNFEKCJI"}]}]}},"_links":{"self":[{"href":"https:\/\/pepsyna.eu\/index.php\/wp-json\/wp\/v2\/pages\/97"}],"collection":[{"href":"https:\/\/pepsyna.eu\/index.php\/wp-json\/wp\/v2\/pages"}],"about":[{"href":"https:\/\/pepsyna.eu\/index.php\/wp-json\/wp\/v2\/types\/page"}],"author":[{"embeddable":true,"href":"https:\/\/pepsyna.eu\/index.php\/wp-json\/wp\/v2\/users\/1"}],"replies":[{"embeddable":true,"href":"https:\/\/pepsyna.eu\/index.php\/wp-json\/wp\/v2\/comments?post=97"}],"version-history":[{"count":23,"href":"https:\/\/pepsyna.eu\/index.php\/wp-json\/wp\/v2\/pages\/97\/revisions"}],"predecessor-version":[{"id":709,"href":"https:\/\/pepsyna.eu\/index.php\/wp-json\/wp\/v2\/pages\/97\/revisions\/709"}],"up":[{"embeddable":true,"href":"https:\/\/pepsyna.eu\/index.php\/wp-json\/wp\/v2\/pages\/274"}],"wp:attachment":[{"href":"https:\/\/pepsyna.eu\/index.php\/wp-json\/wp\/v2\/media?parent=97"}],"curies":[{"name":"wp","href":"https:\/\/api.w.org\/{rel}","templated":true}]}}