{"id":545,"date":"2021-03-17T19:50:33","date_gmt":"2021-03-17T19:50:33","guid":{"rendered":"https:\/\/pepsyna.eu\/?page_id=545"},"modified":"2022-08-29T12:34:04","modified_gmt":"2022-08-29T12:34:04","slug":"rozdzielacze","status":"publish","type":"page","link":"https:\/\/pepsyna.eu\/index.php\/home-2\/szklo-laboratoryjne\/rozdzielacze\/","title":{"rendered":"ROZDZIELACZE"},"content":{"rendered":"\t\t<div data-elementor-type=\"wp-page\" data-elementor-id=\"545\" class=\"elementor elementor-545\" data-elementor-settings=\"[]\">\n\t\t\t\t\t\t<div class=\"elementor-inner\">\n\t\t\t\t\t\t\t<div class=\"elementor-section-wrap\">\n\t\t\t\t\t\t\t<section class=\"elementor-section elementor-top-section elementor-element elementor-element-66d68870 elementor-section-boxed elementor-section-height-default elementor-section-height-default\" data-id=\"66d68870\" data-element_type=\"section\">\n\t\t\t\t\t\t<div class=\"elementor-container elementor-column-gap-default\">\n\t\t\t\t\t\t\t<div class=\"elementor-row\">\n\t\t\t\t\t<div class=\"elementor-column elementor-col-100 elementor-top-column elementor-element elementor-element-1dc44cb4\" data-id=\"1dc44cb4\" data-element_type=\"column\">\n\t\t\t<div class=\"elementor-column-wrap elementor-element-populated\">\n\t\t\t\t\t\t\t<div class=\"elementor-widget-wrap\">\n\t\t\t\t\t\t<div class=\"elementor-element elementor-element-3a81d28d elementor-widget elementor-widget-text-editor\" data-id=\"3a81d28d\" data-element_type=\"widget\" data-widget_type=\"text-editor.default\">\n\t\t\t\t<div class=\"elementor-widget-container\">\n\t\t\t\t\t\t\t\t<div class=\"elementor-text-editor elementor-clearfix\">\n\t\t\t\t<p><img loading=\"lazy\" class=\"aligncenter wp-image-927 size-full\" src=\"https:\/\/pepsyna.eu\/wp-content\/uploads\/2021\/04\/rozdzielacze.jpg\" alt=\"\" width=\"208\" height=\"259\" \/><strong>1.ROZDZIELACZ SZKLANY STO\u017bKOWY SQUIBB, Z KORKIEM\u00a0 \u00a0PLASTIKOWYM, KRANEM TEFLONOWYM (PTFE), SZLIF 29\/32\u00a0 ORAZ ZAWOREM ODCINAJ\u0104CYM, POJEMNO\u015a\u0106 2000 ml\u00a0<\/strong><\/p><ul><li>Producenci:<\/li><li>SIMAX<\/li><li><p>GLASSCO<\/p><\/li><\/ul><div><p>2<strong>.ROZDZIELACZ SZKLANY STO\u017bKOWY SQUIBB, SZLIF 29\/32, POJEMNO\u015a\u0106 2500 ml <\/strong>\u00a0 (pojemno\u015b\u0107 ca\u0142kowita 3000 ml), z korkiem PE , kran z korkiem teflonowym (PTFE), (przelot 6 mm)<\/p><\/div>\t\t\t\t\t<\/div>\n\t\t\t\t\t\t<\/div>\n\t\t\t\t<\/div>\n\t\t\t\t\t\t<\/div>\n\t\t\t\t\t<\/div>\n\t\t<\/div>\n\t\t\t\t\t\t\t\t<\/div>\n\t\t\t\t\t<\/div>\n\t\t<\/section>\n\t\t\t\t\t\t<\/div>\n\t\t\t\t\t\t<\/div>\n\t\t\t\t\t<\/div>\n\t\t","protected":false},"excerpt":{"rendered":"<p>1.ROZDZIELACZ SZKLANY STO\u017bKOWY SQUIBB, Z KORKIEM\u00a0 \u00a0PLASTIKOWYM, KRANEM TEFLONOWYM (PTFE), SZLIF 29\/32\u00a0 ORAZ ZAWOREM ODCINAJ\u0104CYM, POJEMNO\u015a\u0106 2000 ml\u00a0 Producenci: SIMAX GLASSCO 2.ROZDZIELACZ SZKLANY STO\u017bKOWY SQUIBB, SZLIF 29\/32, POJEMNO\u015a\u0106 2500 ml \u00a0 (pojemno\u015b\u0107 ca\u0142kowita 3000 ml), z korkiem PE , kran z korkiem teflonowym (PTFE), (przelot 6 mm)<\/p>\n","protected":false},"author":1,"featured_media":0,"parent":104,"menu_order":1,"comment_status":"closed","ping_status":"closed","template":"","meta":[],"yoast_head":"<!-- This site is optimized with the Yoast SEO plugin v17.6 - https:\/\/yoast.com\/wordpress\/plugins\/seo\/ -->\n<title>ROZDZIELACZE -<\/title>\n<meta name=\"robots\" content=\"index, follow, max-snippet:-1, max-image-preview:large, max-video-preview:-1\" \/>\n<link rel=\"canonical\" href=\"https:\/\/pepsyna.eu\/index.php\/home-2\/szklo-laboratoryjne\/rozdzielacze\/\" \/>\n<meta property=\"og:locale\" content=\"pl_PL\" \/>\n<meta property=\"og:type\" content=\"article\" \/>\n<meta property=\"og:title\" content=\"ROZDZIELACZE -\" \/>\n<meta property=\"og:description\" content=\"1.ROZDZIELACZ SZKLANY STO\u017bKOWY SQUIBB, Z KORKIEM\u00a0 \u00a0PLASTIKOWYM, KRANEM TEFLONOWYM (PTFE), SZLIF 29\/32\u00a0 ORAZ ZAWOREM ODCINAJ\u0104CYM, POJEMNO\u015a\u0106 2000 ml\u00a0 Producenci: SIMAX GLASSCO 2.ROZDZIELACZ SZKLANY STO\u017bKOWY SQUIBB, SZLIF 29\/32, POJEMNO\u015a\u0106 2500 ml \u00a0 (pojemno\u015b\u0107 ca\u0142kowita 3000 ml), z korkiem PE , kran z korkiem teflonowym (PTFE), (przelot 6 mm)\" \/>\n<meta property=\"og:url\" content=\"https:\/\/pepsyna.eu\/index.php\/home-2\/szklo-laboratoryjne\/rozdzielacze\/\" \/>\n<meta property=\"article:modified_time\" content=\"2022-08-29T12:34:04+00:00\" \/>\n<meta property=\"og:image\" content=\"https:\/\/pepsyna.eu\/wp-content\/uploads\/2021\/04\/rozdzielacze.jpg\" \/>\n<meta name=\"twitter:card\" content=\"summary_large_image\" \/>\n<meta name=\"twitter:label1\" content=\"Szacowany czas czytania\" \/>\n\t<meta name=\"twitter:data1\" content=\"1 minuta\" \/>\n<script type=\"application\/ld+json\" class=\"yoast-schema-graph\">{\"@context\":\"https:\/\/schema.org\",\"@graph\":[{\"@type\":\"Organization\",\"@id\":\"https:\/\/pepsyna.eu\/#organization\",\"name\":\"EPI 2\",\"url\":\"https:\/\/pepsyna.eu\/\",\"sameAs\":[],\"logo\":{\"@type\":\"ImageObject\",\"@id\":\"https:\/\/pepsyna.eu\/#logo\",\"inLanguage\":\"pl-PL\",\"url\":\"https:\/\/pepsyna.eu\/wp-content\/uploads\/2021\/03\/cropped-LOGO-EPI2-1.jpg\",\"contentUrl\":\"https:\/\/pepsyna.eu\/wp-content\/uploads\/2021\/03\/cropped-LOGO-EPI2-1.jpg\",\"width\":403,\"height\":85,\"caption\":\"EPI 2\"},\"image\":{\"@id\":\"https:\/\/pepsyna.eu\/#logo\"}},{\"@type\":\"WebSite\",\"@id\":\"https:\/\/pepsyna.eu\/#website\",\"url\":\"https:\/\/pepsyna.eu\/\",\"name\":\"WYSPOSA\\u017bENIE LABORATORYJNE\",\"description\":\"\",\"publisher\":{\"@id\":\"https:\/\/pepsyna.eu\/#organization\"},\"potentialAction\":[{\"@type\":\"SearchAction\",\"target\":{\"@type\":\"EntryPoint\",\"urlTemplate\":\"https:\/\/pepsyna.eu\/?s={search_term_string}\"},\"query-input\":\"required name=search_term_string\"}],\"inLanguage\":\"pl-PL\"},{\"@type\":\"ImageObject\",\"@id\":\"https:\/\/pepsyna.eu\/index.php\/home-2\/szklo-laboratoryjne\/rozdzielacze\/#primaryimage\",\"inLanguage\":\"pl-PL\",\"url\":\"https:\/\/pepsyna.eu\/wp-content\/uploads\/2021\/04\/rozdzielacze.jpg\",\"contentUrl\":\"https:\/\/pepsyna.eu\/wp-content\/uploads\/2021\/04\/rozdzielacze.jpg\",\"width\":208,\"height\":259},{\"@type\":\"WebPage\",\"@id\":\"https:\/\/pepsyna.eu\/index.php\/home-2\/szklo-laboratoryjne\/rozdzielacze\/#webpage\",\"url\":\"https:\/\/pepsyna.eu\/index.php\/home-2\/szklo-laboratoryjne\/rozdzielacze\/\",\"name\":\"ROZDZIELACZE -\",\"isPartOf\":{\"@id\":\"https:\/\/pepsyna.eu\/#website\"},\"primaryImageOfPage\":{\"@id\":\"https:\/\/pepsyna.eu\/index.php\/home-2\/szklo-laboratoryjne\/rozdzielacze\/#primaryimage\"},\"datePublished\":\"2021-03-17T19:50:33+00:00\",\"dateModified\":\"2022-08-29T12:34:04+00:00\",\"breadcrumb\":{\"@id\":\"https:\/\/pepsyna.eu\/index.php\/home-2\/szklo-laboratoryjne\/rozdzielacze\/#breadcrumb\"},\"inLanguage\":\"pl-PL\",\"potentialAction\":[{\"@type\":\"ReadAction\",\"target\":[\"https:\/\/pepsyna.eu\/index.php\/home-2\/szklo-laboratoryjne\/rozdzielacze\/\"]}]},{\"@type\":\"BreadcrumbList\",\"@id\":\"https:\/\/pepsyna.eu\/index.php\/home-2\/szklo-laboratoryjne\/rozdzielacze\/#breadcrumb\",\"itemListElement\":[{\"@type\":\"ListItem\",\"position\":1,\"name\":\"Strona g\\u0142\\u00f3wna\",\"item\":\"https:\/\/pepsyna.eu\/\"},{\"@type\":\"ListItem\",\"position\":2,\"name\":\"EPI 2 OFERTA\",\"item\":\"https:\/\/pepsyna.eu\/\"},{\"@type\":\"ListItem\",\"position\":3,\"name\":\"SZK\\u0141O LABORATORYJNE\",\"item\":\"https:\/\/pepsyna.eu\/index.php\/home-2\/szklo-laboratoryjne\/\"},{\"@type\":\"ListItem\",\"position\":4,\"name\":\"ROZDZIELACZE\"}]}]}<\/script>\n<!-- \/ Yoast SEO plugin. -->","yoast_head_json":{"title":"ROZDZIELACZE -","robots":{"index":"index","follow":"follow","max-snippet":"max-snippet:-1","max-image-preview":"max-image-preview:large","max-video-preview":"max-video-preview:-1"},"canonical":"https:\/\/pepsyna.eu\/index.php\/home-2\/szklo-laboratoryjne\/rozdzielacze\/","og_locale":"pl_PL","og_type":"article","og_title":"ROZDZIELACZE -","og_description":"1.ROZDZIELACZ SZKLANY STO\u017bKOWY SQUIBB, Z KORKIEM\u00a0 \u00a0PLASTIKOWYM, KRANEM TEFLONOWYM (PTFE), SZLIF 29\/32\u00a0 ORAZ ZAWOREM ODCINAJ\u0104CYM, POJEMNO\u015a\u0106 2000 ml\u00a0 Producenci: SIMAX GLASSCO 2.ROZDZIELACZ SZKLANY STO\u017bKOWY SQUIBB, SZLIF 29\/32, POJEMNO\u015a\u0106 2500 ml \u00a0 (pojemno\u015b\u0107 ca\u0142kowita 3000 ml), z korkiem PE , kran z korkiem teflonowym (PTFE), (przelot 6 mm)","og_url":"https:\/\/pepsyna.eu\/index.php\/home-2\/szklo-laboratoryjne\/rozdzielacze\/","article_modified_time":"2022-08-29T12:34:04+00:00","og_image":[{"url":"https:\/\/pepsyna.eu\/wp-content\/uploads\/2021\/04\/rozdzielacze.jpg"}],"twitter_card":"summary_large_image","twitter_misc":{"Szacowany czas czytania":"1 minuta"},"schema":{"@context":"https:\/\/schema.org","@graph":[{"@type":"Organization","@id":"https:\/\/pepsyna.eu\/#organization","name":"EPI 2","url":"https:\/\/pepsyna.eu\/","sameAs":[],"logo":{"@type":"ImageObject","@id":"https:\/\/pepsyna.eu\/#logo","inLanguage":"pl-PL","url":"https:\/\/pepsyna.eu\/wp-content\/uploads\/2021\/03\/cropped-LOGO-EPI2-1.jpg","contentUrl":"https:\/\/pepsyna.eu\/wp-content\/uploads\/2021\/03\/cropped-LOGO-EPI2-1.jpg","width":403,"height":85,"caption":"EPI 2"},"image":{"@id":"https:\/\/pepsyna.eu\/#logo"}},{"@type":"WebSite","@id":"https:\/\/pepsyna.eu\/#website","url":"https:\/\/pepsyna.eu\/","name":"WYSPOSA\u017bENIE LABORATORYJNE","description":"","publisher":{"@id":"https:\/\/pepsyna.eu\/#organization"},"potentialAction":[{"@type":"SearchAction","target":{"@type":"EntryPoint","urlTemplate":"https:\/\/pepsyna.eu\/?s={search_term_string}"},"query-input":"required name=search_term_string"}],"inLanguage":"pl-PL"},{"@type":"ImageObject","@id":"https:\/\/pepsyna.eu\/index.php\/home-2\/szklo-laboratoryjne\/rozdzielacze\/#primaryimage","inLanguage":"pl-PL","url":"https:\/\/pepsyna.eu\/wp-content\/uploads\/2021\/04\/rozdzielacze.jpg","contentUrl":"https:\/\/pepsyna.eu\/wp-content\/uploads\/2021\/04\/rozdzielacze.jpg","width":208,"height":259},{"@type":"WebPage","@id":"https:\/\/pepsyna.eu\/index.php\/home-2\/szklo-laboratoryjne\/rozdzielacze\/#webpage","url":"https:\/\/pepsyna.eu\/index.php\/home-2\/szklo-laboratoryjne\/rozdzielacze\/","name":"ROZDZIELACZE -","isPartOf":{"@id":"https:\/\/pepsyna.eu\/#website"},"primaryImageOfPage":{"@id":"https:\/\/pepsyna.eu\/index.php\/home-2\/szklo-laboratoryjne\/rozdzielacze\/#primaryimage"},"datePublished":"2021-03-17T19:50:33+00:00","dateModified":"2022-08-29T12:34:04+00:00","breadcrumb":{"@id":"https:\/\/pepsyna.eu\/index.php\/home-2\/szklo-laboratoryjne\/rozdzielacze\/#breadcrumb"},"inLanguage":"pl-PL","potentialAction":[{"@type":"ReadAction","target":["https:\/\/pepsyna.eu\/index.php\/home-2\/szklo-laboratoryjne\/rozdzielacze\/"]}]},{"@type":"BreadcrumbList","@id":"https:\/\/pepsyna.eu\/index.php\/home-2\/szklo-laboratoryjne\/rozdzielacze\/#breadcrumb","itemListElement":[{"@type":"ListItem","position":1,"name":"Strona g\u0142\u00f3wna","item":"https:\/\/pepsyna.eu\/"},{"@type":"ListItem","position":2,"name":"EPI 2 OFERTA","item":"https:\/\/pepsyna.eu\/"},{"@type":"ListItem","position":3,"name":"SZK\u0141O LABORATORYJNE","item":"https:\/\/pepsyna.eu\/index.php\/home-2\/szklo-laboratoryjne\/"},{"@type":"ListItem","position":4,"name":"ROZDZIELACZE"}]}]}},"_links":{"self":[{"href":"https:\/\/pepsyna.eu\/index.php\/wp-json\/wp\/v2\/pages\/545"}],"collection":[{"href":"https:\/\/pepsyna.eu\/index.php\/wp-json\/wp\/v2\/pages"}],"about":[{"href":"https:\/\/pepsyna.eu\/index.php\/wp-json\/wp\/v2\/types\/page"}],"author":[{"embeddable":true,"href":"https:\/\/pepsyna.eu\/index.php\/wp-json\/wp\/v2\/users\/1"}],"replies":[{"embeddable":true,"href":"https:\/\/pepsyna.eu\/index.php\/wp-json\/wp\/v2\/comments?post=545"}],"version-history":[{"count":7,"href":"https:\/\/pepsyna.eu\/index.php\/wp-json\/wp\/v2\/pages\/545\/revisions"}],"predecessor-version":[{"id":1098,"href":"https:\/\/pepsyna.eu\/index.php\/wp-json\/wp\/v2\/pages\/545\/revisions\/1098"}],"up":[{"embeddable":true,"href":"https:\/\/pepsyna.eu\/index.php\/wp-json\/wp\/v2\/pages\/104"}],"wp:attachment":[{"href":"https:\/\/pepsyna.eu\/index.php\/wp-json\/wp\/v2\/media?parent=545"}],"curies":[{"name":"wp","href":"https:\/\/api.w.org\/{rel}","templated":true}]}}