{"id":236,"date":"2021-03-15T18:56:45","date_gmt":"2021-03-15T18:56:45","guid":{"rendered":"http:\/\/pepsyna.eu\/?page_id=236"},"modified":"2022-08-29T10:47:10","modified_gmt":"2022-08-29T10:47:10","slug":"termohigrometry","status":"publish","type":"page","link":"https:\/\/pepsyna.eu\/index.php\/home-2\/sprzet-laboratoryjny-2\/termohigrometry\/","title":{"rendered":"TERMOHIGROMETRY"},"content":{"rendered":"\t\t<div data-elementor-type=\"wp-page\" data-elementor-id=\"236\" class=\"elementor elementor-236\" data-elementor-settings=\"[]\">\n\t\t\t\t\t\t<div class=\"elementor-inner\">\n\t\t\t\t\t\t\t<div class=\"elementor-section-wrap\">\n\t\t\t\t\t\t\t<section class=\"elementor-section elementor-top-section elementor-element elementor-element-508e5228 elementor-section-boxed elementor-section-height-default elementor-section-height-default\" data-id=\"508e5228\" data-element_type=\"section\">\n\t\t\t\t\t\t<div class=\"elementor-container elementor-column-gap-default\">\n\t\t\t\t\t\t\t<div class=\"elementor-row\">\n\t\t\t\t\t<div class=\"elementor-column elementor-col-100 elementor-top-column elementor-element elementor-element-65b67f9a\" data-id=\"65b67f9a\" data-element_type=\"column\">\n\t\t\t<div class=\"elementor-column-wrap elementor-element-populated\">\n\t\t\t\t\t\t\t<div class=\"elementor-widget-wrap\">\n\t\t\t\t\t\t<div class=\"elementor-element elementor-element-34102ef3 elementor-widget elementor-widget-text-editor\" data-id=\"34102ef3\" data-element_type=\"widget\" data-widget_type=\"text-editor.default\">\n\t\t\t\t<div class=\"elementor-widget-container\">\n\t\t\t\t\t\t\t\t<div class=\"elementor-text-editor elementor-clearfix\">\n\t\t\t\t<p><!-- wp:paragraph --><\/p>\n<ul>\n<li><a href=\"https:\/\/pepsyna.eu\"><img loading=\"lazy\" class=\"size-medium wp-image-1075 aligncenter\" src=\"https:\/\/pepsyna.eu\/wp-content\/uploads\/2022\/08\/Termohigrometr-1-161x300.jpg\" alt=\"\" width=\"161\" height=\"300\" srcset=\"https:\/\/pepsyna.eu\/wp-content\/uploads\/2022\/08\/Termohigrometr-1-161x300.jpg 161w, https:\/\/pepsyna.eu\/wp-content\/uploads\/2022\/08\/Termohigrometr-1.jpg 260w\" sizes=\"(max-width: 161px) 100vw, 161px\" \/><\/a>\n<p><strong>TERMIKPLUS<\/strong> -miernik temperatury i wilgotno\u015bci, przeznaczony jest do pomiaru temperatury i wilgotno\u015bci w pomieszczeniach takich jak magazyny, ch\u0142odnie, lod\u00f3wki itp.<\/p>\n<p>\u00a0<\/p>\n<p>Wykonany jest w specjalnej obudowie przemys\u0142owej z tworzywa ABS o du\u017cej wytrzyma\u0142o\u015bci mechanicznej. W konstrukcji urz\u0105dzenia zastosowano specjalne uszczelnienia, dzi\u0119ki czemu odporny jest na kurz, brud i wod\u0119.<\/p>\n<p>Dane Techniczne:<\/p>\n<table>\n<tbody>\n<tr>\n<td>\n<p>zakres mierzonych temperatur<\/p>\n<\/td>\n<td>\n<p>-30\u00b0C do 70\u00b0C<\/p>\n<\/td>\n<\/tr>\n<tr>\n<td>\n<p>zakres mierzonych temperatur<\/p>\n<\/td>\n<td>\n<p>-30\u00b0C do 70\u00b0C<\/p>\n<\/td>\n<\/tr>\n<tr>\n<td>\n<p>rozdzielczo\u015b\u0107<\/p>\n<\/td>\n<td>\n<p>w ca\u0142ym zakresie pomiarowym 0,1<\/p>\n<\/td>\n<\/tr>\n<tr>\n<td>\n<p>dok\u0142adno\u015b\u0107 \u00b0C<\/p>\n<\/td>\n<td>\n<p>-\/+0,5\u00b0C lub lepsza w zakresie pomiarowym -20\u00b0C do 40\u00b0C <br \/>-\/+1\u00b0C w pozosta\u0142ym zakresie pomiarowym<\/p>\n<\/td>\n<\/tr>\n<tr>\n<td>\n<p>dok\u0142adno\u015b\u0107 RH<\/p>\n<\/td>\n<td>\n<p>&#8211; dla czujnika SHT11<br \/>dok\u0142adno\u015b\u0107 pomiaru wilgotno\u015bci:<br \/>-\/+ 2%RH w zakresie 40% &#8211; 60%<br \/>-\/+ 3%RH w zakresie 20% &#8211; 40% i 60% &#8211; 80%<br \/>-\/+ 4%RH w zakresie 0% &#8211; 20% i 80% &#8211; 100%<\/p>\n<p>&#8211; dla czujnika SHT15<br \/>dok\u0142adno\u015b\u0107 pomiaru wilgotno\u015bci wynosi 2% dla ca\u0142ego zakresu 0 &#8211; 100%RH<\/p>\n<\/td>\n<\/tr>\n<tr>\n<td>\n<p>czas pracy baterii<\/p>\n<\/td>\n<td>\n<p>5 lat pracy ci\u0105g\u0142ej w temp. 20\u00b0C <br \/>1-2 lata pracy ci\u0105glej w temp. 0\u00b0C<\/p>\n<\/td>\n<\/tr>\n<tr>\n<td>\n<p>zasilanie<\/p>\n<\/td>\n<td>\n<p>bateria 1\/2xAA 3,6V<\/p>\n<\/td>\n<\/tr>\n<tr>\n<td>\n<p>wy\u015bwietlacz<\/p>\n<\/td>\n<td>\n<p>LCD<\/p>\n<\/td>\n<\/tr>\n<tr>\n<td>\n<p>wymiary obudowy<\/p>\n<\/td>\n<td>\n<p>45x100x19 mm<\/p>\n<\/td>\n<\/tr>\n<tr>\n<td>\n<p>stopie\u0144 ochrony obudowy<\/p>\n<\/td>\n<td>\n<p>IP65<\/p>\n<\/td>\n<\/tr>\n<tr>\n<td>\n<p>waga<\/p>\n<\/td>\n<td>\n<p>85g<\/p>\n<\/td>\n<\/tr>\n<\/tbody>\n<\/table>\n<p><strong>\u00a0<\/strong><strong>\u00a0<\/strong><\/p>\n<p><strong>Na \u017cyczenie wykonujemy wzorcowanie dla wybranych punkt\u00f3w przez Klienta<\/strong><\/p>\n<p><br \/><br \/><\/p>\n<\/li>\n<\/ul>\n<p><!-- \/wp:paragraph --><\/p>\t\t\t\t\t<\/div>\n\t\t\t\t\t\t<\/div>\n\t\t\t\t<\/div>\n\t\t\t\t\t\t<\/div>\n\t\t\t\t\t<\/div>\n\t\t<\/div>\n\t\t\t\t\t\t\t\t<\/div>\n\t\t\t\t\t<\/div>\n\t\t<\/section>\n\t\t\t\t\t\t<\/div>\n\t\t\t\t\t\t<\/div>\n\t\t\t\t\t<\/div>\n\t\t","protected":false},"excerpt":{"rendered":"<p>TERMIKPLUS -miernik temperatury i wilgotno\u015bci, przeznaczony jest do pomiaru temperatury i wilgotno\u015bci w pomieszczeniach takich jak magazyny, ch\u0142odnie, lod\u00f3wki itp. \u00a0 Wykonany jest w specjalnej obudowie przemys\u0142owej z tworzywa ABS o du\u017cej wytrzyma\u0142o\u015bci mechanicznej. W konstrukcji urz\u0105dzenia zastosowano specjalne uszczelnienia, dzi\u0119ki czemu odporny jest na kurz, brud i wod\u0119. Dane Techniczne: zakres mierzonych temperatur -30\u00b0C&hellip;<\/p>\n","protected":false},"author":1,"featured_media":0,"parent":197,"menu_order":18,"comment_status":"closed","ping_status":"closed","template":"","meta":[],"yoast_head":"<!-- This site is optimized with the Yoast SEO plugin v17.6 - https:\/\/yoast.com\/wordpress\/plugins\/seo\/ -->\n<title>TERMOHIGROMETRY -<\/title>\n<meta name=\"robots\" content=\"index, follow, max-snippet:-1, max-image-preview:large, max-video-preview:-1\" \/>\n<link rel=\"canonical\" href=\"https:\/\/pepsyna.eu\/index.php\/home-2\/sprzet-laboratoryjny-2\/termohigrometry\/\" \/>\n<meta property=\"og:locale\" content=\"pl_PL\" \/>\n<meta property=\"og:type\" content=\"article\" \/>\n<meta property=\"og:title\" content=\"TERMOHIGROMETRY -\" \/>\n<meta property=\"og:description\" content=\"TERMIKPLUS -miernik temperatury i wilgotno\u015bci, przeznaczony jest do pomiaru temperatury i wilgotno\u015bci w pomieszczeniach takich jak magazyny, ch\u0142odnie, lod\u00f3wki itp. \u00a0 Wykonany jest w specjalnej obudowie przemys\u0142owej z tworzywa ABS o du\u017cej wytrzyma\u0142o\u015bci mechanicznej. W konstrukcji urz\u0105dzenia zastosowano specjalne uszczelnienia, dzi\u0119ki czemu odporny jest na kurz, brud i wod\u0119. Dane Techniczne: zakres mierzonych temperatur -30\u00b0C&hellip;\" \/>\n<meta property=\"og:url\" content=\"https:\/\/pepsyna.eu\/index.php\/home-2\/sprzet-laboratoryjny-2\/termohigrometry\/\" \/>\n<meta property=\"article:modified_time\" content=\"2022-08-29T10:47:10+00:00\" \/>\n<meta property=\"og:image\" content=\"https:\/\/pepsyna.eu\/wp-content\/uploads\/2022\/08\/Termohigrometr-1-161x300.jpg\" \/>\n<meta name=\"twitter:card\" content=\"summary_large_image\" \/>\n<meta name=\"twitter:label1\" content=\"Szacowany czas czytania\" \/>\n\t<meta name=\"twitter:data1\" content=\"1 minuta\" \/>\n<script type=\"application\/ld+json\" class=\"yoast-schema-graph\">{\"@context\":\"https:\/\/schema.org\",\"@graph\":[{\"@type\":\"Organization\",\"@id\":\"https:\/\/pepsyna.eu\/#organization\",\"name\":\"EPI 2\",\"url\":\"https:\/\/pepsyna.eu\/\",\"sameAs\":[],\"logo\":{\"@type\":\"ImageObject\",\"@id\":\"https:\/\/pepsyna.eu\/#logo\",\"inLanguage\":\"pl-PL\",\"url\":\"https:\/\/pepsyna.eu\/wp-content\/uploads\/2021\/03\/cropped-LOGO-EPI2-1.jpg\",\"contentUrl\":\"https:\/\/pepsyna.eu\/wp-content\/uploads\/2021\/03\/cropped-LOGO-EPI2-1.jpg\",\"width\":403,\"height\":85,\"caption\":\"EPI 2\"},\"image\":{\"@id\":\"https:\/\/pepsyna.eu\/#logo\"}},{\"@type\":\"WebSite\",\"@id\":\"https:\/\/pepsyna.eu\/#website\",\"url\":\"https:\/\/pepsyna.eu\/\",\"name\":\"WYSPOSA\\u017bENIE LABORATORYJNE\",\"description\":\"\",\"publisher\":{\"@id\":\"https:\/\/pepsyna.eu\/#organization\"},\"potentialAction\":[{\"@type\":\"SearchAction\",\"target\":{\"@type\":\"EntryPoint\",\"urlTemplate\":\"https:\/\/pepsyna.eu\/?s={search_term_string}\"},\"query-input\":\"required name=search_term_string\"}],\"inLanguage\":\"pl-PL\"},{\"@type\":\"ImageObject\",\"@id\":\"https:\/\/pepsyna.eu\/index.php\/home-2\/sprzet-laboratoryjny-2\/termohigrometry\/#primaryimage\",\"inLanguage\":\"pl-PL\",\"url\":\"https:\/\/pepsyna.eu\/wp-content\/uploads\/2022\/08\/Termohigrometr-1.jpg\",\"contentUrl\":\"https:\/\/pepsyna.eu\/wp-content\/uploads\/2022\/08\/Termohigrometr-1.jpg\",\"width\":260,\"height\":483},{\"@type\":\"WebPage\",\"@id\":\"https:\/\/pepsyna.eu\/index.php\/home-2\/sprzet-laboratoryjny-2\/termohigrometry\/#webpage\",\"url\":\"https:\/\/pepsyna.eu\/index.php\/home-2\/sprzet-laboratoryjny-2\/termohigrometry\/\",\"name\":\"TERMOHIGROMETRY -\",\"isPartOf\":{\"@id\":\"https:\/\/pepsyna.eu\/#website\"},\"primaryImageOfPage\":{\"@id\":\"https:\/\/pepsyna.eu\/index.php\/home-2\/sprzet-laboratoryjny-2\/termohigrometry\/#primaryimage\"},\"datePublished\":\"2021-03-15T18:56:45+00:00\",\"dateModified\":\"2022-08-29T10:47:10+00:00\",\"breadcrumb\":{\"@id\":\"https:\/\/pepsyna.eu\/index.php\/home-2\/sprzet-laboratoryjny-2\/termohigrometry\/#breadcrumb\"},\"inLanguage\":\"pl-PL\",\"potentialAction\":[{\"@type\":\"ReadAction\",\"target\":[\"https:\/\/pepsyna.eu\/index.php\/home-2\/sprzet-laboratoryjny-2\/termohigrometry\/\"]}]},{\"@type\":\"BreadcrumbList\",\"@id\":\"https:\/\/pepsyna.eu\/index.php\/home-2\/sprzet-laboratoryjny-2\/termohigrometry\/#breadcrumb\",\"itemListElement\":[{\"@type\":\"ListItem\",\"position\":1,\"name\":\"Strona g\\u0142\\u00f3wna\",\"item\":\"https:\/\/pepsyna.eu\/\"},{\"@type\":\"ListItem\",\"position\":2,\"name\":\"EPI 2 OFERTA\",\"item\":\"https:\/\/pepsyna.eu\/\"},{\"@type\":\"ListItem\",\"position\":3,\"name\":\"SPRZ\\u0118T LABORATORYJNY\",\"item\":\"https:\/\/pepsyna.eu\/index.php\/home-2\/sprzet-laboratoryjny-2\/\"},{\"@type\":\"ListItem\",\"position\":4,\"name\":\"TERMOHIGROMETRY\"}]}]}<\/script>\n<!-- \/ Yoast SEO plugin. -->","yoast_head_json":{"title":"TERMOHIGROMETRY -","robots":{"index":"index","follow":"follow","max-snippet":"max-snippet:-1","max-image-preview":"max-image-preview:large","max-video-preview":"max-video-preview:-1"},"canonical":"https:\/\/pepsyna.eu\/index.php\/home-2\/sprzet-laboratoryjny-2\/termohigrometry\/","og_locale":"pl_PL","og_type":"article","og_title":"TERMOHIGROMETRY -","og_description":"TERMIKPLUS -miernik temperatury i wilgotno\u015bci, przeznaczony jest do pomiaru temperatury i wilgotno\u015bci w pomieszczeniach takich jak magazyny, ch\u0142odnie, lod\u00f3wki itp. \u00a0 Wykonany jest w specjalnej obudowie przemys\u0142owej z tworzywa ABS o du\u017cej wytrzyma\u0142o\u015bci mechanicznej. W konstrukcji urz\u0105dzenia zastosowano specjalne uszczelnienia, dzi\u0119ki czemu odporny jest na kurz, brud i wod\u0119. Dane Techniczne: zakres mierzonych temperatur -30\u00b0C&hellip;","og_url":"https:\/\/pepsyna.eu\/index.php\/home-2\/sprzet-laboratoryjny-2\/termohigrometry\/","article_modified_time":"2022-08-29T10:47:10+00:00","og_image":[{"url":"https:\/\/pepsyna.eu\/wp-content\/uploads\/2022\/08\/Termohigrometr-1-161x300.jpg"}],"twitter_card":"summary_large_image","twitter_misc":{"Szacowany czas czytania":"1 minuta"},"schema":{"@context":"https:\/\/schema.org","@graph":[{"@type":"Organization","@id":"https:\/\/pepsyna.eu\/#organization","name":"EPI 2","url":"https:\/\/pepsyna.eu\/","sameAs":[],"logo":{"@type":"ImageObject","@id":"https:\/\/pepsyna.eu\/#logo","inLanguage":"pl-PL","url":"https:\/\/pepsyna.eu\/wp-content\/uploads\/2021\/03\/cropped-LOGO-EPI2-1.jpg","contentUrl":"https:\/\/pepsyna.eu\/wp-content\/uploads\/2021\/03\/cropped-LOGO-EPI2-1.jpg","width":403,"height":85,"caption":"EPI 2"},"image":{"@id":"https:\/\/pepsyna.eu\/#logo"}},{"@type":"WebSite","@id":"https:\/\/pepsyna.eu\/#website","url":"https:\/\/pepsyna.eu\/","name":"WYSPOSA\u017bENIE LABORATORYJNE","description":"","publisher":{"@id":"https:\/\/pepsyna.eu\/#organization"},"potentialAction":[{"@type":"SearchAction","target":{"@type":"EntryPoint","urlTemplate":"https:\/\/pepsyna.eu\/?s={search_term_string}"},"query-input":"required name=search_term_string"}],"inLanguage":"pl-PL"},{"@type":"ImageObject","@id":"https:\/\/pepsyna.eu\/index.php\/home-2\/sprzet-laboratoryjny-2\/termohigrometry\/#primaryimage","inLanguage":"pl-PL","url":"https:\/\/pepsyna.eu\/wp-content\/uploads\/2022\/08\/Termohigrometr-1.jpg","contentUrl":"https:\/\/pepsyna.eu\/wp-content\/uploads\/2022\/08\/Termohigrometr-1.jpg","width":260,"height":483},{"@type":"WebPage","@id":"https:\/\/pepsyna.eu\/index.php\/home-2\/sprzet-laboratoryjny-2\/termohigrometry\/#webpage","url":"https:\/\/pepsyna.eu\/index.php\/home-2\/sprzet-laboratoryjny-2\/termohigrometry\/","name":"TERMOHIGROMETRY -","isPartOf":{"@id":"https:\/\/pepsyna.eu\/#website"},"primaryImageOfPage":{"@id":"https:\/\/pepsyna.eu\/index.php\/home-2\/sprzet-laboratoryjny-2\/termohigrometry\/#primaryimage"},"datePublished":"2021-03-15T18:56:45+00:00","dateModified":"2022-08-29T10:47:10+00:00","breadcrumb":{"@id":"https:\/\/pepsyna.eu\/index.php\/home-2\/sprzet-laboratoryjny-2\/termohigrometry\/#breadcrumb"},"inLanguage":"pl-PL","potentialAction":[{"@type":"ReadAction","target":["https:\/\/pepsyna.eu\/index.php\/home-2\/sprzet-laboratoryjny-2\/termohigrometry\/"]}]},{"@type":"BreadcrumbList","@id":"https:\/\/pepsyna.eu\/index.php\/home-2\/sprzet-laboratoryjny-2\/termohigrometry\/#breadcrumb","itemListElement":[{"@type":"ListItem","position":1,"name":"Strona g\u0142\u00f3wna","item":"https:\/\/pepsyna.eu\/"},{"@type":"ListItem","position":2,"name":"EPI 2 OFERTA","item":"https:\/\/pepsyna.eu\/"},{"@type":"ListItem","position":3,"name":"SPRZ\u0118T LABORATORYJNY","item":"https:\/\/pepsyna.eu\/index.php\/home-2\/sprzet-laboratoryjny-2\/"},{"@type":"ListItem","position":4,"name":"TERMOHIGROMETRY"}]}]}},"_links":{"self":[{"href":"https:\/\/pepsyna.eu\/index.php\/wp-json\/wp\/v2\/pages\/236"}],"collection":[{"href":"https:\/\/pepsyna.eu\/index.php\/wp-json\/wp\/v2\/pages"}],"about":[{"href":"https:\/\/pepsyna.eu\/index.php\/wp-json\/wp\/v2\/types\/page"}],"author":[{"embeddable":true,"href":"https:\/\/pepsyna.eu\/index.php\/wp-json\/wp\/v2\/users\/1"}],"replies":[{"embeddable":true,"href":"https:\/\/pepsyna.eu\/index.php\/wp-json\/wp\/v2\/comments?post=236"}],"version-history":[{"count":4,"href":"https:\/\/pepsyna.eu\/index.php\/wp-json\/wp\/v2\/pages\/236\/revisions"}],"predecessor-version":[{"id":1078,"href":"https:\/\/pepsyna.eu\/index.php\/wp-json\/wp\/v2\/pages\/236\/revisions\/1078"}],"up":[{"embeddable":true,"href":"https:\/\/pepsyna.eu\/index.php\/wp-json\/wp\/v2\/pages\/197"}],"wp:attachment":[{"href":"https:\/\/pepsyna.eu\/index.php\/wp-json\/wp\/v2\/media?parent=236"}],"curies":[{"name":"wp","href":"https:\/\/api.w.org\/{rel}","templated":true}]}}