{"id":208,"date":"2021-03-15T18:30:56","date_gmt":"2021-03-15T18:30:56","guid":{"rendered":"http:\/\/pepsyna.eu\/?page_id=208"},"modified":"2022-07-12T13:48:34","modified_gmt":"2022-07-12T13:48:34","slug":"kompresor-szklany","status":"publish","type":"page","link":"https:\/\/pepsyna.eu\/index.php\/home-2\/sprzet-laboratoryjny-2\/kompresor-szklany\/","title":{"rendered":"KOMPRESOR SZKLANY"},"content":{"rendered":"\t\t<div data-elementor-type=\"wp-page\" data-elementor-id=\"208\" class=\"elementor elementor-208\" data-elementor-settings=\"[]\">\n\t\t\t\t\t\t<div class=\"elementor-inner\">\n\t\t\t\t\t\t\t<div class=\"elementor-section-wrap\">\n\t\t\t\t\t\t\t<section class=\"elementor-section elementor-top-section elementor-element elementor-element-775cd1e9 elementor-section-boxed elementor-section-height-default elementor-section-height-default\" data-id=\"775cd1e9\" data-element_type=\"section\">\n\t\t\t\t\t\t<div class=\"elementor-container elementor-column-gap-default\">\n\t\t\t\t\t\t\t<div class=\"elementor-row\">\n\t\t\t\t\t<div class=\"elementor-column elementor-col-100 elementor-top-column elementor-element elementor-element-211d46a6\" data-id=\"211d46a6\" data-element_type=\"column\">\n\t\t\t<div class=\"elementor-column-wrap elementor-element-populated\">\n\t\t\t\t\t\t\t<div class=\"elementor-widget-wrap\">\n\t\t\t\t\t\t<div class=\"elementor-element elementor-element-6afa77cf elementor-widget elementor-widget-text-editor\" data-id=\"6afa77cf\" data-element_type=\"widget\" data-widget_type=\"text-editor.default\">\n\t\t\t\t<div class=\"elementor-widget-container\">\n\t\t\t\t\t\t\t\t<div class=\"elementor-text-editor elementor-clearfix\">\n\t\t\t\t<p>KOMPRESOR SZKLANY 28 P\u00d3L<\/p>\t\t\t\t\t<\/div>\n\t\t\t\t\t\t<\/div>\n\t\t\t\t<\/div>\n\t\t\t\t\t\t<\/div>\n\t\t\t\t\t<\/div>\n\t\t<\/div>\n\t\t\t\t\t\t\t\t<\/div>\n\t\t\t\t\t<\/div>\n\t\t<\/section>\n\t\t\t\t<section class=\"elementor-section elementor-top-section elementor-element elementor-element-de5acac elementor-section-boxed elementor-section-height-default elementor-section-height-default\" data-id=\"de5acac\" data-element_type=\"section\">\n\t\t\t\t\t\t<div class=\"elementor-container elementor-column-gap-default\">\n\t\t\t\t\t\t\t<div class=\"elementor-row\">\n\t\t\t\t\t<div class=\"elementor-column elementor-col-100 elementor-top-column elementor-element elementor-element-c479dd0\" data-id=\"c479dd0\" data-element_type=\"column\">\n\t\t\t<div class=\"elementor-column-wrap elementor-element-populated\">\n\t\t\t\t\t\t\t<div class=\"elementor-widget-wrap\">\n\t\t\t\t\t\t<div class=\"elementor-element elementor-element-d9fa738 elementor-widget elementor-widget-text-editor\" data-id=\"d9fa738\" data-element_type=\"widget\" data-widget_type=\"text-editor.default\">\n\t\t\t\t<div class=\"elementor-widget-container\">\n\t\t\t\t\t\t\t\t<div class=\"elementor-text-editor elementor-clearfix\">\n\t\t\t\t<p><img loading=\"lazy\" class=\"alignnone size-medium wp-image-989\" src=\"https:\/\/pepsyna.eu\/wp-content\/uploads\/2022\/07\/Kompresor-300x135.jpg\" alt=\"Kompresor szklany 28 p\u00f3l\" width=\"300\" height=\"135\" srcset=\"https:\/\/pepsyna.eu\/wp-content\/uploads\/2022\/07\/Kompresor-300x135.jpg 300w, https:\/\/pepsyna.eu\/wp-content\/uploads\/2022\/07\/Kompresor.jpg 378w\" sizes=\"(max-width: 300px) 100vw, 300px\" \/><\/p>\n<ul>\n<li>Kompresor szklany do badania mi\u0119sa w kierunku w\u0142o\u015bnicy, 28 p\u00f3l<\/li>\n<\/ul>\t\t\t\t\t<\/div>\n\t\t\t\t\t\t<\/div>\n\t\t\t\t<\/div>\n\t\t\t\t\t\t<\/div>\n\t\t\t\t\t<\/div>\n\t\t<\/div>\n\t\t\t\t\t\t\t\t<\/div>\n\t\t\t\t\t<\/div>\n\t\t<\/section>\n\t\t\t\t\t\t<\/div>\n\t\t\t\t\t\t<\/div>\n\t\t\t\t\t<\/div>\n\t\t","protected":false},"excerpt":{"rendered":"<p>KOMPRESOR SZKLANY 28 P\u00d3L Kompresor szklany do badania mi\u0119sa w kierunku w\u0142o\u015bnicy, 28 p\u00f3l<\/p>\n","protected":false},"author":1,"featured_media":0,"parent":197,"menu_order":5,"comment_status":"closed","ping_status":"closed","template":"","meta":[],"yoast_head":"<!-- This site is optimized with the Yoast SEO plugin v17.6 - https:\/\/yoast.com\/wordpress\/plugins\/seo\/ -->\n<title>KOMPRESOR SZKLANY -<\/title>\n<meta name=\"robots\" content=\"index, follow, max-snippet:-1, max-image-preview:large, max-video-preview:-1\" \/>\n<link rel=\"canonical\" href=\"https:\/\/pepsyna.eu\/index.php\/home-2\/sprzet-laboratoryjny-2\/kompresor-szklany\/\" \/>\n<meta property=\"og:locale\" content=\"pl_PL\" \/>\n<meta property=\"og:type\" content=\"article\" \/>\n<meta property=\"og:title\" content=\"KOMPRESOR SZKLANY -\" \/>\n<meta property=\"og:description\" content=\"KOMPRESOR SZKLANY 28 P\u00d3L Kompresor szklany do badania mi\u0119sa w kierunku w\u0142o\u015bnicy, 28 p\u00f3l\" \/>\n<meta property=\"og:url\" content=\"https:\/\/pepsyna.eu\/index.php\/home-2\/sprzet-laboratoryjny-2\/kompresor-szklany\/\" \/>\n<meta property=\"article:modified_time\" content=\"2022-07-12T13:48:34+00:00\" \/>\n<meta property=\"og:image\" content=\"https:\/\/pepsyna.eu\/wp-content\/uploads\/2022\/07\/Kompresor-300x135.jpg\" \/>\n<meta name=\"twitter:card\" content=\"summary_large_image\" \/>\n<meta name=\"twitter:label1\" content=\"Szacowany czas czytania\" \/>\n\t<meta name=\"twitter:data1\" content=\"1 minuta\" \/>\n<script type=\"application\/ld+json\" class=\"yoast-schema-graph\">{\"@context\":\"https:\/\/schema.org\",\"@graph\":[{\"@type\":\"Organization\",\"@id\":\"https:\/\/pepsyna.eu\/#organization\",\"name\":\"EPI 2\",\"url\":\"https:\/\/pepsyna.eu\/\",\"sameAs\":[],\"logo\":{\"@type\":\"ImageObject\",\"@id\":\"https:\/\/pepsyna.eu\/#logo\",\"inLanguage\":\"pl-PL\",\"url\":\"https:\/\/pepsyna.eu\/wp-content\/uploads\/2021\/03\/cropped-LOGO-EPI2-1.jpg\",\"contentUrl\":\"https:\/\/pepsyna.eu\/wp-content\/uploads\/2021\/03\/cropped-LOGO-EPI2-1.jpg\",\"width\":403,\"height\":85,\"caption\":\"EPI 2\"},\"image\":{\"@id\":\"https:\/\/pepsyna.eu\/#logo\"}},{\"@type\":\"WebSite\",\"@id\":\"https:\/\/pepsyna.eu\/#website\",\"url\":\"https:\/\/pepsyna.eu\/\",\"name\":\"WYSPOSA\\u017bENIE LABORATORYJNE\",\"description\":\"\",\"publisher\":{\"@id\":\"https:\/\/pepsyna.eu\/#organization\"},\"potentialAction\":[{\"@type\":\"SearchAction\",\"target\":{\"@type\":\"EntryPoint\",\"urlTemplate\":\"https:\/\/pepsyna.eu\/?s={search_term_string}\"},\"query-input\":\"required name=search_term_string\"}],\"inLanguage\":\"pl-PL\"},{\"@type\":\"ImageObject\",\"@id\":\"https:\/\/pepsyna.eu\/index.php\/home-2\/sprzet-laboratoryjny-2\/kompresor-szklany\/#primaryimage\",\"inLanguage\":\"pl-PL\",\"url\":\"https:\/\/pepsyna.eu\/wp-content\/uploads\/2022\/07\/Kompresor.jpg\",\"contentUrl\":\"https:\/\/pepsyna.eu\/wp-content\/uploads\/2022\/07\/Kompresor.jpg\",\"width\":378,\"height\":170,\"caption\":\"Kompresor szklany 28 p\\u00f3l\"},{\"@type\":\"WebPage\",\"@id\":\"https:\/\/pepsyna.eu\/index.php\/home-2\/sprzet-laboratoryjny-2\/kompresor-szklany\/#webpage\",\"url\":\"https:\/\/pepsyna.eu\/index.php\/home-2\/sprzet-laboratoryjny-2\/kompresor-szklany\/\",\"name\":\"KOMPRESOR SZKLANY -\",\"isPartOf\":{\"@id\":\"https:\/\/pepsyna.eu\/#website\"},\"primaryImageOfPage\":{\"@id\":\"https:\/\/pepsyna.eu\/index.php\/home-2\/sprzet-laboratoryjny-2\/kompresor-szklany\/#primaryimage\"},\"datePublished\":\"2021-03-15T18:30:56+00:00\",\"dateModified\":\"2022-07-12T13:48:34+00:00\",\"breadcrumb\":{\"@id\":\"https:\/\/pepsyna.eu\/index.php\/home-2\/sprzet-laboratoryjny-2\/kompresor-szklany\/#breadcrumb\"},\"inLanguage\":\"pl-PL\",\"potentialAction\":[{\"@type\":\"ReadAction\",\"target\":[\"https:\/\/pepsyna.eu\/index.php\/home-2\/sprzet-laboratoryjny-2\/kompresor-szklany\/\"]}]},{\"@type\":\"BreadcrumbList\",\"@id\":\"https:\/\/pepsyna.eu\/index.php\/home-2\/sprzet-laboratoryjny-2\/kompresor-szklany\/#breadcrumb\",\"itemListElement\":[{\"@type\":\"ListItem\",\"position\":1,\"name\":\"Strona g\\u0142\\u00f3wna\",\"item\":\"https:\/\/pepsyna.eu\/\"},{\"@type\":\"ListItem\",\"position\":2,\"name\":\"EPI 2 OFERTA\",\"item\":\"https:\/\/pepsyna.eu\/\"},{\"@type\":\"ListItem\",\"position\":3,\"name\":\"SPRZ\\u0118T LABORATORYJNY\",\"item\":\"https:\/\/pepsyna.eu\/index.php\/home-2\/sprzet-laboratoryjny-2\/\"},{\"@type\":\"ListItem\",\"position\":4,\"name\":\"KOMPRESOR SZKLANY\"}]}]}<\/script>\n<!-- \/ Yoast SEO plugin. -->","yoast_head_json":{"title":"KOMPRESOR SZKLANY -","robots":{"index":"index","follow":"follow","max-snippet":"max-snippet:-1","max-image-preview":"max-image-preview:large","max-video-preview":"max-video-preview:-1"},"canonical":"https:\/\/pepsyna.eu\/index.php\/home-2\/sprzet-laboratoryjny-2\/kompresor-szklany\/","og_locale":"pl_PL","og_type":"article","og_title":"KOMPRESOR SZKLANY -","og_description":"KOMPRESOR SZKLANY 28 P\u00d3L Kompresor szklany do badania mi\u0119sa w kierunku w\u0142o\u015bnicy, 28 p\u00f3l","og_url":"https:\/\/pepsyna.eu\/index.php\/home-2\/sprzet-laboratoryjny-2\/kompresor-szklany\/","article_modified_time":"2022-07-12T13:48:34+00:00","og_image":[{"url":"https:\/\/pepsyna.eu\/wp-content\/uploads\/2022\/07\/Kompresor-300x135.jpg"}],"twitter_card":"summary_large_image","twitter_misc":{"Szacowany czas czytania":"1 minuta"},"schema":{"@context":"https:\/\/schema.org","@graph":[{"@type":"Organization","@id":"https:\/\/pepsyna.eu\/#organization","name":"EPI 2","url":"https:\/\/pepsyna.eu\/","sameAs":[],"logo":{"@type":"ImageObject","@id":"https:\/\/pepsyna.eu\/#logo","inLanguage":"pl-PL","url":"https:\/\/pepsyna.eu\/wp-content\/uploads\/2021\/03\/cropped-LOGO-EPI2-1.jpg","contentUrl":"https:\/\/pepsyna.eu\/wp-content\/uploads\/2021\/03\/cropped-LOGO-EPI2-1.jpg","width":403,"height":85,"caption":"EPI 2"},"image":{"@id":"https:\/\/pepsyna.eu\/#logo"}},{"@type":"WebSite","@id":"https:\/\/pepsyna.eu\/#website","url":"https:\/\/pepsyna.eu\/","name":"WYSPOSA\u017bENIE LABORATORYJNE","description":"","publisher":{"@id":"https:\/\/pepsyna.eu\/#organization"},"potentialAction":[{"@type":"SearchAction","target":{"@type":"EntryPoint","urlTemplate":"https:\/\/pepsyna.eu\/?s={search_term_string}"},"query-input":"required name=search_term_string"}],"inLanguage":"pl-PL"},{"@type":"ImageObject","@id":"https:\/\/pepsyna.eu\/index.php\/home-2\/sprzet-laboratoryjny-2\/kompresor-szklany\/#primaryimage","inLanguage":"pl-PL","url":"https:\/\/pepsyna.eu\/wp-content\/uploads\/2022\/07\/Kompresor.jpg","contentUrl":"https:\/\/pepsyna.eu\/wp-content\/uploads\/2022\/07\/Kompresor.jpg","width":378,"height":170,"caption":"Kompresor szklany 28 p\u00f3l"},{"@type":"WebPage","@id":"https:\/\/pepsyna.eu\/index.php\/home-2\/sprzet-laboratoryjny-2\/kompresor-szklany\/#webpage","url":"https:\/\/pepsyna.eu\/index.php\/home-2\/sprzet-laboratoryjny-2\/kompresor-szklany\/","name":"KOMPRESOR SZKLANY -","isPartOf":{"@id":"https:\/\/pepsyna.eu\/#website"},"primaryImageOfPage":{"@id":"https:\/\/pepsyna.eu\/index.php\/home-2\/sprzet-laboratoryjny-2\/kompresor-szklany\/#primaryimage"},"datePublished":"2021-03-15T18:30:56+00:00","dateModified":"2022-07-12T13:48:34+00:00","breadcrumb":{"@id":"https:\/\/pepsyna.eu\/index.php\/home-2\/sprzet-laboratoryjny-2\/kompresor-szklany\/#breadcrumb"},"inLanguage":"pl-PL","potentialAction":[{"@type":"ReadAction","target":["https:\/\/pepsyna.eu\/index.php\/home-2\/sprzet-laboratoryjny-2\/kompresor-szklany\/"]}]},{"@type":"BreadcrumbList","@id":"https:\/\/pepsyna.eu\/index.php\/home-2\/sprzet-laboratoryjny-2\/kompresor-szklany\/#breadcrumb","itemListElement":[{"@type":"ListItem","position":1,"name":"Strona g\u0142\u00f3wna","item":"https:\/\/pepsyna.eu\/"},{"@type":"ListItem","position":2,"name":"EPI 2 OFERTA","item":"https:\/\/pepsyna.eu\/"},{"@type":"ListItem","position":3,"name":"SPRZ\u0118T LABORATORYJNY","item":"https:\/\/pepsyna.eu\/index.php\/home-2\/sprzet-laboratoryjny-2\/"},{"@type":"ListItem","position":4,"name":"KOMPRESOR SZKLANY"}]}]}},"_links":{"self":[{"href":"https:\/\/pepsyna.eu\/index.php\/wp-json\/wp\/v2\/pages\/208"}],"collection":[{"href":"https:\/\/pepsyna.eu\/index.php\/wp-json\/wp\/v2\/pages"}],"about":[{"href":"https:\/\/pepsyna.eu\/index.php\/wp-json\/wp\/v2\/types\/page"}],"author":[{"embeddable":true,"href":"https:\/\/pepsyna.eu\/index.php\/wp-json\/wp\/v2\/users\/1"}],"replies":[{"embeddable":true,"href":"https:\/\/pepsyna.eu\/index.php\/wp-json\/wp\/v2\/comments?post=208"}],"version-history":[{"count":4,"href":"https:\/\/pepsyna.eu\/index.php\/wp-json\/wp\/v2\/pages\/208\/revisions"}],"predecessor-version":[{"id":992,"href":"https:\/\/pepsyna.eu\/index.php\/wp-json\/wp\/v2\/pages\/208\/revisions\/992"}],"up":[{"embeddable":true,"href":"https:\/\/pepsyna.eu\/index.php\/wp-json\/wp\/v2\/pages\/197"}],"wp:attachment":[{"href":"https:\/\/pepsyna.eu\/index.php\/wp-json\/wp\/v2\/media?parent=208"}],"curies":[{"name":"wp","href":"https:\/\/api.w.org\/{rel}","templated":true}]}}