{"id":197,"date":"2021-03-15T16:13:32","date_gmt":"2021-03-15T16:13:32","guid":{"rendered":"http:\/\/pepsyna.eu\/?page_id=197"},"modified":"2021-03-17T18:25:30","modified_gmt":"2021-03-17T18:25:30","slug":"sprzet-laboratoryjny-2","status":"publish","type":"page","link":"https:\/\/pepsyna.eu\/index.php\/home-2\/sprzet-laboratoryjny-2\/","title":{"rendered":"SPRZ\u0118T LABORATORYJNY"},"content":{"rendered":"\t\t<div data-elementor-type=\"wp-page\" data-elementor-id=\"197\" class=\"elementor elementor-197\" data-elementor-settings=\"[]\">\n\t\t\t\t\t\t<div class=\"elementor-inner\">\n\t\t\t\t\t\t\t<div class=\"elementor-section-wrap\">\n\t\t\t\t\t\t\t<section class=\"elementor-section elementor-top-section elementor-element elementor-element-34dd77f elementor-section-boxed elementor-section-height-default elementor-section-height-default\" data-id=\"34dd77f\" data-element_type=\"section\">\n\t\t\t\t\t\t<div class=\"elementor-container elementor-column-gap-default\">\n\t\t\t\t\t\t\t<div class=\"elementor-row\">\n\t\t\t\t\t<div class=\"elementor-column elementor-col-100 elementor-top-column elementor-element elementor-element-192a8a84\" data-id=\"192a8a84\" data-element_type=\"column\">\n\t\t\t<div class=\"elementor-column-wrap elementor-element-populated\">\n\t\t\t\t\t\t\t<div class=\"elementor-widget-wrap\">\n\t\t\t\t\t\t<div class=\"elementor-element elementor-element-65596e88 elementor-widget elementor-widget-text-editor\" data-id=\"65596e88\" data-element_type=\"widget\" data-widget_type=\"text-editor.default\">\n\t\t\t\t<div class=\"elementor-widget-container\">\n\t\t\t\t\t\t\t\t<div class=\"elementor-text-editor elementor-clearfix\">\n\t\t\t\t<p><a href=\"https:\/\/pepsyna.eu\/index.php\/home-2\/sprzet-laboratoryjny-2\/blendery-rozdrabniacze\/\">&#8211; Rozdrabniacze do mi\u0119sa<\/a><\/p><p><a href=\"https:\/\/pepsyna.eu\/index.php\/home-2\/sprzet-laboratoryjny-2\/dozowniki\/\">&#8211; Dozowniki<\/a><\/p><p><a href=\"https:\/\/pepsyna.eu\/index.php\/home-2\/sprzet-laboratoryjny-2\/folia-aluminiowa\/\">&#8211; Folia aluminiowa<\/a><\/p><p><a href=\"https:\/\/pepsyna.eu\/index.php\/home-2\/sprzet-laboratoryjny-2\/gruszki-2-i-3-zaworowe\/\">&#8211; Gruszki 2 i 3 zaworowe<\/a><\/p><p><a href=\"https:\/\/pepsyna.eu\/index.php\/home-2\/sprzet-laboratoryjny-2\/kompresor-szklany\/\">&#8211; Kompresory szklane<\/a><\/p><p><a href=\"https:\/\/pepsyna.eu\/index.php\/home-2\/sprzet-laboratoryjny-2\/mieszadla-magnetyczne-i-mieszadelka-teflonowe\/\">&#8211; Mieszade\u0142ka magnetyczne\u00a0<\/a><\/p><p><a href=\"https:\/\/pepsyna.eu\/index.php\/home-2\/sprzet-laboratoryjny-2\/noze-rzeznicze\/\">&#8211; No\u017ce rze\u017anicze<\/a><\/p><p><a href=\"https:\/\/pepsyna.eu\/index.php\/home-2\/sprzet-laboratoryjny-2\/nozyczki\/\">&#8211; No\u017cyczki<\/a><\/p><p><a href=\"https:\/\/pepsyna.eu\/index.php\/home-2\/sprzet-laboratoryjny-2\/ostrza-chirurgiczne\/\">&#8211; Ostrza chirurgiczne<\/a><\/p><p><a href=\"https:\/\/pepsyna.eu\/index.php\/home-2\/sprzet-laboratoryjny-2\/ostrzalki-do-nozy\/\">&#8211; Ostrza\u0142ki do no\u017cy<\/a><\/p><p><a href=\"https:\/\/pepsyna.eu\/index.php\/home-2\/sprzet-laboratoryjny-2\/pipetory-i-pompki-pipetowe\/\">&#8211; Pipetory i pompki pipetowe<\/a><\/p><p><a href=\"https:\/\/pepsyna.eu\/index.php\/home-2\/sprzet-laboratoryjny-2\/rynienki\/\">&#8211; Rynienki do trichinoskopu<\/a><\/p><p><a href=\"https:\/\/pepsyna.eu\/index.php\/home-2\/sprzet-laboratoryjny-2\/sita-ze-stali-nierdzewnej\/\">&#8211; Sita ze stali nierdzewnej\u00a0<\/a><\/p><p><a href=\"https:\/\/pepsyna.eu\/index.php\/home-2\/sprzet-laboratoryjny-2\/statywy-i-sita-ze-stali\/\">&#8211; Statywy, \u0142\u0105czniki, pier\u015bcienie<\/a><\/p><p><a href=\"https:\/\/pepsyna.eu\/index.php\/home-2\/sprzet-laboratoryjny-2\/strzykawki-i-igloprobowki\/\">&#8211; Strzykawki i ig\u0142o-prob\u00f3wki<\/a><\/p><p><a href=\"https:\/\/pepsyna.eu\/index.php\/home-2\/sprzet-laboratoryjny-2\/petle-ryjowe\/\">&#8211; P\u0119tle ryjowe<\/a><\/p><p><a href=\"https:\/\/pepsyna.eu\/index.php\/home-2\/sprzet-laboratoryjny-2\/tace-i-szufelki\/\">&#8211; Tace, szufelki<\/a><\/p><p><a href=\"https:\/\/pepsyna.eu\/index.php\/home-2\/sprzet-laboratoryjny-2\/termometry\/\">&#8211; Termometry<\/a><\/p><p><a href=\"https:\/\/pepsyna.eu\/index.php\/home-2\/sprzet-laboratoryjny-2\/termohigrometry\/\">&#8211; Termohigrometry<\/a><\/p><p><a href=\"https:\/\/pepsyna.eu\/index.php\/home-2\/sprzet-laboratoryjny-2\/palniki\/\">&#8211; Palniki gazowe i spirytusowe<\/a><\/p><p><a href=\"https:\/\/pepsyna.eu\/index.php\/home-2\/sprzet-laboratoryjny-2\/pincety\/\">&#8211; Pincety<\/a><\/p><p><a href=\"https:\/\/pepsyna.eu\/index.php\/home-2\/sprzet-laboratoryjny-2\/wagi-i-wzorce-mas\/\">&#8211; Wagi i wzorce mas<\/a><\/p><p>\u00a0<\/p>\t\t\t\t\t<\/div>\n\t\t\t\t\t\t<\/div>\n\t\t\t\t<\/div>\n\t\t\t\t\t\t<\/div>\n\t\t\t\t\t<\/div>\n\t\t<\/div>\n\t\t\t\t\t\t\t\t<\/div>\n\t\t\t\t\t<\/div>\n\t\t<\/section>\n\t\t\t\t\t\t<\/div>\n\t\t\t\t\t\t<\/div>\n\t\t\t\t\t<\/div>\n\t\t","protected":false},"excerpt":{"rendered":"<p>&#8211; Rozdrabniacze do mi\u0119sa &#8211; Dozowniki &#8211; Folia aluminiowa &#8211; Gruszki 2 i 3 zaworowe &#8211; Kompresory szklane &#8211; Mieszade\u0142ka magnetyczne\u00a0 &#8211; No\u017ce rze\u017anicze &#8211; No\u017cyczki &#8211; Ostrza chirurgiczne &#8211; Ostrza\u0142ki do no\u017cy &#8211; Pipetory i pompki pipetowe &#8211; Rynienki do trichinoskopu &#8211; Sita ze stali nierdzewnej\u00a0 &#8211; Statywy, \u0142\u0105czniki, pier\u015bcienie &#8211; Strzykawki i ig\u0142o-prob\u00f3wki&hellip;<\/p>\n","protected":false},"author":1,"featured_media":0,"parent":274,"menu_order":7,"comment_status":"closed","ping_status":"closed","template":"","meta":[],"yoast_head":"<!-- This site is optimized with the Yoast SEO plugin v17.6 - https:\/\/yoast.com\/wordpress\/plugins\/seo\/ -->\n<title>SPRZ\u0118T LABORATORYJNY -<\/title>\n<meta name=\"robots\" content=\"index, follow, max-snippet:-1, max-image-preview:large, max-video-preview:-1\" \/>\n<link rel=\"canonical\" href=\"https:\/\/pepsyna.eu\/index.php\/home-2\/sprzet-laboratoryjny-2\/\" \/>\n<meta property=\"og:locale\" content=\"pl_PL\" \/>\n<meta property=\"og:type\" content=\"article\" \/>\n<meta property=\"og:title\" content=\"SPRZ\u0118T LABORATORYJNY -\" \/>\n<meta property=\"og:description\" content=\"&#8211; Rozdrabniacze do mi\u0119sa &#8211; Dozowniki &#8211; Folia aluminiowa &#8211; Gruszki 2 i 3 zaworowe &#8211; Kompresory szklane &#8211; Mieszade\u0142ka magnetyczne\u00a0 &#8211; No\u017ce rze\u017anicze &#8211; No\u017cyczki &#8211; Ostrza chirurgiczne &#8211; Ostrza\u0142ki do no\u017cy &#8211; Pipetory i pompki pipetowe &#8211; Rynienki do trichinoskopu &#8211; Sita ze stali nierdzewnej\u00a0 &#8211; Statywy, \u0142\u0105czniki, pier\u015bcienie &#8211; Strzykawki i ig\u0142o-prob\u00f3wki&hellip;\" \/>\n<meta property=\"og:url\" content=\"https:\/\/pepsyna.eu\/index.php\/home-2\/sprzet-laboratoryjny-2\/\" \/>\n<meta property=\"article:modified_time\" content=\"2021-03-17T18:25:30+00:00\" \/>\n<meta name=\"twitter:card\" content=\"summary_large_image\" \/>\n<script type=\"application\/ld+json\" class=\"yoast-schema-graph\">{\"@context\":\"https:\/\/schema.org\",\"@graph\":[{\"@type\":\"Organization\",\"@id\":\"https:\/\/pepsyna.eu\/#organization\",\"name\":\"EPI 2\",\"url\":\"https:\/\/pepsyna.eu\/\",\"sameAs\":[],\"logo\":{\"@type\":\"ImageObject\",\"@id\":\"https:\/\/pepsyna.eu\/#logo\",\"inLanguage\":\"pl-PL\",\"url\":\"https:\/\/pepsyna.eu\/wp-content\/uploads\/2021\/03\/cropped-LOGO-EPI2-1.jpg\",\"contentUrl\":\"https:\/\/pepsyna.eu\/wp-content\/uploads\/2021\/03\/cropped-LOGO-EPI2-1.jpg\",\"width\":403,\"height\":85,\"caption\":\"EPI 2\"},\"image\":{\"@id\":\"https:\/\/pepsyna.eu\/#logo\"}},{\"@type\":\"WebSite\",\"@id\":\"https:\/\/pepsyna.eu\/#website\",\"url\":\"https:\/\/pepsyna.eu\/\",\"name\":\"WYSPOSA\\u017bENIE LABORATORYJNE\",\"description\":\"\",\"publisher\":{\"@id\":\"https:\/\/pepsyna.eu\/#organization\"},\"potentialAction\":[{\"@type\":\"SearchAction\",\"target\":{\"@type\":\"EntryPoint\",\"urlTemplate\":\"https:\/\/pepsyna.eu\/?s={search_term_string}\"},\"query-input\":\"required name=search_term_string\"}],\"inLanguage\":\"pl-PL\"},{\"@type\":\"WebPage\",\"@id\":\"https:\/\/pepsyna.eu\/index.php\/home-2\/sprzet-laboratoryjny-2\/#webpage\",\"url\":\"https:\/\/pepsyna.eu\/index.php\/home-2\/sprzet-laboratoryjny-2\/\",\"name\":\"SPRZ\\u0118T LABORATORYJNY -\",\"isPartOf\":{\"@id\":\"https:\/\/pepsyna.eu\/#website\"},\"datePublished\":\"2021-03-15T16:13:32+00:00\",\"dateModified\":\"2021-03-17T18:25:30+00:00\",\"breadcrumb\":{\"@id\":\"https:\/\/pepsyna.eu\/index.php\/home-2\/sprzet-laboratoryjny-2\/#breadcrumb\"},\"inLanguage\":\"pl-PL\",\"potentialAction\":[{\"@type\":\"ReadAction\",\"target\":[\"https:\/\/pepsyna.eu\/index.php\/home-2\/sprzet-laboratoryjny-2\/\"]}]},{\"@type\":\"BreadcrumbList\",\"@id\":\"https:\/\/pepsyna.eu\/index.php\/home-2\/sprzet-laboratoryjny-2\/#breadcrumb\",\"itemListElement\":[{\"@type\":\"ListItem\",\"position\":1,\"name\":\"Strona g\\u0142\\u00f3wna\",\"item\":\"https:\/\/pepsyna.eu\/\"},{\"@type\":\"ListItem\",\"position\":2,\"name\":\"EPI 2 OFERTA\",\"item\":\"https:\/\/pepsyna.eu\/\"},{\"@type\":\"ListItem\",\"position\":3,\"name\":\"SPRZ\\u0118T LABORATORYJNY\"}]}]}<\/script>\n<!-- \/ Yoast SEO plugin. -->","yoast_head_json":{"title":"SPRZ\u0118T LABORATORYJNY -","robots":{"index":"index","follow":"follow","max-snippet":"max-snippet:-1","max-image-preview":"max-image-preview:large","max-video-preview":"max-video-preview:-1"},"canonical":"https:\/\/pepsyna.eu\/index.php\/home-2\/sprzet-laboratoryjny-2\/","og_locale":"pl_PL","og_type":"article","og_title":"SPRZ\u0118T LABORATORYJNY -","og_description":"&#8211; Rozdrabniacze do mi\u0119sa &#8211; Dozowniki &#8211; Folia aluminiowa &#8211; Gruszki 2 i 3 zaworowe &#8211; Kompresory szklane &#8211; Mieszade\u0142ka magnetyczne\u00a0 &#8211; No\u017ce rze\u017anicze &#8211; No\u017cyczki &#8211; Ostrza chirurgiczne &#8211; Ostrza\u0142ki do no\u017cy &#8211; Pipetory i pompki pipetowe &#8211; Rynienki do trichinoskopu &#8211; Sita ze stali nierdzewnej\u00a0 &#8211; Statywy, \u0142\u0105czniki, pier\u015bcienie &#8211; Strzykawki i ig\u0142o-prob\u00f3wki&hellip;","og_url":"https:\/\/pepsyna.eu\/index.php\/home-2\/sprzet-laboratoryjny-2\/","article_modified_time":"2021-03-17T18:25:30+00:00","twitter_card":"summary_large_image","schema":{"@context":"https:\/\/schema.org","@graph":[{"@type":"Organization","@id":"https:\/\/pepsyna.eu\/#organization","name":"EPI 2","url":"https:\/\/pepsyna.eu\/","sameAs":[],"logo":{"@type":"ImageObject","@id":"https:\/\/pepsyna.eu\/#logo","inLanguage":"pl-PL","url":"https:\/\/pepsyna.eu\/wp-content\/uploads\/2021\/03\/cropped-LOGO-EPI2-1.jpg","contentUrl":"https:\/\/pepsyna.eu\/wp-content\/uploads\/2021\/03\/cropped-LOGO-EPI2-1.jpg","width":403,"height":85,"caption":"EPI 2"},"image":{"@id":"https:\/\/pepsyna.eu\/#logo"}},{"@type":"WebSite","@id":"https:\/\/pepsyna.eu\/#website","url":"https:\/\/pepsyna.eu\/","name":"WYSPOSA\u017bENIE LABORATORYJNE","description":"","publisher":{"@id":"https:\/\/pepsyna.eu\/#organization"},"potentialAction":[{"@type":"SearchAction","target":{"@type":"EntryPoint","urlTemplate":"https:\/\/pepsyna.eu\/?s={search_term_string}"},"query-input":"required name=search_term_string"}],"inLanguage":"pl-PL"},{"@type":"WebPage","@id":"https:\/\/pepsyna.eu\/index.php\/home-2\/sprzet-laboratoryjny-2\/#webpage","url":"https:\/\/pepsyna.eu\/index.php\/home-2\/sprzet-laboratoryjny-2\/","name":"SPRZ\u0118T LABORATORYJNY -","isPartOf":{"@id":"https:\/\/pepsyna.eu\/#website"},"datePublished":"2021-03-15T16:13:32+00:00","dateModified":"2021-03-17T18:25:30+00:00","breadcrumb":{"@id":"https:\/\/pepsyna.eu\/index.php\/home-2\/sprzet-laboratoryjny-2\/#breadcrumb"},"inLanguage":"pl-PL","potentialAction":[{"@type":"ReadAction","target":["https:\/\/pepsyna.eu\/index.php\/home-2\/sprzet-laboratoryjny-2\/"]}]},{"@type":"BreadcrumbList","@id":"https:\/\/pepsyna.eu\/index.php\/home-2\/sprzet-laboratoryjny-2\/#breadcrumb","itemListElement":[{"@type":"ListItem","position":1,"name":"Strona g\u0142\u00f3wna","item":"https:\/\/pepsyna.eu\/"},{"@type":"ListItem","position":2,"name":"EPI 2 OFERTA","item":"https:\/\/pepsyna.eu\/"},{"@type":"ListItem","position":3,"name":"SPRZ\u0118T LABORATORYJNY"}]}]}},"_links":{"self":[{"href":"https:\/\/pepsyna.eu\/index.php\/wp-json\/wp\/v2\/pages\/197"}],"collection":[{"href":"https:\/\/pepsyna.eu\/index.php\/wp-json\/wp\/v2\/pages"}],"about":[{"href":"https:\/\/pepsyna.eu\/index.php\/wp-json\/wp\/v2\/types\/page"}],"author":[{"embeddable":true,"href":"https:\/\/pepsyna.eu\/index.php\/wp-json\/wp\/v2\/users\/1"}],"replies":[{"embeddable":true,"href":"https:\/\/pepsyna.eu\/index.php\/wp-json\/wp\/v2\/comments?post=197"}],"version-history":[{"count":8,"href":"https:\/\/pepsyna.eu\/index.php\/wp-json\/wp\/v2\/pages\/197\/revisions"}],"predecessor-version":[{"id":543,"href":"https:\/\/pepsyna.eu\/index.php\/wp-json\/wp\/v2\/pages\/197\/revisions\/543"}],"up":[{"embeddable":true,"href":"https:\/\/pepsyna.eu\/index.php\/wp-json\/wp\/v2\/pages\/274"}],"wp:attachment":[{"href":"https:\/\/pepsyna.eu\/index.php\/wp-json\/wp\/v2\/media?parent=197"}],"curies":[{"name":"wp","href":"https:\/\/api.w.org\/{rel}","templated":true}]}}