{"id":193,"date":"2021-03-15T16:11:00","date_gmt":"2021-03-15T16:11:00","guid":{"rendered":"http:\/\/pepsyna.eu\/?page_id=193"},"modified":"2021-04-10T13:35:13","modified_gmt":"2021-04-10T13:35:13","slug":"odziez-gumowa-buty-fartuchy","status":"publish","type":"page","link":"https:\/\/pepsyna.eu\/index.php\/home-2\/odziez\/odziez-gumowa-buty-fartuchy\/","title":{"rendered":"ODZIE\u017b GUMOWA BUTY FARTUCHY"},"content":{"rendered":"\t\t<div data-elementor-type=\"wp-page\" data-elementor-id=\"193\" class=\"elementor elementor-193\" data-elementor-settings=\"[]\">\n\t\t\t\t\t\t<div class=\"elementor-inner\">\n\t\t\t\t\t\t\t<div class=\"elementor-section-wrap\">\n\t\t\t\t\t\t\t<section class=\"elementor-section elementor-top-section elementor-element elementor-element-4048f56 elementor-section-boxed elementor-section-height-default elementor-section-height-default\" data-id=\"4048f56\" data-element_type=\"section\">\n\t\t\t\t\t\t<div class=\"elementor-container elementor-column-gap-default\">\n\t\t\t\t\t\t\t<div class=\"elementor-row\">\n\t\t\t\t\t<div class=\"elementor-column elementor-col-100 elementor-top-column elementor-element elementor-element-39815dcf\" data-id=\"39815dcf\" data-element_type=\"column\">\n\t\t\t<div class=\"elementor-column-wrap elementor-element-populated\">\n\t\t\t\t\t\t\t<div class=\"elementor-widget-wrap\">\n\t\t\t\t\t\t<div class=\"elementor-element elementor-element-6d04c8b9 elementor-widget elementor-widget-text-editor\" data-id=\"6d04c8b9\" data-element_type=\"widget\" data-widget_type=\"text-editor.default\">\n\t\t\t\t<div class=\"elementor-widget-container\">\n\t\t\t\t\t\t\t\t<div class=\"elementor-text-editor elementor-clearfix\">\n\t\t\t\t<!-- wp:paragraph -->\n<p><a href=\"https:\/\/pepsyna.eu\"><img loading=\"lazy\" class=\"aligncenter wp-image-895 size-medium\" src=\"https:\/\/pepsyna.eu\/wp-content\/uploads\/2021\/04\/fartuch-dla-przemyslu-miesnego-274x300.jpg\" alt=\"\" width=\"274\" height=\"300\" srcset=\"https:\/\/pepsyna.eu\/wp-content\/uploads\/2021\/04\/fartuch-dla-przemyslu-miesnego-274x300.jpg 274w, https:\/\/pepsyna.eu\/wp-content\/uploads\/2021\/04\/fartuch-dla-przemyslu-miesnego.jpg 445w\" sizes=\"(max-width: 274px) 100vw, 274px\" \/><\/a><\/p>\n<ul>\n<li>Fartuch dla przemys\u0142u mi\u0119snego<br \/><br \/>ROZMIARY:<br \/>099 100cm szer. x 100cm d\u0142.<br \/>099\u00a0110cm szer. x 100cm d\u0142.<br \/>099\u00a0120cm szer. x 100cm d\u0142.<br \/>099\u00a0130cm szer. x 100cm d\u0142.<br \/>099\u00a0140cm szer. x 100cm d\u0142.<br \/>Kolor: BIA\u0141Y<br \/>Wykonany jest z bezszwowej tkaniny powleczonej kauczukiem nitrylowym (gramatura: 540 g\/m2, grubo\u015b\u0107: 0,40 mm).<br \/>Charakteryzuje si\u0119 odporno\u015bci\u0105 na dzia\u0142anie silnych t\u0142uszcz\u00f3w.<br \/>Przeznaczony jest do pracy w masarniach, ubojniach, przetw\u00f3rniach drobiu oraz w przemy\u015ble rybnym.<br \/>Kolor: bia\u0142y.<br \/>Produkt posiada atest Pa\u0144stwowego Zak\u0142adu Higieny.<\/li>\n<\/ul>\n<p>\u00a0<\/p>\n<p>\u00a0<\/p>\n<p>\u00a0<\/p>\n<p>\u00a0<\/p>\n<p><a href=\"https:\/\/pepsyna.eu\"><img loading=\"lazy\" class=\"aligncenter wp-image-919 size-medium\" src=\"https:\/\/pepsyna.eu\/wp-content\/uploads\/2021\/04\/Buty-ochronne-297x300.jpg\" alt=\"\" width=\"297\" height=\"300\" srcset=\"https:\/\/pepsyna.eu\/wp-content\/uploads\/2021\/04\/Buty-ochronne-297x300.jpg 297w, https:\/\/pepsyna.eu\/wp-content\/uploads\/2021\/04\/Buty-ochronne.jpg 576w\" sizes=\"(max-width: 297px) 100vw, 297px\" \/><\/a><\/p>\n<ul>\n<li>\u00a0Kalosze wykonane z NITRYLU i PCV\u00a0 prod. w\u0142oskiej<br \/><br \/>Kalosze przeznaczone do przemys\u0142u spo\u017cywczego. Zachowuj\u0105 elastyczno\u015b\u0107 w niskich temperaturach. Wysoka odporno\u015b\u0107 na t\u0142uszcze zwierz\u0119ce, oleje ro\u015blinne i mineralne oraz na \u015brodki czyszcz\u0105ce i wodorotlenek sodu. Posiadaj\u0105 w\u0142a\u015bciwo\u015bci antystatyczne.<br \/>Podeszwa jest antypo\u015blizgowa i odporna na \u015bcieranie. Nie zawieraj\u0105 niklu, o\u0142owiu, kadmu. W\u0142a\u015bciwo\u015bci obuwia zgodne z EN ISO 20347:2007<br \/>Rozmiary:36-48<br \/><br \/><br \/><br \/><br \/><\/li>\n<li>Kalosze wykonane z KAUCZUKU i NITRYLU\u00a0 prod. w\u0142oskiej<br \/><br \/>Kalosze przeznaczone dla przetw\u00f3rstwa mi\u0119sa, ryb, przemys\u0142u mleczarskiego. Wykonane z mieszanki nitrylowo-kauczukowej, odpornej na t\u0142uszcze zwierz\u0119ce, ro\u015blinne, wodorotlenek sodu, detergenty oraz kwasy. Podeszwa antypo\u015blizgowa wykonana ze specjalnej mieszanki posiadaj\u0105cej odporno\u015b\u0107 na \u015bcieranie. Wewn\u0119trzne wy\u0142o\u017cenie z g\u0105bczastego materia\u0142u termoizolacyjnego. Odporne i gi\u0119tkie w niskich temperaturach. Cholewk\u0119 mo\u017cna skraca\u0107 wg potrzeb. Ostroga pozwala \u015bci\u0105ga\u0107 kalosz bez ryzyka rozdarcia. Wzmocnione na pi\u0119cie, na czubku i chroni\u0105ce kostki. Wewn\u0119trzna tkanina poliestrowa nadaje si\u0119 do prania i nie gromadzi wilgoci.<br \/>Kalosze dost\u0119pne z podnoskiem metalowym i podeszw\u0105 antyprzebiciow\u0105.<br \/>Waga: 2,010 kg para<br \/>Rozmiary: 36-50<br \/><br \/><br \/><br \/><\/li>\n<li>Kalosze wykonane z lekkiego POLIURETANU<br \/><br \/>Kalosze przeznaczone dla przemys\u0142u spo\u017cywczego. Wykonane z poliuretanu. Podeszwa antypo\u015blizgowa odporna na t\u0142uszcze zwierz\u0119ce, ro\u015blinne, kwasy. Posiadaj\u0105 w\u0142a\u015bciwo\u015bci termoizolacyjne, dzi\u0119ki kt\u00f3rym podeszwa zachowuje elastyczno\u015b\u0107 w temp. -20\u00b0C. Absorbcja energii w tylnej cz\u0119\u015bci buta.<br \/>Obuwie spe\u0142nia wymagania normy EN ISO 20347:2004.<br \/>Rozmiary: 36-47<br \/><br \/><br \/><br \/><\/li>\n<li>P\u00f3\u0142but ochronny wykonany z mikrofibry<br \/><br \/>Cholewka: mikrofibra koloru bia\u0142ego, wodoodporna<br \/>Podszewka: przepuszczaj\u0105ca powietrze, odporna na \u015bcieranie<br \/>Wk\u0142adka: anatomiczna pokryta tkanin\u0105<br \/>Podeszwa: PU podw\u00f3jna g\u0119sto\u015b\u0107<br \/>Dodatkowo: podnosek z kompozytu, j\u0119zyk zapobiegaj\u0105cy wpadaniu do buta cia\u0142 obcych<br \/>Rozmiary: 35-48<\/li>\n<\/ul>\n<!-- \/wp:paragraph -->\t\t\t\t\t<\/div>\n\t\t\t\t\t\t<\/div>\n\t\t\t\t<\/div>\n\t\t\t\t\t\t<\/div>\n\t\t\t\t\t<\/div>\n\t\t<\/div>\n\t\t\t\t\t\t\t\t<\/div>\n\t\t\t\t\t<\/div>\n\t\t<\/section>\n\t\t\t\t\t\t<\/div>\n\t\t\t\t\t\t<\/div>\n\t\t\t\t\t<\/div>\n\t\t","protected":false},"excerpt":{"rendered":"<p>Fartuch dla przemys\u0142u mi\u0119snego ROZMIARY:099 100cm szer. x 100cm d\u0142.099\u00a0110cm szer. x 100cm d\u0142.099\u00a0120cm szer. x 100cm d\u0142.099\u00a0130cm szer. x 100cm d\u0142.099\u00a0140cm szer. x 100cm d\u0142.Kolor: BIA\u0141YWykonany jest z bezszwowej tkaniny powleczonej kauczukiem nitrylowym (gramatura: 540 g\/m2, grubo\u015b\u0107: 0,40 mm).Charakteryzuje si\u0119 odporno\u015bci\u0105 na dzia\u0142anie silnych t\u0142uszcz\u00f3w.Przeznaczony jest do pracy w masarniach, ubojniach, przetw\u00f3rniach drobiu oraz&hellip;<\/p>\n","protected":false},"author":1,"featured_media":0,"parent":100,"menu_order":2,"comment_status":"closed","ping_status":"closed","template":"","meta":[],"yoast_head":"<!-- This site is optimized with the Yoast SEO plugin v17.6 - https:\/\/yoast.com\/wordpress\/plugins\/seo\/ -->\n<title>ODZIE\u017b GUMOWA BUTY FARTUCHY -<\/title>\n<meta name=\"robots\" content=\"index, follow, max-snippet:-1, max-image-preview:large, max-video-preview:-1\" \/>\n<link rel=\"canonical\" href=\"https:\/\/pepsyna.eu\/index.php\/home-2\/odziez\/odziez-gumowa-buty-fartuchy\/\" \/>\n<meta property=\"og:locale\" content=\"pl_PL\" \/>\n<meta property=\"og:type\" content=\"article\" \/>\n<meta property=\"og:title\" content=\"ODZIE\u017b GUMOWA BUTY FARTUCHY -\" \/>\n<meta property=\"og:description\" content=\"Fartuch dla przemys\u0142u mi\u0119snego ROZMIARY:099 100cm szer. x 100cm d\u0142.099\u00a0110cm szer. x 100cm d\u0142.099\u00a0120cm szer. x 100cm d\u0142.099\u00a0130cm szer. x 100cm d\u0142.099\u00a0140cm szer. x 100cm d\u0142.Kolor: BIA\u0141YWykonany jest z bezszwowej tkaniny powleczonej kauczukiem nitrylowym (gramatura: 540 g\/m2, grubo\u015b\u0107: 0,40 mm).Charakteryzuje si\u0119 odporno\u015bci\u0105 na dzia\u0142anie silnych t\u0142uszcz\u00f3w.Przeznaczony jest do pracy w masarniach, ubojniach, przetw\u00f3rniach drobiu oraz&hellip;\" \/>\n<meta property=\"og:url\" content=\"https:\/\/pepsyna.eu\/index.php\/home-2\/odziez\/odziez-gumowa-buty-fartuchy\/\" \/>\n<meta property=\"article:modified_time\" content=\"2021-04-10T13:35:13+00:00\" \/>\n<meta property=\"og:image\" content=\"https:\/\/pepsyna.eu\/wp-content\/uploads\/2021\/04\/fartuch-dla-przemyslu-miesnego-274x300.jpg\" \/>\n<meta name=\"twitter:card\" content=\"summary_large_image\" \/>\n<meta name=\"twitter:label1\" content=\"Szacowany czas czytania\" \/>\n\t<meta name=\"twitter:data1\" content=\"2 minuty\" \/>\n<script type=\"application\/ld+json\" class=\"yoast-schema-graph\">{\"@context\":\"https:\/\/schema.org\",\"@graph\":[{\"@type\":\"Organization\",\"@id\":\"https:\/\/pepsyna.eu\/#organization\",\"name\":\"EPI 2\",\"url\":\"https:\/\/pepsyna.eu\/\",\"sameAs\":[],\"logo\":{\"@type\":\"ImageObject\",\"@id\":\"https:\/\/pepsyna.eu\/#logo\",\"inLanguage\":\"pl-PL\",\"url\":\"https:\/\/pepsyna.eu\/wp-content\/uploads\/2021\/03\/cropped-LOGO-EPI2-1.jpg\",\"contentUrl\":\"https:\/\/pepsyna.eu\/wp-content\/uploads\/2021\/03\/cropped-LOGO-EPI2-1.jpg\",\"width\":403,\"height\":85,\"caption\":\"EPI 2\"},\"image\":{\"@id\":\"https:\/\/pepsyna.eu\/#logo\"}},{\"@type\":\"WebSite\",\"@id\":\"https:\/\/pepsyna.eu\/#website\",\"url\":\"https:\/\/pepsyna.eu\/\",\"name\":\"WYSPOSA\\u017bENIE LABORATORYJNE\",\"description\":\"\",\"publisher\":{\"@id\":\"https:\/\/pepsyna.eu\/#organization\"},\"potentialAction\":[{\"@type\":\"SearchAction\",\"target\":{\"@type\":\"EntryPoint\",\"urlTemplate\":\"https:\/\/pepsyna.eu\/?s={search_term_string}\"},\"query-input\":\"required name=search_term_string\"}],\"inLanguage\":\"pl-PL\"},{\"@type\":\"ImageObject\",\"@id\":\"https:\/\/pepsyna.eu\/index.php\/home-2\/odziez\/odziez-gumowa-buty-fartuchy\/#primaryimage\",\"inLanguage\":\"pl-PL\",\"url\":\"https:\/\/pepsyna.eu\/wp-content\/uploads\/2021\/04\/fartuch-dla-przemyslu-miesnego.jpg\",\"contentUrl\":\"https:\/\/pepsyna.eu\/wp-content\/uploads\/2021\/04\/fartuch-dla-przemyslu-miesnego.jpg\",\"width\":445,\"height\":487},{\"@type\":\"WebPage\",\"@id\":\"https:\/\/pepsyna.eu\/index.php\/home-2\/odziez\/odziez-gumowa-buty-fartuchy\/#webpage\",\"url\":\"https:\/\/pepsyna.eu\/index.php\/home-2\/odziez\/odziez-gumowa-buty-fartuchy\/\",\"name\":\"ODZIE\\u017b GUMOWA BUTY FARTUCHY -\",\"isPartOf\":{\"@id\":\"https:\/\/pepsyna.eu\/#website\"},\"primaryImageOfPage\":{\"@id\":\"https:\/\/pepsyna.eu\/index.php\/home-2\/odziez\/odziez-gumowa-buty-fartuchy\/#primaryimage\"},\"datePublished\":\"2021-03-15T16:11:00+00:00\",\"dateModified\":\"2021-04-10T13:35:13+00:00\",\"breadcrumb\":{\"@id\":\"https:\/\/pepsyna.eu\/index.php\/home-2\/odziez\/odziez-gumowa-buty-fartuchy\/#breadcrumb\"},\"inLanguage\":\"pl-PL\",\"potentialAction\":[{\"@type\":\"ReadAction\",\"target\":[\"https:\/\/pepsyna.eu\/index.php\/home-2\/odziez\/odziez-gumowa-buty-fartuchy\/\"]}]},{\"@type\":\"BreadcrumbList\",\"@id\":\"https:\/\/pepsyna.eu\/index.php\/home-2\/odziez\/odziez-gumowa-buty-fartuchy\/#breadcrumb\",\"itemListElement\":[{\"@type\":\"ListItem\",\"position\":1,\"name\":\"Strona g\\u0142\\u00f3wna\",\"item\":\"https:\/\/pepsyna.eu\/\"},{\"@type\":\"ListItem\",\"position\":2,\"name\":\"EPI 2 OFERTA\",\"item\":\"https:\/\/pepsyna.eu\/\"},{\"@type\":\"ListItem\",\"position\":3,\"name\":\"ODZIE\\u017b\",\"item\":\"https:\/\/pepsyna.eu\/index.php\/home-2\/odziez\/\"},{\"@type\":\"ListItem\",\"position\":4,\"name\":\"ODZIE\\u017b GUMOWA BUTY FARTUCHY\"}]}]}<\/script>\n<!-- \/ Yoast SEO plugin. -->","yoast_head_json":{"title":"ODZIE\u017b GUMOWA BUTY FARTUCHY -","robots":{"index":"index","follow":"follow","max-snippet":"max-snippet:-1","max-image-preview":"max-image-preview:large","max-video-preview":"max-video-preview:-1"},"canonical":"https:\/\/pepsyna.eu\/index.php\/home-2\/odziez\/odziez-gumowa-buty-fartuchy\/","og_locale":"pl_PL","og_type":"article","og_title":"ODZIE\u017b GUMOWA BUTY FARTUCHY -","og_description":"Fartuch dla przemys\u0142u mi\u0119snego ROZMIARY:099 100cm szer. x 100cm d\u0142.099\u00a0110cm szer. x 100cm d\u0142.099\u00a0120cm szer. x 100cm d\u0142.099\u00a0130cm szer. x 100cm d\u0142.099\u00a0140cm szer. x 100cm d\u0142.Kolor: BIA\u0141YWykonany jest z bezszwowej tkaniny powleczonej kauczukiem nitrylowym (gramatura: 540 g\/m2, grubo\u015b\u0107: 0,40 mm).Charakteryzuje si\u0119 odporno\u015bci\u0105 na dzia\u0142anie silnych t\u0142uszcz\u00f3w.Przeznaczony jest do pracy w masarniach, ubojniach, przetw\u00f3rniach drobiu oraz&hellip;","og_url":"https:\/\/pepsyna.eu\/index.php\/home-2\/odziez\/odziez-gumowa-buty-fartuchy\/","article_modified_time":"2021-04-10T13:35:13+00:00","og_image":[{"url":"https:\/\/pepsyna.eu\/wp-content\/uploads\/2021\/04\/fartuch-dla-przemyslu-miesnego-274x300.jpg"}],"twitter_card":"summary_large_image","twitter_misc":{"Szacowany czas czytania":"2 minuty"},"schema":{"@context":"https:\/\/schema.org","@graph":[{"@type":"Organization","@id":"https:\/\/pepsyna.eu\/#organization","name":"EPI 2","url":"https:\/\/pepsyna.eu\/","sameAs":[],"logo":{"@type":"ImageObject","@id":"https:\/\/pepsyna.eu\/#logo","inLanguage":"pl-PL","url":"https:\/\/pepsyna.eu\/wp-content\/uploads\/2021\/03\/cropped-LOGO-EPI2-1.jpg","contentUrl":"https:\/\/pepsyna.eu\/wp-content\/uploads\/2021\/03\/cropped-LOGO-EPI2-1.jpg","width":403,"height":85,"caption":"EPI 2"},"image":{"@id":"https:\/\/pepsyna.eu\/#logo"}},{"@type":"WebSite","@id":"https:\/\/pepsyna.eu\/#website","url":"https:\/\/pepsyna.eu\/","name":"WYSPOSA\u017bENIE LABORATORYJNE","description":"","publisher":{"@id":"https:\/\/pepsyna.eu\/#organization"},"potentialAction":[{"@type":"SearchAction","target":{"@type":"EntryPoint","urlTemplate":"https:\/\/pepsyna.eu\/?s={search_term_string}"},"query-input":"required name=search_term_string"}],"inLanguage":"pl-PL"},{"@type":"ImageObject","@id":"https:\/\/pepsyna.eu\/index.php\/home-2\/odziez\/odziez-gumowa-buty-fartuchy\/#primaryimage","inLanguage":"pl-PL","url":"https:\/\/pepsyna.eu\/wp-content\/uploads\/2021\/04\/fartuch-dla-przemyslu-miesnego.jpg","contentUrl":"https:\/\/pepsyna.eu\/wp-content\/uploads\/2021\/04\/fartuch-dla-przemyslu-miesnego.jpg","width":445,"height":487},{"@type":"WebPage","@id":"https:\/\/pepsyna.eu\/index.php\/home-2\/odziez\/odziez-gumowa-buty-fartuchy\/#webpage","url":"https:\/\/pepsyna.eu\/index.php\/home-2\/odziez\/odziez-gumowa-buty-fartuchy\/","name":"ODZIE\u017b GUMOWA BUTY FARTUCHY -","isPartOf":{"@id":"https:\/\/pepsyna.eu\/#website"},"primaryImageOfPage":{"@id":"https:\/\/pepsyna.eu\/index.php\/home-2\/odziez\/odziez-gumowa-buty-fartuchy\/#primaryimage"},"datePublished":"2021-03-15T16:11:00+00:00","dateModified":"2021-04-10T13:35:13+00:00","breadcrumb":{"@id":"https:\/\/pepsyna.eu\/index.php\/home-2\/odziez\/odziez-gumowa-buty-fartuchy\/#breadcrumb"},"inLanguage":"pl-PL","potentialAction":[{"@type":"ReadAction","target":["https:\/\/pepsyna.eu\/index.php\/home-2\/odziez\/odziez-gumowa-buty-fartuchy\/"]}]},{"@type":"BreadcrumbList","@id":"https:\/\/pepsyna.eu\/index.php\/home-2\/odziez\/odziez-gumowa-buty-fartuchy\/#breadcrumb","itemListElement":[{"@type":"ListItem","position":1,"name":"Strona g\u0142\u00f3wna","item":"https:\/\/pepsyna.eu\/"},{"@type":"ListItem","position":2,"name":"EPI 2 OFERTA","item":"https:\/\/pepsyna.eu\/"},{"@type":"ListItem","position":3,"name":"ODZIE\u017b","item":"https:\/\/pepsyna.eu\/index.php\/home-2\/odziez\/"},{"@type":"ListItem","position":4,"name":"ODZIE\u017b GUMOWA BUTY FARTUCHY"}]}]}},"_links":{"self":[{"href":"https:\/\/pepsyna.eu\/index.php\/wp-json\/wp\/v2\/pages\/193"}],"collection":[{"href":"https:\/\/pepsyna.eu\/index.php\/wp-json\/wp\/v2\/pages"}],"about":[{"href":"https:\/\/pepsyna.eu\/index.php\/wp-json\/wp\/v2\/types\/page"}],"author":[{"embeddable":true,"href":"https:\/\/pepsyna.eu\/index.php\/wp-json\/wp\/v2\/users\/1"}],"replies":[{"embeddable":true,"href":"https:\/\/pepsyna.eu\/index.php\/wp-json\/wp\/v2\/comments?post=193"}],"version-history":[{"count":7,"href":"https:\/\/pepsyna.eu\/index.php\/wp-json\/wp\/v2\/pages\/193\/revisions"}],"predecessor-version":[{"id":925,"href":"https:\/\/pepsyna.eu\/index.php\/wp-json\/wp\/v2\/pages\/193\/revisions\/925"}],"up":[{"embeddable":true,"href":"https:\/\/pepsyna.eu\/index.php\/wp-json\/wp\/v2\/pages\/100"}],"wp:attachment":[{"href":"https:\/\/pepsyna.eu\/index.php\/wp-json\/wp\/v2\/media?parent=193"}],"curies":[{"name":"wp","href":"https:\/\/api.w.org\/{rel}","templated":true}]}}