{"id":188,"date":"2021-03-15T16:07:09","date_gmt":"2021-03-15T16:07:09","guid":{"rendered":"http:\/\/pepsyna.eu\/?page_id=188"},"modified":"2021-04-06T18:05:25","modified_gmt":"2021-04-06T18:05:25","slug":"ochraniacze-na-buty","status":"publish","type":"page","link":"https:\/\/pepsyna.eu\/index.php\/home-2\/odziez\/odziez-jednorazowa\/ochraniacze-na-buty\/","title":{"rendered":"OCHRANIACZE NA BUTY"},"content":{"rendered":"\t\t<div data-elementor-type=\"wp-page\" data-elementor-id=\"188\" class=\"elementor elementor-188\" data-elementor-settings=\"[]\">\n\t\t\t\t\t\t<div class=\"elementor-inner\">\n\t\t\t\t\t\t\t<div class=\"elementor-section-wrap\">\n\t\t\t\t\t\t\t<section class=\"elementor-section elementor-top-section elementor-element elementor-element-391b6eb5 elementor-section-boxed elementor-section-height-default elementor-section-height-default\" data-id=\"391b6eb5\" data-element_type=\"section\">\n\t\t\t\t\t\t<div class=\"elementor-container elementor-column-gap-default\">\n\t\t\t\t\t\t\t<div class=\"elementor-row\">\n\t\t\t\t\t<div class=\"elementor-column elementor-col-100 elementor-top-column elementor-element elementor-element-19a1d508\" data-id=\"19a1d508\" data-element_type=\"column\">\n\t\t\t<div class=\"elementor-column-wrap elementor-element-populated\">\n\t\t\t\t\t\t\t<div class=\"elementor-widget-wrap\">\n\t\t\t\t\t\t<div class=\"elementor-element elementor-element-9eef013 elementor-widget elementor-widget-text-editor\" data-id=\"9eef013\" data-element_type=\"widget\" data-widget_type=\"text-editor.default\">\n\t\t\t\t<div class=\"elementor-widget-container\">\n\t\t\t\t\t\t\t\t<div class=\"elementor-text-editor elementor-clearfix\">\n\t\t\t\t<p><img loading=\"lazy\" class=\"size-medium wp-image-870 aligncenter\" src=\"https:\/\/pepsyna.eu\/wp-content\/uploads\/2021\/04\/ochraniacze-foliowe-na-buty-205x300.jpg\" alt=\"\" width=\"205\" height=\"300\" srcset=\"https:\/\/pepsyna.eu\/wp-content\/uploads\/2021\/04\/ochraniacze-foliowe-na-buty-205x300.jpg 205w, https:\/\/pepsyna.eu\/wp-content\/uploads\/2021\/04\/ochraniacze-foliowe-na-buty.jpg 545w\" sizes=\"(max-width: 205px) 100vw, 205px\" \/><\/p><ul><li>Ochraniacze na buty o du\u017cej wytrzyma\u0142o\u015bci wykonane z utwardzonej folii bez zgrzewu u podstawy (z ostrog\u0105-profilowane) z gumk\u0105<\/li><li>Grubo\u015b\u0107 0,050mm<\/li><li>Wysoko\u015b\u0107 500mm<\/li><\/ul><p>\u00a0<\/p><p>\u00a0<\/p><p><img loading=\"lazy\" class=\"size-medium wp-image-881 aligncenter\" src=\"https:\/\/pepsyna.eu\/wp-content\/uploads\/2021\/04\/ochraniacze-40-cm-300x228.jpg\" alt=\"\" width=\"300\" height=\"228\" srcset=\"https:\/\/pepsyna.eu\/wp-content\/uploads\/2021\/04\/ochraniacze-40-cm-300x228.jpg 300w, https:\/\/pepsyna.eu\/wp-content\/uploads\/2021\/04\/ochraniacze-40-cm.jpg 382w\" sizes=\"(max-width: 300px) 100vw, 300px\" \/><\/p><ul><li><strong>Ochraniacze na buty z folii, d\u0142ugie<br \/><\/strong>Ochraniacze jednorazowe<br \/>(bez pi\u0119ty) z gumk\u0105 (folia HDPE) &#8211; pakowane po 100 sztuk<br \/>grubo\u015b\u0107 0,025mm, wysoko\u015b\u0107 400mm<\/li><\/ul><p>\u00a0<\/p><p><a href=\"https:\/\/pepsyna.eu\"><img loading=\"lazy\" class=\"size-medium wp-image-882 aligncenter\" src=\"https:\/\/pepsyna.eu\/wp-content\/uploads\/2021\/04\/Ochraniacze-50cm-300x225.jpg\" alt=\"\" width=\"300\" height=\"225\" srcset=\"https:\/\/pepsyna.eu\/wp-content\/uploads\/2021\/04\/Ochraniacze-50cm-300x225.jpg 300w, https:\/\/pepsyna.eu\/wp-content\/uploads\/2021\/04\/Ochraniacze-50cm-160x120.jpg 160w, https:\/\/pepsyna.eu\/wp-content\/uploads\/2021\/04\/Ochraniacze-50cm.jpg 398w\" sizes=\"(max-width: 300px) 100vw, 300px\" \/><\/a><\/p><ul><li><strong>Ochraniacze jednorazowe<br \/><\/strong>(z ostrog\u0105-profilowane) z gumk\u0105 &#8211; pakowane po 50 sztuk<br \/>grubo\u015b\u0107 0,040mm, wysoko\u015b\u0107 500mm<\/li><\/ul><p>\u00a0<\/p><p>\u00a0<\/p><p><a href=\"https:\/\/pepsyna.eu\"><img loading=\"lazy\" class=\"size-medium wp-image-883 aligncenter\" src=\"https:\/\/pepsyna.eu\/wp-content\/uploads\/2021\/04\/Ochraniacze-50cm-45-mikronow-263x300.jpg\" alt=\"\" width=\"263\" height=\"300\" srcset=\"https:\/\/pepsyna.eu\/wp-content\/uploads\/2021\/04\/Ochraniacze-50cm-45-mikronow-263x300.jpg 263w, https:\/\/pepsyna.eu\/wp-content\/uploads\/2021\/04\/Ochraniacze-50cm-45-mikronow.jpg 370w\" sizes=\"(max-width: 263px) 100vw, 263px\" \/><\/a><\/p><ul><li><strong>Ochraniacze jednorazowe o\u00a0<\/strong><strong>du\u017cej wytrzyma\u0142o\u015bci<\/strong><strong>\u00a0wykonane z utwardzonej folii bez zgrzewu u podstawy.<br \/><\/strong>(z ostrog\u0105-profilowane) z gumk\u0105 &#8211; pakowane po 50 sztuk<br \/>grubo\u015b\u0107 0,045mm, wysoko\u015b\u0107 500mm<\/li><li>\u00a0<\/li><\/ul><p><img loading=\"lazy\" class=\"size-medium wp-image-884 aligncenter\" src=\"https:\/\/pepsyna.eu\/wp-content\/uploads\/2021\/04\/ochraniacze-krotkie-wlokninowe-300x152.jpg\" alt=\"\" width=\"300\" height=\"152\" srcset=\"https:\/\/pepsyna.eu\/wp-content\/uploads\/2021\/04\/ochraniacze-krotkie-wlokninowe-300x152.jpg 300w, https:\/\/pepsyna.eu\/wp-content\/uploads\/2021\/04\/ochraniacze-krotkie-wlokninowe.jpg 625w\" sizes=\"(max-width: 300px) 100vw, 300px\" \/><\/p><ul><li><strong>Ochraniacze z w\u0142\u00f3kniny lub folii na obuwie, kr\u00f3tkie<br \/><\/strong>\u2022dost\u0119pne kolory: niebieski, zielony<br \/>\u2022pakowany: w opakowanie foliowe i karton zbiorczy<br \/>\u2022Deklaracja Zgodno\u015bci CE<br \/>\u2022Ilo\u015b\u0107 sztuk w opakowaniu jednostkowym: 100<\/li><\/ul><p>\u00a0<\/p>\t\t\t\t\t<\/div>\n\t\t\t\t\t\t<\/div>\n\t\t\t\t<\/div>\n\t\t\t\t\t\t<\/div>\n\t\t\t\t\t<\/div>\n\t\t<\/div>\n\t\t\t\t\t\t\t\t<\/div>\n\t\t\t\t\t<\/div>\n\t\t<\/section>\n\t\t\t\t<section class=\"elementor-section elementor-top-section elementor-element elementor-element-4217cfa elementor-section-boxed elementor-section-height-default elementor-section-height-default\" data-id=\"4217cfa\" data-element_type=\"section\">\n\t\t\t\t\t\t<div class=\"elementor-container elementor-column-gap-default\">\n\t\t\t\t\t\t\t<div class=\"elementor-row\">\n\t\t\t\t\t<div class=\"elementor-column elementor-col-100 elementor-top-column elementor-element elementor-element-7631323\" data-id=\"7631323\" data-element_type=\"column\">\n\t\t\t<div class=\"elementor-column-wrap elementor-element-populated\">\n\t\t\t\t\t\t\t<div class=\"elementor-widget-wrap\">\n\t\t\t\t\t\t<div class=\"elementor-element elementor-element-33fa7e0 elementor-widget elementor-widget-text-editor\" data-id=\"33fa7e0\" data-element_type=\"widget\" data-widget_type=\"text-editor.default\">\n\t\t\t\t<div class=\"elementor-widget-container\">\n\t\t\t\t\t\t\t\t<div class=\"elementor-text-editor elementor-clearfix\">\n\t\t\t\t<p><a href=\"https:\/\/pepsyna.eu\"><img loading=\"lazy\" class=\"size-medium wp-image-880 aligncenter\" src=\"https:\/\/pepsyna.eu\/wp-content\/uploads\/2021\/04\/zestaw-300x207.jpg\" alt=\"\" width=\"300\" height=\"207\" srcset=\"https:\/\/pepsyna.eu\/wp-content\/uploads\/2021\/04\/zestaw-300x207.jpg 300w, https:\/\/pepsyna.eu\/wp-content\/uploads\/2021\/04\/zestaw-1024x706.jpg 1024w, https:\/\/pepsyna.eu\/wp-content\/uploads\/2021\/04\/zestaw-768x530.jpg 768w, https:\/\/pepsyna.eu\/wp-content\/uploads\/2021\/04\/zestaw.jpg 1496w\" sizes=\"(max-width: 300px) 100vw, 300px\" \/><\/a><\/p><ul><li><strong>Zestaw odzie\u017cy jednorazowej:<\/strong><br \/><br \/>&#8211; kombinezon z w\u0142\u00f3kniny<br \/>&#8211; r\u0119kawice (lateksowe lub winylowe lub nitrylowe)<br \/>&#8211; ochraniacze na buty kr\u00f3tkie lub d\u0142ugie, foliowe lub w\u0142\u00f3kninowe<\/li><\/ul>\t\t\t\t\t<\/div>\n\t\t\t\t\t\t<\/div>\n\t\t\t\t<\/div>\n\t\t\t\t\t\t<\/div>\n\t\t\t\t\t<\/div>\n\t\t<\/div>\n\t\t\t\t\t\t\t\t<\/div>\n\t\t\t\t\t<\/div>\n\t\t<\/section>\n\t\t\t\t\t\t<\/div>\n\t\t\t\t\t\t<\/div>\n\t\t\t\t\t<\/div>\n\t\t","protected":false},"excerpt":{"rendered":"<p>Ochraniacze na buty o du\u017cej wytrzyma\u0142o\u015bci wykonane z utwardzonej folii bez zgrzewu u podstawy (z ostrog\u0105-profilowane) z gumk\u0105 Grubo\u015b\u0107 0,050mm Wysoko\u015b\u0107 500mm \u00a0 \u00a0 Ochraniacze na buty z folii, d\u0142ugieOchraniacze jednorazowe(bez pi\u0119ty) z gumk\u0105 (folia HDPE) &#8211; pakowane po 100 sztukgrubo\u015b\u0107 0,025mm, wysoko\u015b\u0107 400mm \u00a0 Ochraniacze jednorazowe(z ostrog\u0105-profilowane) z gumk\u0105 &#8211; pakowane po 50 sztukgrubo\u015b\u0107&hellip;<\/p>\n","protected":false},"author":1,"featured_media":0,"parent":178,"menu_order":5,"comment_status":"closed","ping_status":"closed","template":"","meta":[],"yoast_head":"<!-- This site is optimized with the Yoast SEO plugin v17.6 - https:\/\/yoast.com\/wordpress\/plugins\/seo\/ -->\n<title>OCHRANIACZE NA BUTY -<\/title>\n<meta name=\"robots\" content=\"index, follow, max-snippet:-1, max-image-preview:large, max-video-preview:-1\" \/>\n<link rel=\"canonical\" href=\"https:\/\/pepsyna.eu\/index.php\/home-2\/odziez\/odziez-jednorazowa\/ochraniacze-na-buty\/\" \/>\n<meta property=\"og:locale\" content=\"pl_PL\" \/>\n<meta property=\"og:type\" content=\"article\" \/>\n<meta property=\"og:title\" content=\"OCHRANIACZE NA BUTY -\" \/>\n<meta property=\"og:description\" content=\"Ochraniacze na buty o du\u017cej wytrzyma\u0142o\u015bci wykonane z utwardzonej folii bez zgrzewu u podstawy (z ostrog\u0105-profilowane) z gumk\u0105 Grubo\u015b\u0107 0,050mm Wysoko\u015b\u0107 500mm \u00a0 \u00a0 Ochraniacze na buty z folii, d\u0142ugieOchraniacze jednorazowe(bez pi\u0119ty) z gumk\u0105 (folia HDPE) &#8211; pakowane po 100 sztukgrubo\u015b\u0107 0,025mm, wysoko\u015b\u0107 400mm \u00a0 Ochraniacze jednorazowe(z ostrog\u0105-profilowane) z gumk\u0105 &#8211; pakowane po 50 sztukgrubo\u015b\u0107&hellip;\" \/>\n<meta property=\"og:url\" content=\"https:\/\/pepsyna.eu\/index.php\/home-2\/odziez\/odziez-jednorazowa\/ochraniacze-na-buty\/\" \/>\n<meta property=\"article:modified_time\" content=\"2021-04-06T18:05:25+00:00\" \/>\n<meta property=\"og:image\" content=\"https:\/\/pepsyna.eu\/wp-content\/uploads\/2021\/04\/ochraniacze-foliowe-na-buty-205x300.jpg\" \/>\n<meta name=\"twitter:card\" content=\"summary_large_image\" \/>\n<meta name=\"twitter:label1\" content=\"Szacowany czas czytania\" \/>\n\t<meta name=\"twitter:data1\" content=\"2 minuty\" \/>\n<script type=\"application\/ld+json\" class=\"yoast-schema-graph\">{\"@context\":\"https:\/\/schema.org\",\"@graph\":[{\"@type\":\"Organization\",\"@id\":\"https:\/\/pepsyna.eu\/#organization\",\"name\":\"EPI 2\",\"url\":\"https:\/\/pepsyna.eu\/\",\"sameAs\":[],\"logo\":{\"@type\":\"ImageObject\",\"@id\":\"https:\/\/pepsyna.eu\/#logo\",\"inLanguage\":\"pl-PL\",\"url\":\"https:\/\/pepsyna.eu\/wp-content\/uploads\/2021\/03\/cropped-LOGO-EPI2-1.jpg\",\"contentUrl\":\"https:\/\/pepsyna.eu\/wp-content\/uploads\/2021\/03\/cropped-LOGO-EPI2-1.jpg\",\"width\":403,\"height\":85,\"caption\":\"EPI 2\"},\"image\":{\"@id\":\"https:\/\/pepsyna.eu\/#logo\"}},{\"@type\":\"WebSite\",\"@id\":\"https:\/\/pepsyna.eu\/#website\",\"url\":\"https:\/\/pepsyna.eu\/\",\"name\":\"WYSPOSA\\u017bENIE LABORATORYJNE\",\"description\":\"\",\"publisher\":{\"@id\":\"https:\/\/pepsyna.eu\/#organization\"},\"potentialAction\":[{\"@type\":\"SearchAction\",\"target\":{\"@type\":\"EntryPoint\",\"urlTemplate\":\"https:\/\/pepsyna.eu\/?s={search_term_string}\"},\"query-input\":\"required name=search_term_string\"}],\"inLanguage\":\"pl-PL\"},{\"@type\":\"ImageObject\",\"@id\":\"https:\/\/pepsyna.eu\/index.php\/home-2\/odziez\/odziez-jednorazowa\/ochraniacze-na-buty\/#primaryimage\",\"inLanguage\":\"pl-PL\",\"url\":\"https:\/\/pepsyna.eu\/wp-content\/uploads\/2021\/04\/ochraniacze-foliowe-na-buty.jpg\",\"contentUrl\":\"https:\/\/pepsyna.eu\/wp-content\/uploads\/2021\/04\/ochraniacze-foliowe-na-buty.jpg\",\"width\":545,\"height\":796},{\"@type\":\"WebPage\",\"@id\":\"https:\/\/pepsyna.eu\/index.php\/home-2\/odziez\/odziez-jednorazowa\/ochraniacze-na-buty\/#webpage\",\"url\":\"https:\/\/pepsyna.eu\/index.php\/home-2\/odziez\/odziez-jednorazowa\/ochraniacze-na-buty\/\",\"name\":\"OCHRANIACZE NA BUTY -\",\"isPartOf\":{\"@id\":\"https:\/\/pepsyna.eu\/#website\"},\"primaryImageOfPage\":{\"@id\":\"https:\/\/pepsyna.eu\/index.php\/home-2\/odziez\/odziez-jednorazowa\/ochraniacze-na-buty\/#primaryimage\"},\"datePublished\":\"2021-03-15T16:07:09+00:00\",\"dateModified\":\"2021-04-06T18:05:25+00:00\",\"breadcrumb\":{\"@id\":\"https:\/\/pepsyna.eu\/index.php\/home-2\/odziez\/odziez-jednorazowa\/ochraniacze-na-buty\/#breadcrumb\"},\"inLanguage\":\"pl-PL\",\"potentialAction\":[{\"@type\":\"ReadAction\",\"target\":[\"https:\/\/pepsyna.eu\/index.php\/home-2\/odziez\/odziez-jednorazowa\/ochraniacze-na-buty\/\"]}]},{\"@type\":\"BreadcrumbList\",\"@id\":\"https:\/\/pepsyna.eu\/index.php\/home-2\/odziez\/odziez-jednorazowa\/ochraniacze-na-buty\/#breadcrumb\",\"itemListElement\":[{\"@type\":\"ListItem\",\"position\":1,\"name\":\"Strona g\\u0142\\u00f3wna\",\"item\":\"https:\/\/pepsyna.eu\/\"},{\"@type\":\"ListItem\",\"position\":2,\"name\":\"EPI 2 OFERTA\",\"item\":\"https:\/\/pepsyna.eu\/\"},{\"@type\":\"ListItem\",\"position\":3,\"name\":\"ODZIE\\u017b\",\"item\":\"https:\/\/pepsyna.eu\/index.php\/home-2\/odziez\/\"},{\"@type\":\"ListItem\",\"position\":4,\"name\":\"ODZIE\\u017b JEDNORAZOWA\",\"item\":\"https:\/\/pepsyna.eu\/index.php\/home-2\/odziez\/odziez-jednorazowa\/\"},{\"@type\":\"ListItem\",\"position\":5,\"name\":\"OCHRANIACZE NA BUTY\"}]}]}<\/script>\n<!-- \/ Yoast SEO plugin. -->","yoast_head_json":{"title":"OCHRANIACZE NA BUTY -","robots":{"index":"index","follow":"follow","max-snippet":"max-snippet:-1","max-image-preview":"max-image-preview:large","max-video-preview":"max-video-preview:-1"},"canonical":"https:\/\/pepsyna.eu\/index.php\/home-2\/odziez\/odziez-jednorazowa\/ochraniacze-na-buty\/","og_locale":"pl_PL","og_type":"article","og_title":"OCHRANIACZE NA BUTY -","og_description":"Ochraniacze na buty o du\u017cej wytrzyma\u0142o\u015bci wykonane z utwardzonej folii bez zgrzewu u podstawy (z ostrog\u0105-profilowane) z gumk\u0105 Grubo\u015b\u0107 0,050mm Wysoko\u015b\u0107 500mm \u00a0 \u00a0 Ochraniacze na buty z folii, d\u0142ugieOchraniacze jednorazowe(bez pi\u0119ty) z gumk\u0105 (folia HDPE) &#8211; pakowane po 100 sztukgrubo\u015b\u0107 0,025mm, wysoko\u015b\u0107 400mm \u00a0 Ochraniacze jednorazowe(z ostrog\u0105-profilowane) z gumk\u0105 &#8211; pakowane po 50 sztukgrubo\u015b\u0107&hellip;","og_url":"https:\/\/pepsyna.eu\/index.php\/home-2\/odziez\/odziez-jednorazowa\/ochraniacze-na-buty\/","article_modified_time":"2021-04-06T18:05:25+00:00","og_image":[{"url":"https:\/\/pepsyna.eu\/wp-content\/uploads\/2021\/04\/ochraniacze-foliowe-na-buty-205x300.jpg"}],"twitter_card":"summary_large_image","twitter_misc":{"Szacowany czas czytania":"2 minuty"},"schema":{"@context":"https:\/\/schema.org","@graph":[{"@type":"Organization","@id":"https:\/\/pepsyna.eu\/#organization","name":"EPI 2","url":"https:\/\/pepsyna.eu\/","sameAs":[],"logo":{"@type":"ImageObject","@id":"https:\/\/pepsyna.eu\/#logo","inLanguage":"pl-PL","url":"https:\/\/pepsyna.eu\/wp-content\/uploads\/2021\/03\/cropped-LOGO-EPI2-1.jpg","contentUrl":"https:\/\/pepsyna.eu\/wp-content\/uploads\/2021\/03\/cropped-LOGO-EPI2-1.jpg","width":403,"height":85,"caption":"EPI 2"},"image":{"@id":"https:\/\/pepsyna.eu\/#logo"}},{"@type":"WebSite","@id":"https:\/\/pepsyna.eu\/#website","url":"https:\/\/pepsyna.eu\/","name":"WYSPOSA\u017bENIE LABORATORYJNE","description":"","publisher":{"@id":"https:\/\/pepsyna.eu\/#organization"},"potentialAction":[{"@type":"SearchAction","target":{"@type":"EntryPoint","urlTemplate":"https:\/\/pepsyna.eu\/?s={search_term_string}"},"query-input":"required name=search_term_string"}],"inLanguage":"pl-PL"},{"@type":"ImageObject","@id":"https:\/\/pepsyna.eu\/index.php\/home-2\/odziez\/odziez-jednorazowa\/ochraniacze-na-buty\/#primaryimage","inLanguage":"pl-PL","url":"https:\/\/pepsyna.eu\/wp-content\/uploads\/2021\/04\/ochraniacze-foliowe-na-buty.jpg","contentUrl":"https:\/\/pepsyna.eu\/wp-content\/uploads\/2021\/04\/ochraniacze-foliowe-na-buty.jpg","width":545,"height":796},{"@type":"WebPage","@id":"https:\/\/pepsyna.eu\/index.php\/home-2\/odziez\/odziez-jednorazowa\/ochraniacze-na-buty\/#webpage","url":"https:\/\/pepsyna.eu\/index.php\/home-2\/odziez\/odziez-jednorazowa\/ochraniacze-na-buty\/","name":"OCHRANIACZE NA BUTY -","isPartOf":{"@id":"https:\/\/pepsyna.eu\/#website"},"primaryImageOfPage":{"@id":"https:\/\/pepsyna.eu\/index.php\/home-2\/odziez\/odziez-jednorazowa\/ochraniacze-na-buty\/#primaryimage"},"datePublished":"2021-03-15T16:07:09+00:00","dateModified":"2021-04-06T18:05:25+00:00","breadcrumb":{"@id":"https:\/\/pepsyna.eu\/index.php\/home-2\/odziez\/odziez-jednorazowa\/ochraniacze-na-buty\/#breadcrumb"},"inLanguage":"pl-PL","potentialAction":[{"@type":"ReadAction","target":["https:\/\/pepsyna.eu\/index.php\/home-2\/odziez\/odziez-jednorazowa\/ochraniacze-na-buty\/"]}]},{"@type":"BreadcrumbList","@id":"https:\/\/pepsyna.eu\/index.php\/home-2\/odziez\/odziez-jednorazowa\/ochraniacze-na-buty\/#breadcrumb","itemListElement":[{"@type":"ListItem","position":1,"name":"Strona g\u0142\u00f3wna","item":"https:\/\/pepsyna.eu\/"},{"@type":"ListItem","position":2,"name":"EPI 2 OFERTA","item":"https:\/\/pepsyna.eu\/"},{"@type":"ListItem","position":3,"name":"ODZIE\u017b","item":"https:\/\/pepsyna.eu\/index.php\/home-2\/odziez\/"},{"@type":"ListItem","position":4,"name":"ODZIE\u017b JEDNORAZOWA","item":"https:\/\/pepsyna.eu\/index.php\/home-2\/odziez\/odziez-jednorazowa\/"},{"@type":"ListItem","position":5,"name":"OCHRANIACZE NA BUTY"}]}]}},"_links":{"self":[{"href":"https:\/\/pepsyna.eu\/index.php\/wp-json\/wp\/v2\/pages\/188"}],"collection":[{"href":"https:\/\/pepsyna.eu\/index.php\/wp-json\/wp\/v2\/pages"}],"about":[{"href":"https:\/\/pepsyna.eu\/index.php\/wp-json\/wp\/v2\/types\/page"}],"author":[{"embeddable":true,"href":"https:\/\/pepsyna.eu\/index.php\/wp-json\/wp\/v2\/users\/1"}],"replies":[{"embeddable":true,"href":"https:\/\/pepsyna.eu\/index.php\/wp-json\/wp\/v2\/comments?post=188"}],"version-history":[{"count":10,"href":"https:\/\/pepsyna.eu\/index.php\/wp-json\/wp\/v2\/pages\/188\/revisions"}],"predecessor-version":[{"id":887,"href":"https:\/\/pepsyna.eu\/index.php\/wp-json\/wp\/v2\/pages\/188\/revisions\/887"}],"up":[{"embeddable":true,"href":"https:\/\/pepsyna.eu\/index.php\/wp-json\/wp\/v2\/pages\/178"}],"wp:attachment":[{"href":"https:\/\/pepsyna.eu\/index.php\/wp-json\/wp\/v2\/media?parent=188"}],"curies":[{"name":"wp","href":"https:\/\/api.w.org\/{rel}","templated":true}]}}