{"id":186,"date":"2021-03-15T16:05:51","date_gmt":"2021-03-15T16:05:51","guid":{"rendered":"http:\/\/pepsyna.eu\/?page_id=186"},"modified":"2021-04-12T12:27:51","modified_gmt":"2021-04-12T12:27:51","slug":"kombinezony","status":"publish","type":"page","link":"https:\/\/pepsyna.eu\/index.php\/home-2\/odziez\/odziez-jednorazowa\/kombinezony\/","title":{"rendered":"KOMBINEZONY"},"content":{"rendered":"\t\t<div data-elementor-type=\"wp-page\" data-elementor-id=\"186\" class=\"elementor elementor-186\" data-elementor-settings=\"[]\">\n\t\t\t\t\t\t<div class=\"elementor-inner\">\n\t\t\t\t\t\t\t<div class=\"elementor-section-wrap\">\n\t\t\t\t\t\t\t<section class=\"elementor-section elementor-top-section elementor-element elementor-element-4997d913 elementor-section-boxed elementor-section-height-default elementor-section-height-default\" data-id=\"4997d913\" data-element_type=\"section\">\n\t\t\t\t\t\t<div class=\"elementor-container elementor-column-gap-default\">\n\t\t\t\t\t\t\t<div class=\"elementor-row\">\n\t\t\t\t\t<div class=\"elementor-column elementor-col-100 elementor-top-column elementor-element elementor-element-1bc73af0\" data-id=\"1bc73af0\" data-element_type=\"column\">\n\t\t\t<div class=\"elementor-column-wrap elementor-element-populated\">\n\t\t\t\t\t\t\t<div class=\"elementor-widget-wrap\">\n\t\t\t\t\t\t<div class=\"elementor-element elementor-element-3417e669 elementor-widget elementor-widget-text-editor\" data-id=\"3417e669\" data-element_type=\"widget\" data-widget_type=\"text-editor.default\">\n\t\t\t\t<div class=\"elementor-widget-container\">\n\t\t\t\t\t\t\t\t<div class=\"elementor-text-editor elementor-clearfix\">\n\t\t\t\t<p><a href=\"https:\/\/pepsyna.eu\"><img loading=\"lazy\" class=\"size-medium wp-image-834 aligncenter\" src=\"https:\/\/pepsyna.eu\/wp-content\/uploads\/2021\/04\/kombinezon-z-wlokniny-167x300.png\" alt=\"\" width=\"167\" height=\"300\" srcset=\"https:\/\/pepsyna.eu\/wp-content\/uploads\/2021\/04\/kombinezon-z-wlokniny-167x300.png 167w, https:\/\/pepsyna.eu\/wp-content\/uploads\/2021\/04\/kombinezon-z-wlokniny.png 531w\" sizes=\"(max-width: 167px) 100vw, 167px\" \/><\/a><\/p><ul><li>Kombinezon z w\u0142\u00f3kniny\u00a0<\/li><li>Rozmiar: M do XXXL<\/li><li>Kolory: bia\u0142y, granatowy<\/li><li>R\u00f3\u017cne marki od 30 g\/m2 do 60 g\/m2<\/li><li>PP, PP+PE<\/li><li>Krutex<\/li><li>Lamicom<\/li><li>Protec Classic<\/li><\/ul><p><img loading=\"lazy\" class=\"size-medium wp-image-864 aligncenter\" src=\"https:\/\/pepsyna.eu\/wp-content\/uploads\/2021\/04\/kombinezon-en-14126-230x300.jpg\" alt=\"\" width=\"230\" height=\"300\" srcset=\"https:\/\/pepsyna.eu\/wp-content\/uploads\/2021\/04\/kombinezon-en-14126-230x300.jpg 230w, https:\/\/pepsyna.eu\/wp-content\/uploads\/2021\/04\/kombinezon-en-14126.jpg 336w\" sizes=\"(max-width: 230px) 100vw, 230px\" \/><\/p><ul><li>Kombinezony Typ 5 i 6<\/li><li>odpowiadaj\u0105ce normom:<\/li><li>EN 14126<\/li><li>EN 13982 &#8211; 1<\/li><li>EN 13034<\/li><li>EN 1149 &#8211; 5<\/li><li>1073 &#8211; 2.<\/li><\/ul>\t\t\t\t\t<\/div>\n\t\t\t\t\t\t<\/div>\n\t\t\t\t<\/div>\n\t\t\t\t\t\t<\/div>\n\t\t\t\t\t<\/div>\n\t\t<\/div>\n\t\t\t\t\t\t\t\t<\/div>\n\t\t\t\t\t<\/div>\n\t\t<\/section>\n\t\t\t\t\t\t<\/div>\n\t\t\t\t\t\t<\/div>\n\t\t\t\t\t<\/div>\n\t\t","protected":false},"excerpt":{"rendered":"<p>Kombinezon z w\u0142\u00f3kniny\u00a0 Rozmiar: M do XXXL Kolory: bia\u0142y, granatowy R\u00f3\u017cne marki od 30 g\/m2 do 60 g\/m2 PP, PP+PE Krutex Lamicom Protec Classic Kombinezony Typ 5 i 6 odpowiadaj\u0105ce normom: EN 14126 EN 13982 &#8211; 1 EN 13034 EN 1149 &#8211; 5 1073 &#8211; 2.<\/p>\n","protected":false},"author":1,"featured_media":0,"parent":178,"menu_order":4,"comment_status":"closed","ping_status":"closed","template":"","meta":[],"yoast_head":"<!-- This site is optimized with the Yoast SEO plugin v17.6 - https:\/\/yoast.com\/wordpress\/plugins\/seo\/ -->\n<title>KOMBINEZONY -<\/title>\n<meta name=\"robots\" content=\"index, follow, max-snippet:-1, max-image-preview:large, max-video-preview:-1\" \/>\n<link rel=\"canonical\" href=\"https:\/\/pepsyna.eu\/index.php\/home-2\/odziez\/odziez-jednorazowa\/kombinezony\/\" \/>\n<meta property=\"og:locale\" content=\"pl_PL\" \/>\n<meta property=\"og:type\" content=\"article\" \/>\n<meta property=\"og:title\" content=\"KOMBINEZONY -\" \/>\n<meta property=\"og:description\" content=\"Kombinezon z w\u0142\u00f3kniny\u00a0 Rozmiar: M do XXXL Kolory: bia\u0142y, granatowy R\u00f3\u017cne marki od 30 g\/m2 do 60 g\/m2 PP, PP+PE Krutex Lamicom Protec Classic Kombinezony Typ 5 i 6 odpowiadaj\u0105ce normom: EN 14126 EN 13982 &#8211; 1 EN 13034 EN 1149 &#8211; 5 1073 &#8211; 2.\" \/>\n<meta property=\"og:url\" content=\"https:\/\/pepsyna.eu\/index.php\/home-2\/odziez\/odziez-jednorazowa\/kombinezony\/\" \/>\n<meta property=\"article:modified_time\" content=\"2021-04-12T12:27:51+00:00\" \/>\n<meta property=\"og:image\" content=\"https:\/\/pepsyna.eu\/wp-content\/uploads\/2021\/04\/kombinezon-z-wlokniny-167x300.png\" \/>\n<meta name=\"twitter:card\" content=\"summary_large_image\" \/>\n<meta name=\"twitter:label1\" content=\"Szacowany czas czytania\" \/>\n\t<meta name=\"twitter:data1\" content=\"1 minuta\" \/>\n<script type=\"application\/ld+json\" class=\"yoast-schema-graph\">{\"@context\":\"https:\/\/schema.org\",\"@graph\":[{\"@type\":\"Organization\",\"@id\":\"https:\/\/pepsyna.eu\/#organization\",\"name\":\"EPI 2\",\"url\":\"https:\/\/pepsyna.eu\/\",\"sameAs\":[],\"logo\":{\"@type\":\"ImageObject\",\"@id\":\"https:\/\/pepsyna.eu\/#logo\",\"inLanguage\":\"pl-PL\",\"url\":\"https:\/\/pepsyna.eu\/wp-content\/uploads\/2021\/03\/cropped-LOGO-EPI2-1.jpg\",\"contentUrl\":\"https:\/\/pepsyna.eu\/wp-content\/uploads\/2021\/03\/cropped-LOGO-EPI2-1.jpg\",\"width\":403,\"height\":85,\"caption\":\"EPI 2\"},\"image\":{\"@id\":\"https:\/\/pepsyna.eu\/#logo\"}},{\"@type\":\"WebSite\",\"@id\":\"https:\/\/pepsyna.eu\/#website\",\"url\":\"https:\/\/pepsyna.eu\/\",\"name\":\"WYSPOSA\\u017bENIE LABORATORYJNE\",\"description\":\"\",\"publisher\":{\"@id\":\"https:\/\/pepsyna.eu\/#organization\"},\"potentialAction\":[{\"@type\":\"SearchAction\",\"target\":{\"@type\":\"EntryPoint\",\"urlTemplate\":\"https:\/\/pepsyna.eu\/?s={search_term_string}\"},\"query-input\":\"required name=search_term_string\"}],\"inLanguage\":\"pl-PL\"},{\"@type\":\"ImageObject\",\"@id\":\"https:\/\/pepsyna.eu\/index.php\/home-2\/odziez\/odziez-jednorazowa\/kombinezony\/#primaryimage\",\"inLanguage\":\"pl-PL\",\"url\":\"https:\/\/pepsyna.eu\/wp-content\/uploads\/2021\/04\/kombinezon-z-wlokniny.png\",\"contentUrl\":\"https:\/\/pepsyna.eu\/wp-content\/uploads\/2021\/04\/kombinezon-z-wlokniny.png\",\"width\":531,\"height\":953},{\"@type\":\"WebPage\",\"@id\":\"https:\/\/pepsyna.eu\/index.php\/home-2\/odziez\/odziez-jednorazowa\/kombinezony\/#webpage\",\"url\":\"https:\/\/pepsyna.eu\/index.php\/home-2\/odziez\/odziez-jednorazowa\/kombinezony\/\",\"name\":\"KOMBINEZONY -\",\"isPartOf\":{\"@id\":\"https:\/\/pepsyna.eu\/#website\"},\"primaryImageOfPage\":{\"@id\":\"https:\/\/pepsyna.eu\/index.php\/home-2\/odziez\/odziez-jednorazowa\/kombinezony\/#primaryimage\"},\"datePublished\":\"2021-03-15T16:05:51+00:00\",\"dateModified\":\"2021-04-12T12:27:51+00:00\",\"breadcrumb\":{\"@id\":\"https:\/\/pepsyna.eu\/index.php\/home-2\/odziez\/odziez-jednorazowa\/kombinezony\/#breadcrumb\"},\"inLanguage\":\"pl-PL\",\"potentialAction\":[{\"@type\":\"ReadAction\",\"target\":[\"https:\/\/pepsyna.eu\/index.php\/home-2\/odziez\/odziez-jednorazowa\/kombinezony\/\"]}]},{\"@type\":\"BreadcrumbList\",\"@id\":\"https:\/\/pepsyna.eu\/index.php\/home-2\/odziez\/odziez-jednorazowa\/kombinezony\/#breadcrumb\",\"itemListElement\":[{\"@type\":\"ListItem\",\"position\":1,\"name\":\"Strona g\\u0142\\u00f3wna\",\"item\":\"https:\/\/pepsyna.eu\/\"},{\"@type\":\"ListItem\",\"position\":2,\"name\":\"EPI 2 OFERTA\",\"item\":\"https:\/\/pepsyna.eu\/\"},{\"@type\":\"ListItem\",\"position\":3,\"name\":\"ODZIE\\u017b\",\"item\":\"https:\/\/pepsyna.eu\/index.php\/home-2\/odziez\/\"},{\"@type\":\"ListItem\",\"position\":4,\"name\":\"ODZIE\\u017b JEDNORAZOWA\",\"item\":\"https:\/\/pepsyna.eu\/index.php\/home-2\/odziez\/odziez-jednorazowa\/\"},{\"@type\":\"ListItem\",\"position\":5,\"name\":\"KOMBINEZONY\"}]}]}<\/script>\n<!-- \/ Yoast SEO plugin. -->","yoast_head_json":{"title":"KOMBINEZONY -","robots":{"index":"index","follow":"follow","max-snippet":"max-snippet:-1","max-image-preview":"max-image-preview:large","max-video-preview":"max-video-preview:-1"},"canonical":"https:\/\/pepsyna.eu\/index.php\/home-2\/odziez\/odziez-jednorazowa\/kombinezony\/","og_locale":"pl_PL","og_type":"article","og_title":"KOMBINEZONY -","og_description":"Kombinezon z w\u0142\u00f3kniny\u00a0 Rozmiar: M do XXXL Kolory: bia\u0142y, granatowy R\u00f3\u017cne marki od 30 g\/m2 do 60 g\/m2 PP, PP+PE Krutex Lamicom Protec Classic Kombinezony Typ 5 i 6 odpowiadaj\u0105ce normom: EN 14126 EN 13982 &#8211; 1 EN 13034 EN 1149 &#8211; 5 1073 &#8211; 2.","og_url":"https:\/\/pepsyna.eu\/index.php\/home-2\/odziez\/odziez-jednorazowa\/kombinezony\/","article_modified_time":"2021-04-12T12:27:51+00:00","og_image":[{"url":"https:\/\/pepsyna.eu\/wp-content\/uploads\/2021\/04\/kombinezon-z-wlokniny-167x300.png"}],"twitter_card":"summary_large_image","twitter_misc":{"Szacowany czas czytania":"1 minuta"},"schema":{"@context":"https:\/\/schema.org","@graph":[{"@type":"Organization","@id":"https:\/\/pepsyna.eu\/#organization","name":"EPI 2","url":"https:\/\/pepsyna.eu\/","sameAs":[],"logo":{"@type":"ImageObject","@id":"https:\/\/pepsyna.eu\/#logo","inLanguage":"pl-PL","url":"https:\/\/pepsyna.eu\/wp-content\/uploads\/2021\/03\/cropped-LOGO-EPI2-1.jpg","contentUrl":"https:\/\/pepsyna.eu\/wp-content\/uploads\/2021\/03\/cropped-LOGO-EPI2-1.jpg","width":403,"height":85,"caption":"EPI 2"},"image":{"@id":"https:\/\/pepsyna.eu\/#logo"}},{"@type":"WebSite","@id":"https:\/\/pepsyna.eu\/#website","url":"https:\/\/pepsyna.eu\/","name":"WYSPOSA\u017bENIE LABORATORYJNE","description":"","publisher":{"@id":"https:\/\/pepsyna.eu\/#organization"},"potentialAction":[{"@type":"SearchAction","target":{"@type":"EntryPoint","urlTemplate":"https:\/\/pepsyna.eu\/?s={search_term_string}"},"query-input":"required name=search_term_string"}],"inLanguage":"pl-PL"},{"@type":"ImageObject","@id":"https:\/\/pepsyna.eu\/index.php\/home-2\/odziez\/odziez-jednorazowa\/kombinezony\/#primaryimage","inLanguage":"pl-PL","url":"https:\/\/pepsyna.eu\/wp-content\/uploads\/2021\/04\/kombinezon-z-wlokniny.png","contentUrl":"https:\/\/pepsyna.eu\/wp-content\/uploads\/2021\/04\/kombinezon-z-wlokniny.png","width":531,"height":953},{"@type":"WebPage","@id":"https:\/\/pepsyna.eu\/index.php\/home-2\/odziez\/odziez-jednorazowa\/kombinezony\/#webpage","url":"https:\/\/pepsyna.eu\/index.php\/home-2\/odziez\/odziez-jednorazowa\/kombinezony\/","name":"KOMBINEZONY -","isPartOf":{"@id":"https:\/\/pepsyna.eu\/#website"},"primaryImageOfPage":{"@id":"https:\/\/pepsyna.eu\/index.php\/home-2\/odziez\/odziez-jednorazowa\/kombinezony\/#primaryimage"},"datePublished":"2021-03-15T16:05:51+00:00","dateModified":"2021-04-12T12:27:51+00:00","breadcrumb":{"@id":"https:\/\/pepsyna.eu\/index.php\/home-2\/odziez\/odziez-jednorazowa\/kombinezony\/#breadcrumb"},"inLanguage":"pl-PL","potentialAction":[{"@type":"ReadAction","target":["https:\/\/pepsyna.eu\/index.php\/home-2\/odziez\/odziez-jednorazowa\/kombinezony\/"]}]},{"@type":"BreadcrumbList","@id":"https:\/\/pepsyna.eu\/index.php\/home-2\/odziez\/odziez-jednorazowa\/kombinezony\/#breadcrumb","itemListElement":[{"@type":"ListItem","position":1,"name":"Strona g\u0142\u00f3wna","item":"https:\/\/pepsyna.eu\/"},{"@type":"ListItem","position":2,"name":"EPI 2 OFERTA","item":"https:\/\/pepsyna.eu\/"},{"@type":"ListItem","position":3,"name":"ODZIE\u017b","item":"https:\/\/pepsyna.eu\/index.php\/home-2\/odziez\/"},{"@type":"ListItem","position":4,"name":"ODZIE\u017b JEDNORAZOWA","item":"https:\/\/pepsyna.eu\/index.php\/home-2\/odziez\/odziez-jednorazowa\/"},{"@type":"ListItem","position":5,"name":"KOMBINEZONY"}]}]}},"_links":{"self":[{"href":"https:\/\/pepsyna.eu\/index.php\/wp-json\/wp\/v2\/pages\/186"}],"collection":[{"href":"https:\/\/pepsyna.eu\/index.php\/wp-json\/wp\/v2\/pages"}],"about":[{"href":"https:\/\/pepsyna.eu\/index.php\/wp-json\/wp\/v2\/types\/page"}],"author":[{"embeddable":true,"href":"https:\/\/pepsyna.eu\/index.php\/wp-json\/wp\/v2\/users\/1"}],"replies":[{"embeddable":true,"href":"https:\/\/pepsyna.eu\/index.php\/wp-json\/wp\/v2\/comments?post=186"}],"version-history":[{"count":13,"href":"https:\/\/pepsyna.eu\/index.php\/wp-json\/wp\/v2\/pages\/186\/revisions"}],"predecessor-version":[{"id":945,"href":"https:\/\/pepsyna.eu\/index.php\/wp-json\/wp\/v2\/pages\/186\/revisions\/945"}],"up":[{"embeddable":true,"href":"https:\/\/pepsyna.eu\/index.php\/wp-json\/wp\/v2\/pages\/178"}],"wp:attachment":[{"href":"https:\/\/pepsyna.eu\/index.php\/wp-json\/wp\/v2\/media?parent=186"}],"curies":[{"name":"wp","href":"https:\/\/api.w.org\/{rel}","templated":true}]}}