{"id":184,"date":"2021-03-15T16:05:03","date_gmt":"2021-03-15T16:05:03","guid":{"rendered":"http:\/\/pepsyna.eu\/?page_id=184"},"modified":"2021-04-06T22:05:46","modified_gmt":"2021-04-06T22:05:46","slug":"fartuchy","status":"publish","type":"page","link":"https:\/\/pepsyna.eu\/index.php\/home-2\/odziez\/odziez-jednorazowa\/fartuchy\/","title":{"rendered":"FARTUCHY"},"content":{"rendered":"\t\t<div data-elementor-type=\"wp-page\" data-elementor-id=\"184\" class=\"elementor elementor-184\" data-elementor-settings=\"[]\">\n\t\t\t\t\t\t<div class=\"elementor-inner\">\n\t\t\t\t\t\t\t<div class=\"elementor-section-wrap\">\n\t\t\t\t\t\t\t<section class=\"elementor-section elementor-top-section elementor-element elementor-element-7106edc2 elementor-section-boxed elementor-section-height-default elementor-section-height-default\" data-id=\"7106edc2\" data-element_type=\"section\">\n\t\t\t\t\t\t<div class=\"elementor-container elementor-column-gap-default\">\n\t\t\t\t\t\t\t<div class=\"elementor-row\">\n\t\t\t\t\t<div class=\"elementor-column elementor-col-100 elementor-top-column elementor-element elementor-element-7fb7563d\" data-id=\"7fb7563d\" data-element_type=\"column\">\n\t\t\t<div class=\"elementor-column-wrap elementor-element-populated\">\n\t\t\t\t\t\t\t<div class=\"elementor-widget-wrap\">\n\t\t\t\t\t\t<div class=\"elementor-element elementor-element-58fbdbc7 elementor-widget elementor-widget-text-editor\" data-id=\"58fbdbc7\" data-element_type=\"widget\" data-widget_type=\"text-editor.default\">\n\t\t\t\t<div class=\"elementor-widget-container\">\n\t\t\t\t\t\t\t\t<div class=\"elementor-text-editor elementor-clearfix\">\n\t\t\t\t<p><!-- wp:paragraph --><\/p>\n<p><a href=\"https:\/\/pepsyna.eu\"><img loading=\"lazy\" class=\"wp-image-813 size-medium aligncenter\" src=\"https:\/\/pepsyna.eu\/wp-content\/uploads\/2021\/03\/Fartuch-na-napy-300x300.jpg\" alt=\"\" width=\"300\" height=\"300\" srcset=\"https:\/\/pepsyna.eu\/wp-content\/uploads\/2021\/03\/Fartuch-na-napy-300x300.jpg 300w, https:\/\/pepsyna.eu\/wp-content\/uploads\/2021\/03\/Fartuch-na-napy-150x150.jpg 150w, https:\/\/pepsyna.eu\/wp-content\/uploads\/2021\/03\/Fartuch-na-napy.jpg 660w\" sizes=\"(max-width: 300px) 100vw, 300px\" \/><\/a><\/p>\n<p>\u00a0<\/p>\n<ul>\n<li>Fartuch higieniczny z w\u0142\u00f3kniny wi\u0105zany na troki , bez ko\u0142nierzyka, mankiety \u015bci\u0105gane lekko gumk\u0105 lub \u015bci\u0105gaczem<\/li>\n<li>Kolory: bia\u0142y, niebieski, zielony<\/li>\n<li>Rozmiary od M do XXL<\/li>\n<\/ul>\n<p><a href=\"https:\/\/pepsyna.eu\"><img loading=\"lazy\" class=\"size-medium wp-image-829 aligncenter\" src=\"https:\/\/pepsyna.eu\/wp-content\/uploads\/2021\/04\/Fartuch-na-napy-2-187x300.jpg\" alt=\"\" width=\"187\" height=\"300\" srcset=\"https:\/\/pepsyna.eu\/wp-content\/uploads\/2021\/04\/Fartuch-na-napy-2-187x300.jpg 187w, https:\/\/pepsyna.eu\/wp-content\/uploads\/2021\/04\/Fartuch-na-napy-2-639x1024.jpg 639w, https:\/\/pepsyna.eu\/wp-content\/uploads\/2021\/04\/Fartuch-na-napy-2.jpg 717w\" sizes=\"(max-width: 187px) 100vw, 187px\" \/><\/a><\/p>\n<p>\u00a0<\/p>\n<ul>\n<li>Fartuch na napy lub na rzepy z kieszeniami lub bez kieszeni<\/li>\n<li>R\u0119kawy \u015bci\u0105gane lekko gumk\u0105<\/li>\n<li>Kolory: bia\u0142y, niebieski, zielony<\/li>\n<li>Rozmiary od M do XXL<\/li>\n<\/ul>\n<p>\u00a0<\/p>\n<p><a href=\"https:\/\/pepsyna.eu\"><img loading=\"lazy\" class=\"size-medium wp-image-830 aligncenter\" src=\"https:\/\/pepsyna.eu\/wp-content\/uploads\/2021\/04\/foliowy-158x300.jpg\" alt=\"\" width=\"158\" height=\"300\" srcset=\"https:\/\/pepsyna.eu\/wp-content\/uploads\/2021\/04\/foliowy-158x300.jpg 158w, https:\/\/pepsyna.eu\/wp-content\/uploads\/2021\/04\/foliowy.jpg 416w\" sizes=\"(max-width: 158px) 100vw, 158px\" \/><\/a><\/p>\n<p>\u00a0<\/p>\n<ul>\n<li>Fartuch foliowy przedni z folii PE zak\u0142adany przez g\u0142ow\u0119, wi\u0105zany z ty\u0142u na troki.\u00a0\u00a0<\/li>\n<li>Kolory: bia\u0142y, niebieski<\/li>\n<\/ul>\n<p>\u00a0<\/p>\n<p>\u00a0<\/p>\n<p><img loading=\"lazy\" class=\"size-medium wp-image-889 aligncenter\" src=\"https:\/\/pepsyna.eu\/wp-content\/uploads\/2021\/04\/Fartuchy-gumowe-300x268.jpg\" alt=\"\" width=\"300\" height=\"268\" srcset=\"https:\/\/pepsyna.eu\/wp-content\/uploads\/2021\/04\/Fartuchy-gumowe-300x268.jpg 300w, https:\/\/pepsyna.eu\/wp-content\/uploads\/2021\/04\/Fartuchy-gumowe-768x687.jpg 768w, https:\/\/pepsyna.eu\/wp-content\/uploads\/2021\/04\/Fartuchy-gumowe.jpg 849w\" sizes=\"(max-width: 300px) 100vw, 300px\" \/><\/p>\n<ul>\n<li><strong>FARTUCHY I BUTY GUMOWE<br \/><\/strong><br \/>1. Fartuch gumowy wykonany z poliuretanu o grubo\u015bci 300 \u00b5<br \/><br \/>Wykonany w 100% z poliuretanu.<br \/>Nie posiada podszewki bawe\u0142nianej i nie nasi\u0105ka wod\u0105 i brudem.<br \/>Fragmenty materia\u0142u nie odrywaj\u0105 si\u0119 od fartucha dzi\u0119ki temu nie ma ryzyka przedostania si\u0119 ich do produkt\u00f3w.<br \/>Wysoka odporno\u015b\u0107 na t\u0142uszcze zwierz\u0119ce i krew. Odporny na plamy z chloru i kwasu solnego 37%.<br \/>Temperatura u\u017cytkowa: do 85\u00b0C<br \/>Grubo\u015b\u0107: 300\u00b5<br \/>Gramatura: 370 g\/m2<br \/>Kolor: bia\u0142y, czerwony, \u017c\u00f3\u0142ty, br\u0105zowy, niebieski<br \/>&#8211; ROZMIAR 90 x 115<br \/>&#8211; ROZMIAR 100 x 140<br \/>&#8211; ROZMIAR 120 x 120 ( bardzo du\u017cy fartuch na szerokich szelkach )<\/li>\n<\/ul>\n<p>\u00a0<\/p>\n<p>\u00a0<\/p>\n<p><a href=\"https:\/\/pepsyna.eu\"><img loading=\"lazy\" class=\"size-medium wp-image-890 aligncenter\" src=\"https:\/\/pepsyna.eu\/wp-content\/uploads\/2021\/04\/Fartuch-nitrylowy-137x300.jpg\" alt=\"\" width=\"137\" height=\"300\" srcset=\"https:\/\/pepsyna.eu\/wp-content\/uploads\/2021\/04\/Fartuch-nitrylowy-137x300.jpg 137w, https:\/\/pepsyna.eu\/wp-content\/uploads\/2021\/04\/Fartuch-nitrylowy.jpg 219w\" sizes=\"(max-width: 137px) 100vw, 137px\" \/><\/a><\/p>\n<ul>\n<li>Fartuch gumowy wykonany z NITRYLU o grubo\u015bci 500 \u00b5<br \/><br \/>Fartuch przystosowany do u\u017cytku w przemy\u015ble rolno-spo\u017cywczym. Posiada odporno\u015b\u0107 na t\u0142uszcze zwierz\u0119ce i krew. Fartuch antybakteryjny (dost\u0119pny certyfikat).<br \/>Pokrycie: nitryl z dw\u00f3ch stron na podk\u0142adzie poliestrowym<br \/>Kolor: bia\u0142y<br \/>Grubo\u015b\u0107: 500 \u00b5<br \/>Gramatura: 620 g\/m2<br \/>Rozmiar standardowy: 90 x 120 cm<br \/>Temperatura u\u017cytkowa: do +130\u00b0C<br \/>Fartuch zgodny z wymogami dyrektywy europejskiej 89\/686\/CEE<\/li>\n<\/ul>\n<p>\u00a0<\/p>\n<p><img class=\"aligncenter\" src=\"https:\/\/pepsyna.eu\/wp-content\/uploads\/2021\/04\/Fartuch-nitrylowy-137x300.jpg\" \/><\/p>\n<ul>\n<li>\u00a0Fartuch gumowy ochronny wykonany z poliuretanu<br \/><br \/>Kolor: bia\u0142y<br \/>R\u0119kaw z wszyt\u0105 gumk\u0105. Elastyczne mankiety. Wzmocniony prz\u00f3d fartucha dla lepszej ochrony. Ta\u015bma z ty\u0142u fartucha. G\u0119sty scieg szw\u00f3w. Temperatura prania:95\u00b0C<\/li>\n<\/ul>\n<p>\u00a0<\/p>\n<p>\u00a0<\/p>\n<p>\u00a0<\/p>\n<p><img loading=\"lazy\" class=\" wp-image-895 aligncenter\" src=\"https:\/\/pepsyna.eu\/wp-content\/uploads\/2021\/04\/fartuch-dla-przemyslu-miesnego-274x300.jpg\" alt=\"\" width=\"207\" height=\"226\" srcset=\"https:\/\/pepsyna.eu\/wp-content\/uploads\/2021\/04\/fartuch-dla-przemyslu-miesnego-274x300.jpg 274w, https:\/\/pepsyna.eu\/wp-content\/uploads\/2021\/04\/fartuch-dla-przemyslu-miesnego.jpg 445w\" sizes=\"(max-width: 207px) 100vw, 207px\" \/><\/p>\n<ul>\n<li>Fartuch dla przemys\u0142u mi\u0119snego<br \/><br \/>ROZMIARY:<br \/>099 100cm szer. x 100cm d\u0142.<br \/>099\u00a0110cm szer. x 100cm d\u0142.<br \/>099\u00a0120cm szer. x 100cm d\u0142.<br \/>099\u00a0130cm szer. x 100cm d\u0142.<br \/>099\u00a0140cm szer. x 100cm d\u0142.<br \/>Kolor: BIA\u0141Y<br \/>Wykonany jest z bezszwowej tkaniny powleczonej kauczukiem nitrylowym (gramatura: 540 g\/m2, grubo\u015b\u0107: 0,40 mm).<br \/>Charakteryzuje si\u0119 odporno\u015bci\u0105 na dzia\u0142anie silnych t\u0142uszcz\u00f3w.<br \/>Przeznaczony jest do pracy w masarniach, ubojniach, przetw\u00f3rniach drobiu oraz w przemy\u015ble rybnym.<br \/>Kolor: bia\u0142y.<br \/>Produkt posiada atest Pa\u0144stwowego Zak\u0142adu Higieny.<\/li>\n<\/ul>\n<p>\u00a0<\/p>\n<p>\u00a0<\/p>\n<p>\u00a0<\/p>\n<p>\u00a0<\/p>\n<p><a href=\"https:\/\/pepsyna.eu\"><img loading=\"lazy\" class=\"size-medium wp-image-834 aligncenter\" src=\"https:\/\/pepsyna.eu\/wp-content\/uploads\/2021\/04\/kombinezon-z-wlokniny-167x300.png\" alt=\"\" width=\"167\" height=\"300\" srcset=\"https:\/\/pepsyna.eu\/wp-content\/uploads\/2021\/04\/kombinezon-z-wlokniny-167x300.png 167w, https:\/\/pepsyna.eu\/wp-content\/uploads\/2021\/04\/kombinezon-z-wlokniny.png 531w\" sizes=\"(max-width: 167px) 100vw, 167px\" \/><\/a><\/p>\n<ul>\n<li>Kombinezon z w\u0142\u00f3kniny\u00a0<\/li>\n<li>Rozmiar: M do XXXL<\/li>\n<li>Kolory: bia\u0142y, granatowy<\/li>\n<li>R\u00f3\u017cne marki od 30 g\/m2 do 60 g\/m2<\/li>\n<li>PP, PP+PE<\/li>\n<li>Krutex<\/li>\n<li>Lamicom<\/li>\n<li>Protec Clasic<\/li>\n<\/ul>\n<div>\u00a0<\/div>\n<p><!-- \/wp:paragraph --><\/p>\t\t\t\t\t<\/div>\n\t\t\t\t\t\t<\/div>\n\t\t\t\t<\/div>\n\t\t\t\t\t\t<\/div>\n\t\t\t\t\t<\/div>\n\t\t<\/div>\n\t\t\t\t\t\t\t\t<\/div>\n\t\t\t\t\t<\/div>\n\t\t<\/section>\n\t\t\t\t\t\t<\/div>\n\t\t\t\t\t\t<\/div>\n\t\t\t\t\t<\/div>\n\t\t","protected":false},"excerpt":{"rendered":"<p>\u00a0 Fartuch higieniczny z w\u0142\u00f3kniny wi\u0105zany na troki , bez ko\u0142nierzyka, mankiety \u015bci\u0105gane lekko gumk\u0105 lub \u015bci\u0105gaczem Kolory: bia\u0142y, niebieski, zielony Rozmiary od M do XXL \u00a0 Fartuch na napy lub na rzepy z kieszeniami lub bez kieszeni R\u0119kawy \u015bci\u0105gane lekko gumk\u0105 Kolory: bia\u0142y, niebieski, zielony Rozmiary od M do XXL \u00a0 \u00a0 Fartuch foliowy&hellip;<\/p>\n","protected":false},"author":1,"featured_media":0,"parent":178,"menu_order":3,"comment_status":"closed","ping_status":"closed","template":"","meta":[],"yoast_head":"<!-- This site is optimized with the Yoast SEO plugin v17.6 - https:\/\/yoast.com\/wordpress\/plugins\/seo\/ -->\n<title>FARTUCHY -<\/title>\n<meta name=\"robots\" content=\"index, follow, max-snippet:-1, max-image-preview:large, max-video-preview:-1\" \/>\n<link rel=\"canonical\" href=\"https:\/\/pepsyna.eu\/index.php\/home-2\/odziez\/odziez-jednorazowa\/fartuchy\/\" \/>\n<meta property=\"og:locale\" content=\"pl_PL\" \/>\n<meta property=\"og:type\" content=\"article\" \/>\n<meta property=\"og:title\" content=\"FARTUCHY -\" \/>\n<meta property=\"og:description\" content=\"\u00a0 Fartuch higieniczny z w\u0142\u00f3kniny wi\u0105zany na troki , bez ko\u0142nierzyka, mankiety \u015bci\u0105gane lekko gumk\u0105 lub \u015bci\u0105gaczem Kolory: bia\u0142y, niebieski, zielony Rozmiary od M do XXL \u00a0 Fartuch na napy lub na rzepy z kieszeniami lub bez kieszeni R\u0119kawy \u015bci\u0105gane lekko gumk\u0105 Kolory: bia\u0142y, niebieski, zielony Rozmiary od M do XXL \u00a0 \u00a0 Fartuch foliowy&hellip;\" \/>\n<meta property=\"og:url\" content=\"https:\/\/pepsyna.eu\/index.php\/home-2\/odziez\/odziez-jednorazowa\/fartuchy\/\" \/>\n<meta property=\"article:modified_time\" content=\"2021-04-06T22:05:46+00:00\" \/>\n<meta property=\"og:image\" content=\"https:\/\/pepsyna.eu\/wp-content\/uploads\/2021\/03\/Fartuch-na-napy-300x300.jpg\" \/>\n<meta name=\"twitter:card\" content=\"summary_large_image\" \/>\n<meta name=\"twitter:label1\" content=\"Szacowany czas czytania\" \/>\n\t<meta name=\"twitter:data1\" content=\"4 minuty\" \/>\n<script type=\"application\/ld+json\" class=\"yoast-schema-graph\">{\"@context\":\"https:\/\/schema.org\",\"@graph\":[{\"@type\":\"Organization\",\"@id\":\"https:\/\/pepsyna.eu\/#organization\",\"name\":\"EPI 2\",\"url\":\"https:\/\/pepsyna.eu\/\",\"sameAs\":[],\"logo\":{\"@type\":\"ImageObject\",\"@id\":\"https:\/\/pepsyna.eu\/#logo\",\"inLanguage\":\"pl-PL\",\"url\":\"https:\/\/pepsyna.eu\/wp-content\/uploads\/2021\/03\/cropped-LOGO-EPI2-1.jpg\",\"contentUrl\":\"https:\/\/pepsyna.eu\/wp-content\/uploads\/2021\/03\/cropped-LOGO-EPI2-1.jpg\",\"width\":403,\"height\":85,\"caption\":\"EPI 2\"},\"image\":{\"@id\":\"https:\/\/pepsyna.eu\/#logo\"}},{\"@type\":\"WebSite\",\"@id\":\"https:\/\/pepsyna.eu\/#website\",\"url\":\"https:\/\/pepsyna.eu\/\",\"name\":\"WYSPOSA\\u017bENIE LABORATORYJNE\",\"description\":\"\",\"publisher\":{\"@id\":\"https:\/\/pepsyna.eu\/#organization\"},\"potentialAction\":[{\"@type\":\"SearchAction\",\"target\":{\"@type\":\"EntryPoint\",\"urlTemplate\":\"https:\/\/pepsyna.eu\/?s={search_term_string}\"},\"query-input\":\"required name=search_term_string\"}],\"inLanguage\":\"pl-PL\"},{\"@type\":\"ImageObject\",\"@id\":\"https:\/\/pepsyna.eu\/index.php\/home-2\/odziez\/odziez-jednorazowa\/fartuchy\/#primaryimage\",\"inLanguage\":\"pl-PL\",\"url\":\"https:\/\/pepsyna.eu\/wp-content\/uploads\/2021\/03\/Fartuch-na-napy.jpg\",\"contentUrl\":\"https:\/\/pepsyna.eu\/wp-content\/uploads\/2021\/03\/Fartuch-na-napy.jpg\",\"width\":660,\"height\":657},{\"@type\":\"WebPage\",\"@id\":\"https:\/\/pepsyna.eu\/index.php\/home-2\/odziez\/odziez-jednorazowa\/fartuchy\/#webpage\",\"url\":\"https:\/\/pepsyna.eu\/index.php\/home-2\/odziez\/odziez-jednorazowa\/fartuchy\/\",\"name\":\"FARTUCHY -\",\"isPartOf\":{\"@id\":\"https:\/\/pepsyna.eu\/#website\"},\"primaryImageOfPage\":{\"@id\":\"https:\/\/pepsyna.eu\/index.php\/home-2\/odziez\/odziez-jednorazowa\/fartuchy\/#primaryimage\"},\"datePublished\":\"2021-03-15T16:05:03+00:00\",\"dateModified\":\"2021-04-06T22:05:46+00:00\",\"breadcrumb\":{\"@id\":\"https:\/\/pepsyna.eu\/index.php\/home-2\/odziez\/odziez-jednorazowa\/fartuchy\/#breadcrumb\"},\"inLanguage\":\"pl-PL\",\"potentialAction\":[{\"@type\":\"ReadAction\",\"target\":[\"https:\/\/pepsyna.eu\/index.php\/home-2\/odziez\/odziez-jednorazowa\/fartuchy\/\"]}]},{\"@type\":\"BreadcrumbList\",\"@id\":\"https:\/\/pepsyna.eu\/index.php\/home-2\/odziez\/odziez-jednorazowa\/fartuchy\/#breadcrumb\",\"itemListElement\":[{\"@type\":\"ListItem\",\"position\":1,\"name\":\"Strona g\\u0142\\u00f3wna\",\"item\":\"https:\/\/pepsyna.eu\/\"},{\"@type\":\"ListItem\",\"position\":2,\"name\":\"EPI 2 OFERTA\",\"item\":\"https:\/\/pepsyna.eu\/\"},{\"@type\":\"ListItem\",\"position\":3,\"name\":\"ODZIE\\u017b\",\"item\":\"https:\/\/pepsyna.eu\/index.php\/home-2\/odziez\/\"},{\"@type\":\"ListItem\",\"position\":4,\"name\":\"ODZIE\\u017b JEDNORAZOWA\",\"item\":\"https:\/\/pepsyna.eu\/index.php\/home-2\/odziez\/odziez-jednorazowa\/\"},{\"@type\":\"ListItem\",\"position\":5,\"name\":\"FARTUCHY\"}]}]}<\/script>\n<!-- \/ Yoast SEO plugin. -->","yoast_head_json":{"title":"FARTUCHY -","robots":{"index":"index","follow":"follow","max-snippet":"max-snippet:-1","max-image-preview":"max-image-preview:large","max-video-preview":"max-video-preview:-1"},"canonical":"https:\/\/pepsyna.eu\/index.php\/home-2\/odziez\/odziez-jednorazowa\/fartuchy\/","og_locale":"pl_PL","og_type":"article","og_title":"FARTUCHY -","og_description":"\u00a0 Fartuch higieniczny z w\u0142\u00f3kniny wi\u0105zany na troki , bez ko\u0142nierzyka, mankiety \u015bci\u0105gane lekko gumk\u0105 lub \u015bci\u0105gaczem Kolory: bia\u0142y, niebieski, zielony Rozmiary od M do XXL \u00a0 Fartuch na napy lub na rzepy z kieszeniami lub bez kieszeni R\u0119kawy \u015bci\u0105gane lekko gumk\u0105 Kolory: bia\u0142y, niebieski, zielony Rozmiary od M do XXL \u00a0 \u00a0 Fartuch foliowy&hellip;","og_url":"https:\/\/pepsyna.eu\/index.php\/home-2\/odziez\/odziez-jednorazowa\/fartuchy\/","article_modified_time":"2021-04-06T22:05:46+00:00","og_image":[{"url":"https:\/\/pepsyna.eu\/wp-content\/uploads\/2021\/03\/Fartuch-na-napy-300x300.jpg"}],"twitter_card":"summary_large_image","twitter_misc":{"Szacowany czas czytania":"4 minuty"},"schema":{"@context":"https:\/\/schema.org","@graph":[{"@type":"Organization","@id":"https:\/\/pepsyna.eu\/#organization","name":"EPI 2","url":"https:\/\/pepsyna.eu\/","sameAs":[],"logo":{"@type":"ImageObject","@id":"https:\/\/pepsyna.eu\/#logo","inLanguage":"pl-PL","url":"https:\/\/pepsyna.eu\/wp-content\/uploads\/2021\/03\/cropped-LOGO-EPI2-1.jpg","contentUrl":"https:\/\/pepsyna.eu\/wp-content\/uploads\/2021\/03\/cropped-LOGO-EPI2-1.jpg","width":403,"height":85,"caption":"EPI 2"},"image":{"@id":"https:\/\/pepsyna.eu\/#logo"}},{"@type":"WebSite","@id":"https:\/\/pepsyna.eu\/#website","url":"https:\/\/pepsyna.eu\/","name":"WYSPOSA\u017bENIE LABORATORYJNE","description":"","publisher":{"@id":"https:\/\/pepsyna.eu\/#organization"},"potentialAction":[{"@type":"SearchAction","target":{"@type":"EntryPoint","urlTemplate":"https:\/\/pepsyna.eu\/?s={search_term_string}"},"query-input":"required name=search_term_string"}],"inLanguage":"pl-PL"},{"@type":"ImageObject","@id":"https:\/\/pepsyna.eu\/index.php\/home-2\/odziez\/odziez-jednorazowa\/fartuchy\/#primaryimage","inLanguage":"pl-PL","url":"https:\/\/pepsyna.eu\/wp-content\/uploads\/2021\/03\/Fartuch-na-napy.jpg","contentUrl":"https:\/\/pepsyna.eu\/wp-content\/uploads\/2021\/03\/Fartuch-na-napy.jpg","width":660,"height":657},{"@type":"WebPage","@id":"https:\/\/pepsyna.eu\/index.php\/home-2\/odziez\/odziez-jednorazowa\/fartuchy\/#webpage","url":"https:\/\/pepsyna.eu\/index.php\/home-2\/odziez\/odziez-jednorazowa\/fartuchy\/","name":"FARTUCHY -","isPartOf":{"@id":"https:\/\/pepsyna.eu\/#website"},"primaryImageOfPage":{"@id":"https:\/\/pepsyna.eu\/index.php\/home-2\/odziez\/odziez-jednorazowa\/fartuchy\/#primaryimage"},"datePublished":"2021-03-15T16:05:03+00:00","dateModified":"2021-04-06T22:05:46+00:00","breadcrumb":{"@id":"https:\/\/pepsyna.eu\/index.php\/home-2\/odziez\/odziez-jednorazowa\/fartuchy\/#breadcrumb"},"inLanguage":"pl-PL","potentialAction":[{"@type":"ReadAction","target":["https:\/\/pepsyna.eu\/index.php\/home-2\/odziez\/odziez-jednorazowa\/fartuchy\/"]}]},{"@type":"BreadcrumbList","@id":"https:\/\/pepsyna.eu\/index.php\/home-2\/odziez\/odziez-jednorazowa\/fartuchy\/#breadcrumb","itemListElement":[{"@type":"ListItem","position":1,"name":"Strona g\u0142\u00f3wna","item":"https:\/\/pepsyna.eu\/"},{"@type":"ListItem","position":2,"name":"EPI 2 OFERTA","item":"https:\/\/pepsyna.eu\/"},{"@type":"ListItem","position":3,"name":"ODZIE\u017b","item":"https:\/\/pepsyna.eu\/index.php\/home-2\/odziez\/"},{"@type":"ListItem","position":4,"name":"ODZIE\u017b JEDNORAZOWA","item":"https:\/\/pepsyna.eu\/index.php\/home-2\/odziez\/odziez-jednorazowa\/"},{"@type":"ListItem","position":5,"name":"FARTUCHY"}]}]}},"_links":{"self":[{"href":"https:\/\/pepsyna.eu\/index.php\/wp-json\/wp\/v2\/pages\/184"}],"collection":[{"href":"https:\/\/pepsyna.eu\/index.php\/wp-json\/wp\/v2\/pages"}],"about":[{"href":"https:\/\/pepsyna.eu\/index.php\/wp-json\/wp\/v2\/types\/page"}],"author":[{"embeddable":true,"href":"https:\/\/pepsyna.eu\/index.php\/wp-json\/wp\/v2\/users\/1"}],"replies":[{"embeddable":true,"href":"https:\/\/pepsyna.eu\/index.php\/wp-json\/wp\/v2\/comments?post=184"}],"version-history":[{"count":22,"href":"https:\/\/pepsyna.eu\/index.php\/wp-json\/wp\/v2\/pages\/184\/revisions"}],"predecessor-version":[{"id":898,"href":"https:\/\/pepsyna.eu\/index.php\/wp-json\/wp\/v2\/pages\/184\/revisions\/898"}],"up":[{"embeddable":true,"href":"https:\/\/pepsyna.eu\/index.php\/wp-json\/wp\/v2\/pages\/178"}],"wp:attachment":[{"href":"https:\/\/pepsyna.eu\/index.php\/wp-json\/wp\/v2\/media?parent=184"}],"curies":[{"name":"wp","href":"https:\/\/api.w.org\/{rel}","templated":true}]}}