{"id":178,"date":"2021-03-15T15:59:45","date_gmt":"2021-03-15T15:59:45","guid":{"rendered":"http:\/\/pepsyna.eu\/?page_id=178"},"modified":"2021-04-01T16:33:00","modified_gmt":"2021-04-01T16:33:00","slug":"odziez-jednorazowa","status":"publish","type":"page","link":"https:\/\/pepsyna.eu\/index.php\/home-2\/odziez\/odziez-jednorazowa\/","title":{"rendered":"ODZIE\u017b JEDNORAZOWA"},"content":{"rendered":"\t\t<div data-elementor-type=\"wp-page\" data-elementor-id=\"178\" class=\"elementor elementor-178\" data-elementor-settings=\"[]\">\n\t\t\t\t\t\t<div class=\"elementor-inner\">\n\t\t\t\t\t\t\t<div class=\"elementor-section-wrap\">\n\t\t\t\t\t\t\t<section class=\"elementor-section elementor-top-section elementor-element elementor-element-43b5a304 elementor-section-boxed elementor-section-height-default elementor-section-height-default\" data-id=\"43b5a304\" data-element_type=\"section\">\n\t\t\t\t\t\t<div class=\"elementor-container elementor-column-gap-default\">\n\t\t\t\t\t\t\t<div class=\"elementor-row\">\n\t\t\t\t\t<div class=\"elementor-column elementor-col-100 elementor-top-column elementor-element elementor-element-2a7e9745\" data-id=\"2a7e9745\" data-element_type=\"column\">\n\t\t\t<div class=\"elementor-column-wrap elementor-element-populated\">\n\t\t\t\t\t\t\t<div class=\"elementor-widget-wrap\">\n\t\t\t\t\t\t<div class=\"elementor-element elementor-element-76643fcf elementor-widget elementor-widget-text-editor\" data-id=\"76643fcf\" data-element_type=\"widget\" data-widget_type=\"text-editor.default\">\n\t\t\t\t<div class=\"elementor-widget-container\">\n\t\t\t\t\t\t\t\t<div class=\"elementor-text-editor elementor-clearfix\">\n\t\t\t\t\t\t\t\t\t<\/div>\n\t\t\t\t\t\t<\/div>\n\t\t\t\t<\/div>\n\t\t\t\t<div class=\"elementor-element elementor-element-8959991 elementor-widget elementor-widget-text-editor\" data-id=\"8959991\" data-element_type=\"widget\" data-widget_type=\"text-editor.default\">\n\t\t\t\t<div class=\"elementor-widget-container\">\n\t\t\t\t\t\t\t\t<div class=\"elementor-text-editor elementor-clearfix\">\n\t\t\t\t<p><img loading=\"lazy\" class=\"size-full wp-image-451 aligncenter\" src=\"https:\/\/pepsyna.eu\/wp-content\/uploads\/2021\/03\/odziez.jpg\" alt=\"\" width=\"160\" height=\"169\" \/><\/p>\n<p><a href=\"https:\/\/pepsyna.eu\/index.php\/home-2\/odziez\/odziez-jednorazowa\/maski\/\">&#8211; Maski<\/a><\/p>\n<p><a href=\"https:\/\/pepsyna.eu\/index.php\/home-2\/odziez\/odziez-jednorazowa\/fartuchy\/\">&#8211; Fartuchy<\/a><\/p>\n<p><a href=\"https:\/\/pepsyna.eu\/index.php\/home-2\/odziez\/odziez-jednorazowa\/kombinezony\/\">&#8211; Kombinezony<\/a><\/p>\n<p><a href=\"https:\/\/pepsyna.eu\/index.php\/home-2\/odziez\/odziez-jednorazowa\/ochraniacze-na-buty\/\">&#8211; Ochraniacze\/os\u0142ony na buty<\/a><\/p>\n<p><a href=\"https:\/\/pepsyna.eu\/index.php\/home-2\/odziez\/odziez-jednorazowa\/rekawice\/\">&#8211; R\u0119kawice<\/a><\/p>\n<p><a href=\"https:\/\/pepsyna.eu\/index.php\/home-2\/odziez\/odziez-gumowa-buty-fartuchy\/\">&#8211; Odzie\u017c ubojowa<\/a><\/p>\t\t\t\t\t<\/div>\n\t\t\t\t\t\t<\/div>\n\t\t\t\t<\/div>\n\t\t\t\t\t\t<\/div>\n\t\t\t\t\t<\/div>\n\t\t<\/div>\n\t\t\t\t\t\t\t\t<\/div>\n\t\t\t\t\t<\/div>\n\t\t<\/section>\n\t\t\t\t\t\t<\/div>\n\t\t\t\t\t\t<\/div>\n\t\t\t\t\t<\/div>\n\t\t","protected":false},"excerpt":{"rendered":"<p>&#8211; Maski &#8211; Fartuchy &#8211; Kombinezony &#8211; Ochraniacze\/os\u0142ony na buty &#8211; R\u0119kawice &#8211; Odzie\u017c ubojowa<\/p>\n","protected":false},"author":1,"featured_media":0,"parent":100,"menu_order":1,"comment_status":"closed","ping_status":"closed","template":"","meta":[],"yoast_head":"<!-- This site is optimized with the Yoast SEO plugin v17.6 - https:\/\/yoast.com\/wordpress\/plugins\/seo\/ -->\n<title>ODZIE\u017b JEDNORAZOWA -<\/title>\n<meta name=\"robots\" content=\"index, follow, max-snippet:-1, max-image-preview:large, max-video-preview:-1\" \/>\n<link rel=\"canonical\" href=\"https:\/\/pepsyna.eu\/index.php\/home-2\/odziez\/odziez-jednorazowa\/\" \/>\n<meta property=\"og:locale\" content=\"pl_PL\" \/>\n<meta property=\"og:type\" content=\"article\" \/>\n<meta property=\"og:title\" content=\"ODZIE\u017b JEDNORAZOWA -\" \/>\n<meta property=\"og:description\" content=\"&#8211; Maski &#8211; Fartuchy &#8211; Kombinezony &#8211; Ochraniacze\/os\u0142ony na buty &#8211; R\u0119kawice &#8211; Odzie\u017c ubojowa\" \/>\n<meta property=\"og:url\" content=\"https:\/\/pepsyna.eu\/index.php\/home-2\/odziez\/odziez-jednorazowa\/\" \/>\n<meta property=\"article:modified_time\" content=\"2021-04-01T16:33:00+00:00\" \/>\n<meta property=\"og:image\" content=\"https:\/\/pepsyna.eu\/wp-content\/uploads\/2021\/03\/odziez.jpg\" \/>\n<meta name=\"twitter:card\" content=\"summary_large_image\" \/>\n<meta name=\"twitter:label1\" content=\"Szacowany czas czytania\" \/>\n\t<meta name=\"twitter:data1\" content=\"1 minuta\" \/>\n<script type=\"application\/ld+json\" class=\"yoast-schema-graph\">{\"@context\":\"https:\/\/schema.org\",\"@graph\":[{\"@type\":\"Organization\",\"@id\":\"https:\/\/pepsyna.eu\/#organization\",\"name\":\"EPI 2\",\"url\":\"https:\/\/pepsyna.eu\/\",\"sameAs\":[],\"logo\":{\"@type\":\"ImageObject\",\"@id\":\"https:\/\/pepsyna.eu\/#logo\",\"inLanguage\":\"pl-PL\",\"url\":\"https:\/\/pepsyna.eu\/wp-content\/uploads\/2021\/03\/cropped-LOGO-EPI2-1.jpg\",\"contentUrl\":\"https:\/\/pepsyna.eu\/wp-content\/uploads\/2021\/03\/cropped-LOGO-EPI2-1.jpg\",\"width\":403,\"height\":85,\"caption\":\"EPI 2\"},\"image\":{\"@id\":\"https:\/\/pepsyna.eu\/#logo\"}},{\"@type\":\"WebSite\",\"@id\":\"https:\/\/pepsyna.eu\/#website\",\"url\":\"https:\/\/pepsyna.eu\/\",\"name\":\"WYSPOSA\\u017bENIE LABORATORYJNE\",\"description\":\"\",\"publisher\":{\"@id\":\"https:\/\/pepsyna.eu\/#organization\"},\"potentialAction\":[{\"@type\":\"SearchAction\",\"target\":{\"@type\":\"EntryPoint\",\"urlTemplate\":\"https:\/\/pepsyna.eu\/?s={search_term_string}\"},\"query-input\":\"required name=search_term_string\"}],\"inLanguage\":\"pl-PL\"},{\"@type\":\"ImageObject\",\"@id\":\"https:\/\/pepsyna.eu\/index.php\/home-2\/odziez\/odziez-jednorazowa\/#primaryimage\",\"inLanguage\":\"pl-PL\",\"url\":\"https:\/\/pepsyna.eu\/wp-content\/uploads\/2021\/03\/odziez.jpg\",\"contentUrl\":\"https:\/\/pepsyna.eu\/wp-content\/uploads\/2021\/03\/odziez.jpg\",\"width\":160,\"height\":169},{\"@type\":\"WebPage\",\"@id\":\"https:\/\/pepsyna.eu\/index.php\/home-2\/odziez\/odziez-jednorazowa\/#webpage\",\"url\":\"https:\/\/pepsyna.eu\/index.php\/home-2\/odziez\/odziez-jednorazowa\/\",\"name\":\"ODZIE\\u017b JEDNORAZOWA -\",\"isPartOf\":{\"@id\":\"https:\/\/pepsyna.eu\/#website\"},\"primaryImageOfPage\":{\"@id\":\"https:\/\/pepsyna.eu\/index.php\/home-2\/odziez\/odziez-jednorazowa\/#primaryimage\"},\"datePublished\":\"2021-03-15T15:59:45+00:00\",\"dateModified\":\"2021-04-01T16:33:00+00:00\",\"breadcrumb\":{\"@id\":\"https:\/\/pepsyna.eu\/index.php\/home-2\/odziez\/odziez-jednorazowa\/#breadcrumb\"},\"inLanguage\":\"pl-PL\",\"potentialAction\":[{\"@type\":\"ReadAction\",\"target\":[\"https:\/\/pepsyna.eu\/index.php\/home-2\/odziez\/odziez-jednorazowa\/\"]}]},{\"@type\":\"BreadcrumbList\",\"@id\":\"https:\/\/pepsyna.eu\/index.php\/home-2\/odziez\/odziez-jednorazowa\/#breadcrumb\",\"itemListElement\":[{\"@type\":\"ListItem\",\"position\":1,\"name\":\"Strona g\\u0142\\u00f3wna\",\"item\":\"https:\/\/pepsyna.eu\/\"},{\"@type\":\"ListItem\",\"position\":2,\"name\":\"EPI 2 OFERTA\",\"item\":\"https:\/\/pepsyna.eu\/\"},{\"@type\":\"ListItem\",\"position\":3,\"name\":\"ODZIE\\u017b\",\"item\":\"https:\/\/pepsyna.eu\/index.php\/home-2\/odziez\/\"},{\"@type\":\"ListItem\",\"position\":4,\"name\":\"ODZIE\\u017b JEDNORAZOWA\"}]}]}<\/script>\n<!-- \/ Yoast SEO plugin. -->","yoast_head_json":{"title":"ODZIE\u017b JEDNORAZOWA -","robots":{"index":"index","follow":"follow","max-snippet":"max-snippet:-1","max-image-preview":"max-image-preview:large","max-video-preview":"max-video-preview:-1"},"canonical":"https:\/\/pepsyna.eu\/index.php\/home-2\/odziez\/odziez-jednorazowa\/","og_locale":"pl_PL","og_type":"article","og_title":"ODZIE\u017b JEDNORAZOWA -","og_description":"&#8211; Maski &#8211; Fartuchy &#8211; Kombinezony &#8211; Ochraniacze\/os\u0142ony na buty &#8211; R\u0119kawice &#8211; Odzie\u017c ubojowa","og_url":"https:\/\/pepsyna.eu\/index.php\/home-2\/odziez\/odziez-jednorazowa\/","article_modified_time":"2021-04-01T16:33:00+00:00","og_image":[{"url":"https:\/\/pepsyna.eu\/wp-content\/uploads\/2021\/03\/odziez.jpg"}],"twitter_card":"summary_large_image","twitter_misc":{"Szacowany czas czytania":"1 minuta"},"schema":{"@context":"https:\/\/schema.org","@graph":[{"@type":"Organization","@id":"https:\/\/pepsyna.eu\/#organization","name":"EPI 2","url":"https:\/\/pepsyna.eu\/","sameAs":[],"logo":{"@type":"ImageObject","@id":"https:\/\/pepsyna.eu\/#logo","inLanguage":"pl-PL","url":"https:\/\/pepsyna.eu\/wp-content\/uploads\/2021\/03\/cropped-LOGO-EPI2-1.jpg","contentUrl":"https:\/\/pepsyna.eu\/wp-content\/uploads\/2021\/03\/cropped-LOGO-EPI2-1.jpg","width":403,"height":85,"caption":"EPI 2"},"image":{"@id":"https:\/\/pepsyna.eu\/#logo"}},{"@type":"WebSite","@id":"https:\/\/pepsyna.eu\/#website","url":"https:\/\/pepsyna.eu\/","name":"WYSPOSA\u017bENIE LABORATORYJNE","description":"","publisher":{"@id":"https:\/\/pepsyna.eu\/#organization"},"potentialAction":[{"@type":"SearchAction","target":{"@type":"EntryPoint","urlTemplate":"https:\/\/pepsyna.eu\/?s={search_term_string}"},"query-input":"required name=search_term_string"}],"inLanguage":"pl-PL"},{"@type":"ImageObject","@id":"https:\/\/pepsyna.eu\/index.php\/home-2\/odziez\/odziez-jednorazowa\/#primaryimage","inLanguage":"pl-PL","url":"https:\/\/pepsyna.eu\/wp-content\/uploads\/2021\/03\/odziez.jpg","contentUrl":"https:\/\/pepsyna.eu\/wp-content\/uploads\/2021\/03\/odziez.jpg","width":160,"height":169},{"@type":"WebPage","@id":"https:\/\/pepsyna.eu\/index.php\/home-2\/odziez\/odziez-jednorazowa\/#webpage","url":"https:\/\/pepsyna.eu\/index.php\/home-2\/odziez\/odziez-jednorazowa\/","name":"ODZIE\u017b JEDNORAZOWA -","isPartOf":{"@id":"https:\/\/pepsyna.eu\/#website"},"primaryImageOfPage":{"@id":"https:\/\/pepsyna.eu\/index.php\/home-2\/odziez\/odziez-jednorazowa\/#primaryimage"},"datePublished":"2021-03-15T15:59:45+00:00","dateModified":"2021-04-01T16:33:00+00:00","breadcrumb":{"@id":"https:\/\/pepsyna.eu\/index.php\/home-2\/odziez\/odziez-jednorazowa\/#breadcrumb"},"inLanguage":"pl-PL","potentialAction":[{"@type":"ReadAction","target":["https:\/\/pepsyna.eu\/index.php\/home-2\/odziez\/odziez-jednorazowa\/"]}]},{"@type":"BreadcrumbList","@id":"https:\/\/pepsyna.eu\/index.php\/home-2\/odziez\/odziez-jednorazowa\/#breadcrumb","itemListElement":[{"@type":"ListItem","position":1,"name":"Strona g\u0142\u00f3wna","item":"https:\/\/pepsyna.eu\/"},{"@type":"ListItem","position":2,"name":"EPI 2 OFERTA","item":"https:\/\/pepsyna.eu\/"},{"@type":"ListItem","position":3,"name":"ODZIE\u017b","item":"https:\/\/pepsyna.eu\/index.php\/home-2\/odziez\/"},{"@type":"ListItem","position":4,"name":"ODZIE\u017b JEDNORAZOWA"}]}]}},"_links":{"self":[{"href":"https:\/\/pepsyna.eu\/index.php\/wp-json\/wp\/v2\/pages\/178"}],"collection":[{"href":"https:\/\/pepsyna.eu\/index.php\/wp-json\/wp\/v2\/pages"}],"about":[{"href":"https:\/\/pepsyna.eu\/index.php\/wp-json\/wp\/v2\/types\/page"}],"author":[{"embeddable":true,"href":"https:\/\/pepsyna.eu\/index.php\/wp-json\/wp\/v2\/users\/1"}],"replies":[{"embeddable":true,"href":"https:\/\/pepsyna.eu\/index.php\/wp-json\/wp\/v2\/comments?post=178"}],"version-history":[{"count":4,"href":"https:\/\/pepsyna.eu\/index.php\/wp-json\/wp\/v2\/pages\/178\/revisions"}],"predecessor-version":[{"id":853,"href":"https:\/\/pepsyna.eu\/index.php\/wp-json\/wp\/v2\/pages\/178\/revisions\/853"}],"up":[{"embeddable":true,"href":"https:\/\/pepsyna.eu\/index.php\/wp-json\/wp\/v2\/pages\/100"}],"wp:attachment":[{"href":"https:\/\/pepsyna.eu\/index.php\/wp-json\/wp\/v2\/media?parent=178"}],"curies":[{"name":"wp","href":"https:\/\/api.w.org\/{rel}","templated":true}]}}