{"id":167,"date":"2021-03-15T15:54:18","date_gmt":"2021-03-15T15:54:18","guid":{"rendered":"http:\/\/pepsyna.eu\/?page_id=167"},"modified":"2021-03-18T09:15:33","modified_gmt":"2021-03-18T09:15:33","slug":"tusz-do-znakowania-miesa","status":"publish","type":"page","link":"https:\/\/pepsyna.eu\/index.php\/home-2\/odczynniki-chemiczne-oraz-srodki-do-mycia-i-dezynfekcji-znakowanie-miesa\/artykuly-do-znakowania-miesa\/tusz-do-znakowania-miesa\/","title":{"rendered":"TUSZ DO ZNAKOWANIA MI\u0118SA"},"content":{"rendered":"\t\t<div data-elementor-type=\"wp-page\" data-elementor-id=\"167\" class=\"elementor elementor-167\" data-elementor-settings=\"[]\">\n\t\t\t\t\t\t<div class=\"elementor-inner\">\n\t\t\t\t\t\t\t<div class=\"elementor-section-wrap\">\n\t\t\t\t\t\t\t<section class=\"elementor-section elementor-top-section elementor-element elementor-element-524e58e elementor-section-boxed elementor-section-height-default elementor-section-height-default\" data-id=\"524e58e\" data-element_type=\"section\">\n\t\t\t\t\t\t<div class=\"elementor-container elementor-column-gap-default\">\n\t\t\t\t\t\t\t<div class=\"elementor-row\">\n\t\t\t\t\t<div class=\"elementor-column elementor-col-100 elementor-top-column elementor-element elementor-element-2f2eb2b\" data-id=\"2f2eb2b\" data-element_type=\"column\">\n\t\t\t<div class=\"elementor-column-wrap elementor-element-populated\">\n\t\t\t\t\t\t\t<div class=\"elementor-widget-wrap\">\n\t\t\t\t\t\t<div class=\"elementor-element elementor-element-5150545 elementor-widget elementor-widget-text-editor\" data-id=\"5150545\" data-element_type=\"widget\" data-widget_type=\"text-editor.default\">\n\t\t\t\t<div class=\"elementor-widget-container\">\n\t\t\t\t\t\t\t\t<div class=\"elementor-text-editor elementor-clearfix\">\n\t\t\t\t<p><a href=\"https:\/\/pepsyna.eu\/index.php\/home-2\/transport-prob\/\"><img loading=\"lazy\" class=\"size-medium wp-image-584 aligncenter\" src=\"https:\/\/pepsyna.eu\/wp-content\/uploads\/2021\/03\/tusz-300x226.jpg\" alt=\"Tusz-do-znakowania-mi\u0119sa\" width=\"300\" height=\"226\" srcset=\"https:\/\/pepsyna.eu\/wp-content\/uploads\/2021\/03\/tusz-300x226.jpg 300w, https:\/\/pepsyna.eu\/wp-content\/uploads\/2021\/03\/tusz-160x120.jpg 160w, https:\/\/pepsyna.eu\/wp-content\/uploads\/2021\/03\/tusz.jpg 412w\" sizes=\"(max-width: 300px) 100vw, 300px\" \/><\/a><\/p><p>\u00a0<\/p><ul><li>Tusz do oznaczania przydatno\u015bci mi\u0119sa do spo\u017cycia.\u00a0\u00a0<\/li><li>Opakowania 5 litr\u00f3w, 1 litr<\/li><\/ul><div>\u00a0<\/div><ul><li>Tusze spo\u017cywcze do nadruku w r\u00f3\u017cnych opakowaniach w zale\u017cno\u015bci od zastosowa\u0144<\/li><\/ul>\t\t\t\t\t<\/div>\n\t\t\t\t\t\t<\/div>\n\t\t\t\t<\/div>\n\t\t\t\t\t\t<\/div>\n\t\t\t\t\t<\/div>\n\t\t<\/div>\n\t\t\t\t\t\t\t\t<\/div>\n\t\t\t\t\t<\/div>\n\t\t<\/section>\n\t\t\t\t\t\t<\/div>\n\t\t\t\t\t\t<\/div>\n\t\t\t\t\t<\/div>\n\t\t","protected":false},"excerpt":{"rendered":"<p>\u00a0 Tusz do oznaczania przydatno\u015bci mi\u0119sa do spo\u017cycia.\u00a0\u00a0 Opakowania 5 litr\u00f3w, 1 litr \u00a0 Tusze spo\u017cywcze do nadruku w r\u00f3\u017cnych opakowaniach w zale\u017cno\u015bci od zastosowa\u0144<\/p>\n","protected":false},"author":1,"featured_media":0,"parent":165,"menu_order":1,"comment_status":"closed","ping_status":"closed","template":"","meta":[],"yoast_head":"<!-- This site is optimized with the Yoast SEO plugin v17.6 - https:\/\/yoast.com\/wordpress\/plugins\/seo\/ -->\n<title>TUSZ DO ZNAKOWANIA MI\u0118SA -<\/title>\n<meta name=\"robots\" content=\"index, follow, max-snippet:-1, max-image-preview:large, max-video-preview:-1\" \/>\n<link rel=\"canonical\" href=\"https:\/\/pepsyna.eu\/index.php\/home-2\/odczynniki-chemiczne-oraz-srodki-do-mycia-i-dezynfekcji-znakowanie-miesa\/artykuly-do-znakowania-miesa\/tusz-do-znakowania-miesa\/\" \/>\n<meta property=\"og:locale\" content=\"pl_PL\" \/>\n<meta property=\"og:type\" content=\"article\" \/>\n<meta property=\"og:title\" content=\"TUSZ DO ZNAKOWANIA MI\u0118SA -\" \/>\n<meta property=\"og:description\" content=\"\u00a0 Tusz do oznaczania przydatno\u015bci mi\u0119sa do spo\u017cycia.\u00a0\u00a0 Opakowania 5 litr\u00f3w, 1 litr \u00a0 Tusze spo\u017cywcze do nadruku w r\u00f3\u017cnych opakowaniach w zale\u017cno\u015bci od zastosowa\u0144\" \/>\n<meta property=\"og:url\" content=\"https:\/\/pepsyna.eu\/index.php\/home-2\/odczynniki-chemiczne-oraz-srodki-do-mycia-i-dezynfekcji-znakowanie-miesa\/artykuly-do-znakowania-miesa\/tusz-do-znakowania-miesa\/\" \/>\n<meta property=\"article:modified_time\" content=\"2021-03-18T09:15:33+00:00\" \/>\n<meta property=\"og:image\" content=\"https:\/\/pepsyna.eu\/wp-content\/uploads\/2021\/03\/tusz-300x226.jpg\" \/>\n<meta name=\"twitter:card\" content=\"summary_large_image\" \/>\n<script type=\"application\/ld+json\" class=\"yoast-schema-graph\">{\"@context\":\"https:\/\/schema.org\",\"@graph\":[{\"@type\":\"Organization\",\"@id\":\"https:\/\/pepsyna.eu\/#organization\",\"name\":\"EPI 2\",\"url\":\"https:\/\/pepsyna.eu\/\",\"sameAs\":[],\"logo\":{\"@type\":\"ImageObject\",\"@id\":\"https:\/\/pepsyna.eu\/#logo\",\"inLanguage\":\"pl-PL\",\"url\":\"https:\/\/pepsyna.eu\/wp-content\/uploads\/2021\/03\/cropped-LOGO-EPI2-1.jpg\",\"contentUrl\":\"https:\/\/pepsyna.eu\/wp-content\/uploads\/2021\/03\/cropped-LOGO-EPI2-1.jpg\",\"width\":403,\"height\":85,\"caption\":\"EPI 2\"},\"image\":{\"@id\":\"https:\/\/pepsyna.eu\/#logo\"}},{\"@type\":\"WebSite\",\"@id\":\"https:\/\/pepsyna.eu\/#website\",\"url\":\"https:\/\/pepsyna.eu\/\",\"name\":\"WYSPOSA\\u017bENIE LABORATORYJNE\",\"description\":\"\",\"publisher\":{\"@id\":\"https:\/\/pepsyna.eu\/#organization\"},\"potentialAction\":[{\"@type\":\"SearchAction\",\"target\":{\"@type\":\"EntryPoint\",\"urlTemplate\":\"https:\/\/pepsyna.eu\/?s={search_term_string}\"},\"query-input\":\"required name=search_term_string\"}],\"inLanguage\":\"pl-PL\"},{\"@type\":\"ImageObject\",\"@id\":\"https:\/\/pepsyna.eu\/index.php\/home-2\/odczynniki-chemiczne-oraz-srodki-do-mycia-i-dezynfekcji-znakowanie-miesa\/artykuly-do-znakowania-miesa\/tusz-do-znakowania-miesa\/#primaryimage\",\"inLanguage\":\"pl-PL\",\"url\":\"https:\/\/pepsyna.eu\/wp-content\/uploads\/2021\/03\/tusz.jpg\",\"contentUrl\":\"https:\/\/pepsyna.eu\/wp-content\/uploads\/2021\/03\/tusz.jpg\",\"width\":412,\"height\":310,\"caption\":\"Tusz do znakowania mi\\u0119sa\"},{\"@type\":\"WebPage\",\"@id\":\"https:\/\/pepsyna.eu\/index.php\/home-2\/odczynniki-chemiczne-oraz-srodki-do-mycia-i-dezynfekcji-znakowanie-miesa\/artykuly-do-znakowania-miesa\/tusz-do-znakowania-miesa\/#webpage\",\"url\":\"https:\/\/pepsyna.eu\/index.php\/home-2\/odczynniki-chemiczne-oraz-srodki-do-mycia-i-dezynfekcji-znakowanie-miesa\/artykuly-do-znakowania-miesa\/tusz-do-znakowania-miesa\/\",\"name\":\"TUSZ DO ZNAKOWANIA MI\\u0118SA -\",\"isPartOf\":{\"@id\":\"https:\/\/pepsyna.eu\/#website\"},\"primaryImageOfPage\":{\"@id\":\"https:\/\/pepsyna.eu\/index.php\/home-2\/odczynniki-chemiczne-oraz-srodki-do-mycia-i-dezynfekcji-znakowanie-miesa\/artykuly-do-znakowania-miesa\/tusz-do-znakowania-miesa\/#primaryimage\"},\"datePublished\":\"2021-03-15T15:54:18+00:00\",\"dateModified\":\"2021-03-18T09:15:33+00:00\",\"breadcrumb\":{\"@id\":\"https:\/\/pepsyna.eu\/index.php\/home-2\/odczynniki-chemiczne-oraz-srodki-do-mycia-i-dezynfekcji-znakowanie-miesa\/artykuly-do-znakowania-miesa\/tusz-do-znakowania-miesa\/#breadcrumb\"},\"inLanguage\":\"pl-PL\",\"potentialAction\":[{\"@type\":\"ReadAction\",\"target\":[\"https:\/\/pepsyna.eu\/index.php\/home-2\/odczynniki-chemiczne-oraz-srodki-do-mycia-i-dezynfekcji-znakowanie-miesa\/artykuly-do-znakowania-miesa\/tusz-do-znakowania-miesa\/\"]}]},{\"@type\":\"BreadcrumbList\",\"@id\":\"https:\/\/pepsyna.eu\/index.php\/home-2\/odczynniki-chemiczne-oraz-srodki-do-mycia-i-dezynfekcji-znakowanie-miesa\/artykuly-do-znakowania-miesa\/tusz-do-znakowania-miesa\/#breadcrumb\",\"itemListElement\":[{\"@type\":\"ListItem\",\"position\":1,\"name\":\"Strona g\\u0142\\u00f3wna\",\"item\":\"https:\/\/pepsyna.eu\/\"},{\"@type\":\"ListItem\",\"position\":2,\"name\":\"EPI 2 OFERTA\",\"item\":\"https:\/\/pepsyna.eu\/\"},{\"@type\":\"ListItem\",\"position\":3,\"name\":\"ODCZYNNIKI CHEMICZNE ORAZ \\u015aRODKI DO MYCIA I DEZYNFEKCJI\",\"item\":\"https:\/\/pepsyna.eu\/index.php\/home-2\/odczynniki-chemiczne-oraz-srodki-do-mycia-i-dezynfekcji-znakowanie-miesa\/\"},{\"@type\":\"ListItem\",\"position\":4,\"name\":\"ARTYKU\\u0141Y DO ZNAKOWANIA MI\\u0118SA\",\"item\":\"https:\/\/pepsyna.eu\/index.php\/home-2\/odczynniki-chemiczne-oraz-srodki-do-mycia-i-dezynfekcji-znakowanie-miesa\/artykuly-do-znakowania-miesa\/\"},{\"@type\":\"ListItem\",\"position\":5,\"name\":\"TUSZ DO ZNAKOWANIA MI\\u0118SA\"}]}]}<\/script>\n<!-- \/ Yoast SEO plugin. -->","yoast_head_json":{"title":"TUSZ DO ZNAKOWANIA MI\u0118SA -","robots":{"index":"index","follow":"follow","max-snippet":"max-snippet:-1","max-image-preview":"max-image-preview:large","max-video-preview":"max-video-preview:-1"},"canonical":"https:\/\/pepsyna.eu\/index.php\/home-2\/odczynniki-chemiczne-oraz-srodki-do-mycia-i-dezynfekcji-znakowanie-miesa\/artykuly-do-znakowania-miesa\/tusz-do-znakowania-miesa\/","og_locale":"pl_PL","og_type":"article","og_title":"TUSZ DO ZNAKOWANIA MI\u0118SA -","og_description":"\u00a0 Tusz do oznaczania przydatno\u015bci mi\u0119sa do spo\u017cycia.\u00a0\u00a0 Opakowania 5 litr\u00f3w, 1 litr \u00a0 Tusze spo\u017cywcze do nadruku w r\u00f3\u017cnych opakowaniach w zale\u017cno\u015bci od zastosowa\u0144","og_url":"https:\/\/pepsyna.eu\/index.php\/home-2\/odczynniki-chemiczne-oraz-srodki-do-mycia-i-dezynfekcji-znakowanie-miesa\/artykuly-do-znakowania-miesa\/tusz-do-znakowania-miesa\/","article_modified_time":"2021-03-18T09:15:33+00:00","og_image":[{"url":"https:\/\/pepsyna.eu\/wp-content\/uploads\/2021\/03\/tusz-300x226.jpg"}],"twitter_card":"summary_large_image","schema":{"@context":"https:\/\/schema.org","@graph":[{"@type":"Organization","@id":"https:\/\/pepsyna.eu\/#organization","name":"EPI 2","url":"https:\/\/pepsyna.eu\/","sameAs":[],"logo":{"@type":"ImageObject","@id":"https:\/\/pepsyna.eu\/#logo","inLanguage":"pl-PL","url":"https:\/\/pepsyna.eu\/wp-content\/uploads\/2021\/03\/cropped-LOGO-EPI2-1.jpg","contentUrl":"https:\/\/pepsyna.eu\/wp-content\/uploads\/2021\/03\/cropped-LOGO-EPI2-1.jpg","width":403,"height":85,"caption":"EPI 2"},"image":{"@id":"https:\/\/pepsyna.eu\/#logo"}},{"@type":"WebSite","@id":"https:\/\/pepsyna.eu\/#website","url":"https:\/\/pepsyna.eu\/","name":"WYSPOSA\u017bENIE LABORATORYJNE","description":"","publisher":{"@id":"https:\/\/pepsyna.eu\/#organization"},"potentialAction":[{"@type":"SearchAction","target":{"@type":"EntryPoint","urlTemplate":"https:\/\/pepsyna.eu\/?s={search_term_string}"},"query-input":"required name=search_term_string"}],"inLanguage":"pl-PL"},{"@type":"ImageObject","@id":"https:\/\/pepsyna.eu\/index.php\/home-2\/odczynniki-chemiczne-oraz-srodki-do-mycia-i-dezynfekcji-znakowanie-miesa\/artykuly-do-znakowania-miesa\/tusz-do-znakowania-miesa\/#primaryimage","inLanguage":"pl-PL","url":"https:\/\/pepsyna.eu\/wp-content\/uploads\/2021\/03\/tusz.jpg","contentUrl":"https:\/\/pepsyna.eu\/wp-content\/uploads\/2021\/03\/tusz.jpg","width":412,"height":310,"caption":"Tusz do znakowania mi\u0119sa"},{"@type":"WebPage","@id":"https:\/\/pepsyna.eu\/index.php\/home-2\/odczynniki-chemiczne-oraz-srodki-do-mycia-i-dezynfekcji-znakowanie-miesa\/artykuly-do-znakowania-miesa\/tusz-do-znakowania-miesa\/#webpage","url":"https:\/\/pepsyna.eu\/index.php\/home-2\/odczynniki-chemiczne-oraz-srodki-do-mycia-i-dezynfekcji-znakowanie-miesa\/artykuly-do-znakowania-miesa\/tusz-do-znakowania-miesa\/","name":"TUSZ DO ZNAKOWANIA MI\u0118SA -","isPartOf":{"@id":"https:\/\/pepsyna.eu\/#website"},"primaryImageOfPage":{"@id":"https:\/\/pepsyna.eu\/index.php\/home-2\/odczynniki-chemiczne-oraz-srodki-do-mycia-i-dezynfekcji-znakowanie-miesa\/artykuly-do-znakowania-miesa\/tusz-do-znakowania-miesa\/#primaryimage"},"datePublished":"2021-03-15T15:54:18+00:00","dateModified":"2021-03-18T09:15:33+00:00","breadcrumb":{"@id":"https:\/\/pepsyna.eu\/index.php\/home-2\/odczynniki-chemiczne-oraz-srodki-do-mycia-i-dezynfekcji-znakowanie-miesa\/artykuly-do-znakowania-miesa\/tusz-do-znakowania-miesa\/#breadcrumb"},"inLanguage":"pl-PL","potentialAction":[{"@type":"ReadAction","target":["https:\/\/pepsyna.eu\/index.php\/home-2\/odczynniki-chemiczne-oraz-srodki-do-mycia-i-dezynfekcji-znakowanie-miesa\/artykuly-do-znakowania-miesa\/tusz-do-znakowania-miesa\/"]}]},{"@type":"BreadcrumbList","@id":"https:\/\/pepsyna.eu\/index.php\/home-2\/odczynniki-chemiczne-oraz-srodki-do-mycia-i-dezynfekcji-znakowanie-miesa\/artykuly-do-znakowania-miesa\/tusz-do-znakowania-miesa\/#breadcrumb","itemListElement":[{"@type":"ListItem","position":1,"name":"Strona g\u0142\u00f3wna","item":"https:\/\/pepsyna.eu\/"},{"@type":"ListItem","position":2,"name":"EPI 2 OFERTA","item":"https:\/\/pepsyna.eu\/"},{"@type":"ListItem","position":3,"name":"ODCZYNNIKI CHEMICZNE ORAZ \u015aRODKI DO MYCIA I DEZYNFEKCJI","item":"https:\/\/pepsyna.eu\/index.php\/home-2\/odczynniki-chemiczne-oraz-srodki-do-mycia-i-dezynfekcji-znakowanie-miesa\/"},{"@type":"ListItem","position":4,"name":"ARTYKU\u0141Y DO ZNAKOWANIA MI\u0118SA","item":"https:\/\/pepsyna.eu\/index.php\/home-2\/odczynniki-chemiczne-oraz-srodki-do-mycia-i-dezynfekcji-znakowanie-miesa\/artykuly-do-znakowania-miesa\/"},{"@type":"ListItem","position":5,"name":"TUSZ DO ZNAKOWANIA MI\u0118SA"}]}]}},"_links":{"self":[{"href":"https:\/\/pepsyna.eu\/index.php\/wp-json\/wp\/v2\/pages\/167"}],"collection":[{"href":"https:\/\/pepsyna.eu\/index.php\/wp-json\/wp\/v2\/pages"}],"about":[{"href":"https:\/\/pepsyna.eu\/index.php\/wp-json\/wp\/v2\/types\/page"}],"author":[{"embeddable":true,"href":"https:\/\/pepsyna.eu\/index.php\/wp-json\/wp\/v2\/users\/1"}],"replies":[{"embeddable":true,"href":"https:\/\/pepsyna.eu\/index.php\/wp-json\/wp\/v2\/comments?post=167"}],"version-history":[{"count":10,"href":"https:\/\/pepsyna.eu\/index.php\/wp-json\/wp\/v2\/pages\/167\/revisions"}],"predecessor-version":[{"id":593,"href":"https:\/\/pepsyna.eu\/index.php\/wp-json\/wp\/v2\/pages\/167\/revisions\/593"}],"up":[{"embeddable":true,"href":"https:\/\/pepsyna.eu\/index.php\/wp-json\/wp\/v2\/pages\/165"}],"wp:attachment":[{"href":"https:\/\/pepsyna.eu\/index.php\/wp-json\/wp\/v2\/media?parent=167"}],"curies":[{"name":"wp","href":"https:\/\/api.w.org\/{rel}","templated":true}]}}