{"id":165,"date":"2021-03-15T15:50:52","date_gmt":"2021-03-15T15:50:52","guid":{"rendered":"http:\/\/pepsyna.eu\/?page_id=165"},"modified":"2021-03-18T08:48:41","modified_gmt":"2021-03-18T08:48:41","slug":"artykuly-do-znakowania-miesa","status":"publish","type":"page","link":"https:\/\/pepsyna.eu\/index.php\/home-2\/odczynniki-chemiczne-oraz-srodki-do-mycia-i-dezynfekcji-znakowanie-miesa\/artykuly-do-znakowania-miesa\/","title":{"rendered":"ARTYKU\u0141Y DO ZNAKOWANIA MI\u0118SA"},"content":{"rendered":"\t\t<div data-elementor-type=\"wp-page\" data-elementor-id=\"165\" class=\"elementor elementor-165\" data-elementor-settings=\"[]\">\n\t\t\t\t\t\t<div class=\"elementor-inner\">\n\t\t\t\t\t\t\t<div class=\"elementor-section-wrap\">\n\t\t\t\t\t\t\t<section class=\"elementor-section elementor-top-section elementor-element elementor-element-44d0e99d elementor-section-boxed elementor-section-height-default elementor-section-height-default\" data-id=\"44d0e99d\" data-element_type=\"section\">\n\t\t\t\t\t\t<div class=\"elementor-container elementor-column-gap-default\">\n\t\t\t\t\t\t\t<div class=\"elementor-row\">\n\t\t\t\t\t<div class=\"elementor-column elementor-col-100 elementor-top-column elementor-element elementor-element-bbab623\" data-id=\"bbab623\" data-element_type=\"column\">\n\t\t\t<div class=\"elementor-column-wrap elementor-element-populated\">\n\t\t\t\t\t\t\t<div class=\"elementor-widget-wrap\">\n\t\t\t\t\t\t<div class=\"elementor-element elementor-element-7851c28a elementor-widget elementor-widget-text-editor\" data-id=\"7851c28a\" data-element_type=\"widget\" data-widget_type=\"text-editor.default\">\n\t\t\t\t<div class=\"elementor-widget-container\">\n\t\t\t\t\t\t\t\t<div class=\"elementor-text-editor elementor-clearfix\">\n\t\t\t\t<p><a href=\"https:\/\/pepsyna.eu\/index.php\/home-2\/odczynniki-chemiczne-oraz-srodki-do-mycia-i-dezynfekcji-znakowanie-miesa\/artykuly-do-znakowania-miesa\/tusz-do-znakowania-miesa\/\">&#8211; Tusz do znakowania mi\u0119sa<\/a><\/p>\n<p><a href=\"https:\/\/pepsyna.eu\/index.php\/home-2\/odczynniki-chemiczne-oraz-srodki-do-mycia-i-dezynfekcji-znakowanie-miesa\/artykuly-do-znakowania-miesa\/kredki-w-sztyfcie\/\">&#8211; Kredki w sztyfcie<\/a><\/p>\n<p><a href=\"https:\/\/pepsyna.eu\/index.php\/home-2\/odczynniki-chemiczne-oraz-srodki-do-mycia-i-dezynfekcji-znakowanie-miesa\/artykuly-do-znakowania-miesa\/olowki-kopiowe\/\">&#8211; O\u0142\u00f3wki kopiowe<\/a><\/p>\n<p><a href=\"https:\/\/pepsyna.eu\/index.php\/home-2\/odczynniki-chemiczne-oraz-srodki-do-mycia-i-dezynfekcji-znakowanie-miesa\/artykuly-do-znakowania-miesa\/spray\/\">&#8211; Kolorowy Spray<\/a><\/p>\t\t\t\t\t<\/div>\n\t\t\t\t\t\t<\/div>\n\t\t\t\t<\/div>\n\t\t\t\t\t\t<\/div>\n\t\t\t\t\t<\/div>\n\t\t<\/div>\n\t\t\t\t\t\t\t\t<\/div>\n\t\t\t\t\t<\/div>\n\t\t<\/section>\n\t\t\t\t\t\t<\/div>\n\t\t\t\t\t\t<\/div>\n\t\t\t\t\t<\/div>\n\t\t","protected":false},"excerpt":{"rendered":"<p>&#8211; Tusz do znakowania mi\u0119sa &#8211; Kredki w sztyfcie &#8211; O\u0142\u00f3wki kopiowe &#8211; Kolorowy Spray<\/p>\n","protected":false},"author":1,"featured_media":0,"parent":97,"menu_order":3,"comment_status":"closed","ping_status":"closed","template":"","meta":[],"yoast_head":"<!-- This site is optimized with the Yoast SEO plugin v17.6 - https:\/\/yoast.com\/wordpress\/plugins\/seo\/ -->\n<title>ARTYKU\u0141Y DO ZNAKOWANIA MI\u0118SA -<\/title>\n<meta name=\"robots\" content=\"index, follow, max-snippet:-1, max-image-preview:large, max-video-preview:-1\" \/>\n<link rel=\"canonical\" href=\"https:\/\/pepsyna.eu\/index.php\/home-2\/odczynniki-chemiczne-oraz-srodki-do-mycia-i-dezynfekcji-znakowanie-miesa\/artykuly-do-znakowania-miesa\/\" \/>\n<meta property=\"og:locale\" content=\"pl_PL\" \/>\n<meta property=\"og:type\" content=\"article\" \/>\n<meta property=\"og:title\" content=\"ARTYKU\u0141Y DO ZNAKOWANIA MI\u0118SA -\" \/>\n<meta property=\"og:description\" content=\"&#8211; Tusz do znakowania mi\u0119sa &#8211; Kredki w sztyfcie &#8211; O\u0142\u00f3wki kopiowe &#8211; Kolorowy Spray\" \/>\n<meta property=\"og:url\" content=\"https:\/\/pepsyna.eu\/index.php\/home-2\/odczynniki-chemiczne-oraz-srodki-do-mycia-i-dezynfekcji-znakowanie-miesa\/artykuly-do-znakowania-miesa\/\" \/>\n<meta property=\"article:modified_time\" content=\"2021-03-18T08:48:41+00:00\" \/>\n<meta name=\"twitter:card\" content=\"summary_large_image\" \/>\n<script type=\"application\/ld+json\" class=\"yoast-schema-graph\">{\"@context\":\"https:\/\/schema.org\",\"@graph\":[{\"@type\":\"Organization\",\"@id\":\"https:\/\/pepsyna.eu\/#organization\",\"name\":\"EPI 2\",\"url\":\"https:\/\/pepsyna.eu\/\",\"sameAs\":[],\"logo\":{\"@type\":\"ImageObject\",\"@id\":\"https:\/\/pepsyna.eu\/#logo\",\"inLanguage\":\"pl-PL\",\"url\":\"https:\/\/pepsyna.eu\/wp-content\/uploads\/2021\/03\/cropped-LOGO-EPI2-1.jpg\",\"contentUrl\":\"https:\/\/pepsyna.eu\/wp-content\/uploads\/2021\/03\/cropped-LOGO-EPI2-1.jpg\",\"width\":403,\"height\":85,\"caption\":\"EPI 2\"},\"image\":{\"@id\":\"https:\/\/pepsyna.eu\/#logo\"}},{\"@type\":\"WebSite\",\"@id\":\"https:\/\/pepsyna.eu\/#website\",\"url\":\"https:\/\/pepsyna.eu\/\",\"name\":\"WYSPOSA\\u017bENIE LABORATORYJNE\",\"description\":\"\",\"publisher\":{\"@id\":\"https:\/\/pepsyna.eu\/#organization\"},\"potentialAction\":[{\"@type\":\"SearchAction\",\"target\":{\"@type\":\"EntryPoint\",\"urlTemplate\":\"https:\/\/pepsyna.eu\/?s={search_term_string}\"},\"query-input\":\"required name=search_term_string\"}],\"inLanguage\":\"pl-PL\"},{\"@type\":\"WebPage\",\"@id\":\"https:\/\/pepsyna.eu\/index.php\/home-2\/odczynniki-chemiczne-oraz-srodki-do-mycia-i-dezynfekcji-znakowanie-miesa\/artykuly-do-znakowania-miesa\/#webpage\",\"url\":\"https:\/\/pepsyna.eu\/index.php\/home-2\/odczynniki-chemiczne-oraz-srodki-do-mycia-i-dezynfekcji-znakowanie-miesa\/artykuly-do-znakowania-miesa\/\",\"name\":\"ARTYKU\\u0141Y DO ZNAKOWANIA MI\\u0118SA -\",\"isPartOf\":{\"@id\":\"https:\/\/pepsyna.eu\/#website\"},\"datePublished\":\"2021-03-15T15:50:52+00:00\",\"dateModified\":\"2021-03-18T08:48:41+00:00\",\"breadcrumb\":{\"@id\":\"https:\/\/pepsyna.eu\/index.php\/home-2\/odczynniki-chemiczne-oraz-srodki-do-mycia-i-dezynfekcji-znakowanie-miesa\/artykuly-do-znakowania-miesa\/#breadcrumb\"},\"inLanguage\":\"pl-PL\",\"potentialAction\":[{\"@type\":\"ReadAction\",\"target\":[\"https:\/\/pepsyna.eu\/index.php\/home-2\/odczynniki-chemiczne-oraz-srodki-do-mycia-i-dezynfekcji-znakowanie-miesa\/artykuly-do-znakowania-miesa\/\"]}]},{\"@type\":\"BreadcrumbList\",\"@id\":\"https:\/\/pepsyna.eu\/index.php\/home-2\/odczynniki-chemiczne-oraz-srodki-do-mycia-i-dezynfekcji-znakowanie-miesa\/artykuly-do-znakowania-miesa\/#breadcrumb\",\"itemListElement\":[{\"@type\":\"ListItem\",\"position\":1,\"name\":\"Strona g\\u0142\\u00f3wna\",\"item\":\"https:\/\/pepsyna.eu\/\"},{\"@type\":\"ListItem\",\"position\":2,\"name\":\"EPI 2 OFERTA\",\"item\":\"https:\/\/pepsyna.eu\/\"},{\"@type\":\"ListItem\",\"position\":3,\"name\":\"ODCZYNNIKI CHEMICZNE ORAZ \\u015aRODKI DO MYCIA I DEZYNFEKCJI\",\"item\":\"https:\/\/pepsyna.eu\/index.php\/home-2\/odczynniki-chemiczne-oraz-srodki-do-mycia-i-dezynfekcji-znakowanie-miesa\/\"},{\"@type\":\"ListItem\",\"position\":4,\"name\":\"ARTYKU\\u0141Y DO ZNAKOWANIA MI\\u0118SA\"}]}]}<\/script>\n<!-- \/ Yoast SEO plugin. -->","yoast_head_json":{"title":"ARTYKU\u0141Y DO ZNAKOWANIA MI\u0118SA -","robots":{"index":"index","follow":"follow","max-snippet":"max-snippet:-1","max-image-preview":"max-image-preview:large","max-video-preview":"max-video-preview:-1"},"canonical":"https:\/\/pepsyna.eu\/index.php\/home-2\/odczynniki-chemiczne-oraz-srodki-do-mycia-i-dezynfekcji-znakowanie-miesa\/artykuly-do-znakowania-miesa\/","og_locale":"pl_PL","og_type":"article","og_title":"ARTYKU\u0141Y DO ZNAKOWANIA MI\u0118SA -","og_description":"&#8211; Tusz do znakowania mi\u0119sa &#8211; Kredki w sztyfcie &#8211; O\u0142\u00f3wki kopiowe &#8211; Kolorowy Spray","og_url":"https:\/\/pepsyna.eu\/index.php\/home-2\/odczynniki-chemiczne-oraz-srodki-do-mycia-i-dezynfekcji-znakowanie-miesa\/artykuly-do-znakowania-miesa\/","article_modified_time":"2021-03-18T08:48:41+00:00","twitter_card":"summary_large_image","schema":{"@context":"https:\/\/schema.org","@graph":[{"@type":"Organization","@id":"https:\/\/pepsyna.eu\/#organization","name":"EPI 2","url":"https:\/\/pepsyna.eu\/","sameAs":[],"logo":{"@type":"ImageObject","@id":"https:\/\/pepsyna.eu\/#logo","inLanguage":"pl-PL","url":"https:\/\/pepsyna.eu\/wp-content\/uploads\/2021\/03\/cropped-LOGO-EPI2-1.jpg","contentUrl":"https:\/\/pepsyna.eu\/wp-content\/uploads\/2021\/03\/cropped-LOGO-EPI2-1.jpg","width":403,"height":85,"caption":"EPI 2"},"image":{"@id":"https:\/\/pepsyna.eu\/#logo"}},{"@type":"WebSite","@id":"https:\/\/pepsyna.eu\/#website","url":"https:\/\/pepsyna.eu\/","name":"WYSPOSA\u017bENIE LABORATORYJNE","description":"","publisher":{"@id":"https:\/\/pepsyna.eu\/#organization"},"potentialAction":[{"@type":"SearchAction","target":{"@type":"EntryPoint","urlTemplate":"https:\/\/pepsyna.eu\/?s={search_term_string}"},"query-input":"required name=search_term_string"}],"inLanguage":"pl-PL"},{"@type":"WebPage","@id":"https:\/\/pepsyna.eu\/index.php\/home-2\/odczynniki-chemiczne-oraz-srodki-do-mycia-i-dezynfekcji-znakowanie-miesa\/artykuly-do-znakowania-miesa\/#webpage","url":"https:\/\/pepsyna.eu\/index.php\/home-2\/odczynniki-chemiczne-oraz-srodki-do-mycia-i-dezynfekcji-znakowanie-miesa\/artykuly-do-znakowania-miesa\/","name":"ARTYKU\u0141Y DO ZNAKOWANIA MI\u0118SA -","isPartOf":{"@id":"https:\/\/pepsyna.eu\/#website"},"datePublished":"2021-03-15T15:50:52+00:00","dateModified":"2021-03-18T08:48:41+00:00","breadcrumb":{"@id":"https:\/\/pepsyna.eu\/index.php\/home-2\/odczynniki-chemiczne-oraz-srodki-do-mycia-i-dezynfekcji-znakowanie-miesa\/artykuly-do-znakowania-miesa\/#breadcrumb"},"inLanguage":"pl-PL","potentialAction":[{"@type":"ReadAction","target":["https:\/\/pepsyna.eu\/index.php\/home-2\/odczynniki-chemiczne-oraz-srodki-do-mycia-i-dezynfekcji-znakowanie-miesa\/artykuly-do-znakowania-miesa\/"]}]},{"@type":"BreadcrumbList","@id":"https:\/\/pepsyna.eu\/index.php\/home-2\/odczynniki-chemiczne-oraz-srodki-do-mycia-i-dezynfekcji-znakowanie-miesa\/artykuly-do-znakowania-miesa\/#breadcrumb","itemListElement":[{"@type":"ListItem","position":1,"name":"Strona g\u0142\u00f3wna","item":"https:\/\/pepsyna.eu\/"},{"@type":"ListItem","position":2,"name":"EPI 2 OFERTA","item":"https:\/\/pepsyna.eu\/"},{"@type":"ListItem","position":3,"name":"ODCZYNNIKI CHEMICZNE ORAZ \u015aRODKI DO MYCIA I DEZYNFEKCJI","item":"https:\/\/pepsyna.eu\/index.php\/home-2\/odczynniki-chemiczne-oraz-srodki-do-mycia-i-dezynfekcji-znakowanie-miesa\/"},{"@type":"ListItem","position":4,"name":"ARTYKU\u0141Y DO ZNAKOWANIA MI\u0118SA"}]}]}},"_links":{"self":[{"href":"https:\/\/pepsyna.eu\/index.php\/wp-json\/wp\/v2\/pages\/165"}],"collection":[{"href":"https:\/\/pepsyna.eu\/index.php\/wp-json\/wp\/v2\/pages"}],"about":[{"href":"https:\/\/pepsyna.eu\/index.php\/wp-json\/wp\/v2\/types\/page"}],"author":[{"embeddable":true,"href":"https:\/\/pepsyna.eu\/index.php\/wp-json\/wp\/v2\/users\/1"}],"replies":[{"embeddable":true,"href":"https:\/\/pepsyna.eu\/index.php\/wp-json\/wp\/v2\/comments?post=165"}],"version-history":[{"count":5,"href":"https:\/\/pepsyna.eu\/index.php\/wp-json\/wp\/v2\/pages\/165\/revisions"}],"predecessor-version":[{"id":617,"href":"https:\/\/pepsyna.eu\/index.php\/wp-json\/wp\/v2\/pages\/165\/revisions\/617"}],"up":[{"embeddable":true,"href":"https:\/\/pepsyna.eu\/index.php\/wp-json\/wp\/v2\/pages\/97"}],"wp:attachment":[{"href":"https:\/\/pepsyna.eu\/index.php\/wp-json\/wp\/v2\/media?parent=165"}],"curies":[{"name":"wp","href":"https:\/\/api.w.org\/{rel}","templated":true}]}}