{"id":160,"date":"2021-03-15T15:47:01","date_gmt":"2021-03-15T15:47:01","guid":{"rendered":"http:\/\/pepsyna.eu\/?page_id=160"},"modified":"2021-03-26T15:17:23","modified_gmt":"2021-03-26T15:17:23","slug":"javel","status":"publish","type":"page","link":"https:\/\/pepsyna.eu\/index.php\/home-2\/srodki-do-mycia-i-dezynfekcji\/javel\/","title":{"rendered":"JAVEL"},"content":{"rendered":"\t\t<div data-elementor-type=\"wp-page\" data-elementor-id=\"160\" class=\"elementor elementor-160\" data-elementor-settings=\"[]\">\n\t\t\t\t\t\t<div class=\"elementor-inner\">\n\t\t\t\t\t\t\t<div class=\"elementor-section-wrap\">\n\t\t\t\t\t\t\t<section class=\"elementor-section elementor-top-section elementor-element elementor-element-5ebb035f elementor-section-boxed elementor-section-height-default elementor-section-height-default\" data-id=\"5ebb035f\" data-element_type=\"section\">\n\t\t\t\t\t\t<div class=\"elementor-container elementor-column-gap-default\">\n\t\t\t\t\t\t\t<div class=\"elementor-row\">\n\t\t\t\t\t<div class=\"elementor-column elementor-col-100 elementor-top-column elementor-element elementor-element-165c8a35\" data-id=\"165c8a35\" data-element_type=\"column\">\n\t\t\t<div class=\"elementor-column-wrap elementor-element-populated\">\n\t\t\t\t\t\t\t<div class=\"elementor-widget-wrap\">\n\t\t\t\t\t\t<div class=\"elementor-element elementor-element-21896aec elementor-widget elementor-widget-text-editor\" data-id=\"21896aec\" data-element_type=\"widget\" data-widget_type=\"text-editor.default\">\n\t\t\t\t<div class=\"elementor-widget-container\">\n\t\t\t\t\t\t\t\t<div class=\"elementor-text-editor elementor-clearfix\">\n\t\t\t\t<!-- wp:paragraph -->\n<p><a href=\"https:\/\/pepsyna.eu\"><img loading=\"lazy\" class=\"size-medium wp-image-785 aligncenter\" src=\"https:\/\/pepsyna.eu\/wp-content\/uploads\/2021\/03\/javel-215x300.jpg\" alt=\"\" width=\"215\" height=\"300\" srcset=\"https:\/\/pepsyna.eu\/wp-content\/uploads\/2021\/03\/javel-215x300.jpg 215w, https:\/\/pepsyna.eu\/wp-content\/uploads\/2021\/03\/javel.jpg 307w\" sizes=\"(max-width: 215px) 100vw, 215px\" \/><\/a><\/p>\n<ul>\n<li>Dzia\u0142anie bakteriob\u00f3jcze, wirusob\u00f3jcze, grzybob\u00f3jcze &#8211; w\u0142\u0105cznie z\u00a0TBc i\u00a0sporami (clostridium difficile).<\/li>\n<li>Zastosowanie: dezynfekcja powierzchni w\u00a0plac\u00f3wkach medycznych, wody w\u00a0basenach k\u0105pielowych, wody do\u00a0picia.<\/li>\n<li>Ka\u017cda pastylka uwalnia 1,5\u00a0g aktywnego chloru.<\/li>\n<\/ul>\n<p>\u00a0<\/p>\n<div class=\"et_pb_row et_pb_row_0\">\n<div class=\"et_pb_column et_pb_column_4_4 et_pb_column_0  et_pb_css_mix_blend_mode_passthrough et-last-child\">\n<div class=\"et_pb_module et_pb_text et_pb_text_0  et_pb_text_align_left et_pb_bg_layout_light\">\n<div class=\"et_pb_text_inner\">\n<ul>\n<li class=\"p1\"><span class=\"s1\">Produkty\u00a0<span class=\"javel-styl\">Javel<sup>\u00ae<\/sup><\/span>\u00a0to najwy\u017cszej jako\u015bci profesjonalne wyroby biob\u00f3jcze zapewniaj\u0105ce gwarancj\u0119 higieny<span class=\"Apple-converted-space\">\u00a0\u00a0<\/span>i czysto\u015bci. Dzi\u0119ki szerokiemu spektrum dzia\u0142ania od lat wykorzystywane s\u0105 w plac\u00f3wkach medycznych, gastronomicznych, rolnictwie oraz na terenach dotkni\u0119tych powodzi\u0105 lub innym kataklizmem naturalnym na terenie ca\u0142ej Polski i \u015awiata.<\/span><\/li>\n<\/ul>\n<\/div>\n<\/div>\n<\/div>\n<\/div>\n<div id=\"info\" class=\"et_pb_row et_pb_row_1\">\n<div class=\"et_pb_column et_pb_column_4_4 et_pb_column_1  et_pb_css_mix_blend_mode_passthrough et-last-child\">\n<div class=\"et_pb_module et_pb_text et_pb_text_1  et_pb_text_align_left et_pb_bg_layout_light\">\n<div class=\"et_pb_text_inner\">\n<ul>\n<li class=\"p1\"><span class=\"s1\">W czasach obecnej<span class=\"Apple-converted-space\">\u00a0\u00a0<\/span>pandemii, gdzie bezpiecze\u0144stwo i dezynfekcja nabra\u0142y jeszcze wi\u0119kszego znaczenia nale\u017cy zaznaczy\u0107, i\u017c substancja aktywna znajduj\u0105ca si\u0119 w naszych produktach jest zalecana przez WHO do walki przeciwko wirusowi COVID-19.<\/span><\/li>\n<li class=\"p1\"><span class=\"s1\">\u0141atwe w u\u017cyciu produkty\u00a0<span class=\"javel-styl\">Javel<sup>\u00ae<\/sup><\/span>\u00a0to skuteczne \u015brodki do dezynfekcji<span class=\"Apple-converted-space\">\u00a0\u00a0<\/span>urz\u0105dze\u0144 i powierzchni w jednostkach u\u017cyteczno\u015bci prywatnej<span class=\"Apple-converted-space\">\u00a0\u00a0<\/span>i publicznej takich jak: szpitale, szko\u0142y, urz\u0119dy, ko\u015bcio\u0142y, magazyny, biura, wsp\u00f3lnoty mieszkaniowe itp.<\/span><\/li>\n<\/ul>\n<p>\u00a0<\/p>\n<ul>\n<li>Opakowania handlowe: 1\u00a0kg (300 pastylek)<\/li>\n<\/ul>\n<\/div>\n<\/div>\n<\/div>\n<\/div>\n<!-- \/wp:paragraph -->\t\t\t\t\t<\/div>\n\t\t\t\t\t\t<\/div>\n\t\t\t\t<\/div>\n\t\t\t\t\t\t<\/div>\n\t\t\t\t\t<\/div>\n\t\t<\/div>\n\t\t\t\t\t\t\t\t<\/div>\n\t\t\t\t\t<\/div>\n\t\t<\/section>\n\t\t\t\t\t\t<\/div>\n\t\t\t\t\t\t<\/div>\n\t\t\t\t\t<\/div>\n\t\t","protected":false},"excerpt":{"rendered":"<p>Dzia\u0142anie bakteriob\u00f3jcze, wirusob\u00f3jcze, grzybob\u00f3jcze &#8211; w\u0142\u0105cznie z\u00a0TBc i\u00a0sporami (clostridium difficile). Zastosowanie: dezynfekcja powierzchni w\u00a0plac\u00f3wkach medycznych, wody w\u00a0basenach k\u0105pielowych, wody do\u00a0picia. Ka\u017cda pastylka uwalnia 1,5\u00a0g aktywnego chloru. \u00a0 Produkty\u00a0Javel\u00ae\u00a0to najwy\u017cszej jako\u015bci profesjonalne wyroby biob\u00f3jcze zapewniaj\u0105ce gwarancj\u0119 higieny\u00a0\u00a0i czysto\u015bci. Dzi\u0119ki szerokiemu spektrum dzia\u0142ania od lat wykorzystywane s\u0105 w plac\u00f3wkach medycznych, gastronomicznych, rolnictwie oraz na terenach dotkni\u0119tych powodzi\u0105&hellip;<\/p>\n","protected":false},"author":1,"featured_media":0,"parent":130,"menu_order":15,"comment_status":"closed","ping_status":"closed","template":"","meta":[],"yoast_head":"<!-- This site is optimized with the Yoast SEO plugin v17.6 - https:\/\/yoast.com\/wordpress\/plugins\/seo\/ -->\n<title>JAVEL -<\/title>\n<meta name=\"robots\" content=\"index, follow, max-snippet:-1, max-image-preview:large, max-video-preview:-1\" \/>\n<link rel=\"canonical\" href=\"https:\/\/pepsyna.eu\/index.php\/home-2\/srodki-do-mycia-i-dezynfekcji\/javel\/\" \/>\n<meta property=\"og:locale\" content=\"pl_PL\" \/>\n<meta property=\"og:type\" content=\"article\" \/>\n<meta property=\"og:title\" content=\"JAVEL -\" \/>\n<meta property=\"og:description\" content=\"Dzia\u0142anie bakteriob\u00f3jcze, wirusob\u00f3jcze, grzybob\u00f3jcze &#8211; w\u0142\u0105cznie z\u00a0TBc i\u00a0sporami (clostridium difficile). Zastosowanie: dezynfekcja powierzchni w\u00a0plac\u00f3wkach medycznych, wody w\u00a0basenach k\u0105pielowych, wody do\u00a0picia. Ka\u017cda pastylka uwalnia 1,5\u00a0g aktywnego chloru. \u00a0 Produkty\u00a0Javel\u00ae\u00a0to najwy\u017cszej jako\u015bci profesjonalne wyroby biob\u00f3jcze zapewniaj\u0105ce gwarancj\u0119 higieny\u00a0\u00a0i czysto\u015bci. Dzi\u0119ki szerokiemu spektrum dzia\u0142ania od lat wykorzystywane s\u0105 w plac\u00f3wkach medycznych, gastronomicznych, rolnictwie oraz na terenach dotkni\u0119tych powodzi\u0105&hellip;\" \/>\n<meta property=\"og:url\" content=\"https:\/\/pepsyna.eu\/index.php\/home-2\/srodki-do-mycia-i-dezynfekcji\/javel\/\" \/>\n<meta property=\"article:modified_time\" content=\"2021-03-26T15:17:23+00:00\" \/>\n<meta property=\"og:image\" content=\"https:\/\/pepsyna.eu\/wp-content\/uploads\/2021\/03\/javel-215x300.jpg\" \/>\n<meta name=\"twitter:card\" content=\"summary_large_image\" \/>\n<meta name=\"twitter:label1\" content=\"Szacowany czas czytania\" \/>\n\t<meta name=\"twitter:data1\" content=\"1 minuta\" \/>\n<script type=\"application\/ld+json\" class=\"yoast-schema-graph\">{\"@context\":\"https:\/\/schema.org\",\"@graph\":[{\"@type\":\"Organization\",\"@id\":\"https:\/\/pepsyna.eu\/#organization\",\"name\":\"EPI 2\",\"url\":\"https:\/\/pepsyna.eu\/\",\"sameAs\":[],\"logo\":{\"@type\":\"ImageObject\",\"@id\":\"https:\/\/pepsyna.eu\/#logo\",\"inLanguage\":\"pl-PL\",\"url\":\"https:\/\/pepsyna.eu\/wp-content\/uploads\/2021\/03\/cropped-LOGO-EPI2-1.jpg\",\"contentUrl\":\"https:\/\/pepsyna.eu\/wp-content\/uploads\/2021\/03\/cropped-LOGO-EPI2-1.jpg\",\"width\":403,\"height\":85,\"caption\":\"EPI 2\"},\"image\":{\"@id\":\"https:\/\/pepsyna.eu\/#logo\"}},{\"@type\":\"WebSite\",\"@id\":\"https:\/\/pepsyna.eu\/#website\",\"url\":\"https:\/\/pepsyna.eu\/\",\"name\":\"WYSPOSA\\u017bENIE LABORATORYJNE\",\"description\":\"\",\"publisher\":{\"@id\":\"https:\/\/pepsyna.eu\/#organization\"},\"potentialAction\":[{\"@type\":\"SearchAction\",\"target\":{\"@type\":\"EntryPoint\",\"urlTemplate\":\"https:\/\/pepsyna.eu\/?s={search_term_string}\"},\"query-input\":\"required name=search_term_string\"}],\"inLanguage\":\"pl-PL\"},{\"@type\":\"ImageObject\",\"@id\":\"https:\/\/pepsyna.eu\/index.php\/home-2\/srodki-do-mycia-i-dezynfekcji\/javel\/#primaryimage\",\"inLanguage\":\"pl-PL\",\"url\":\"https:\/\/pepsyna.eu\/wp-content\/uploads\/2021\/03\/javel.jpg\",\"contentUrl\":\"https:\/\/pepsyna.eu\/wp-content\/uploads\/2021\/03\/javel.jpg\",\"width\":307,\"height\":428},{\"@type\":\"WebPage\",\"@id\":\"https:\/\/pepsyna.eu\/index.php\/home-2\/srodki-do-mycia-i-dezynfekcji\/javel\/#webpage\",\"url\":\"https:\/\/pepsyna.eu\/index.php\/home-2\/srodki-do-mycia-i-dezynfekcji\/javel\/\",\"name\":\"JAVEL -\",\"isPartOf\":{\"@id\":\"https:\/\/pepsyna.eu\/#website\"},\"primaryImageOfPage\":{\"@id\":\"https:\/\/pepsyna.eu\/index.php\/home-2\/srodki-do-mycia-i-dezynfekcji\/javel\/#primaryimage\"},\"datePublished\":\"2021-03-15T15:47:01+00:00\",\"dateModified\":\"2021-03-26T15:17:23+00:00\",\"breadcrumb\":{\"@id\":\"https:\/\/pepsyna.eu\/index.php\/home-2\/srodki-do-mycia-i-dezynfekcji\/javel\/#breadcrumb\"},\"inLanguage\":\"pl-PL\",\"potentialAction\":[{\"@type\":\"ReadAction\",\"target\":[\"https:\/\/pepsyna.eu\/index.php\/home-2\/srodki-do-mycia-i-dezynfekcji\/javel\/\"]}]},{\"@type\":\"BreadcrumbList\",\"@id\":\"https:\/\/pepsyna.eu\/index.php\/home-2\/srodki-do-mycia-i-dezynfekcji\/javel\/#breadcrumb\",\"itemListElement\":[{\"@type\":\"ListItem\",\"position\":1,\"name\":\"Strona g\\u0142\\u00f3wna\",\"item\":\"https:\/\/pepsyna.eu\/\"},{\"@type\":\"ListItem\",\"position\":2,\"name\":\"EPI 2 OFERTA\",\"item\":\"https:\/\/pepsyna.eu\/\"},{\"@type\":\"ListItem\",\"position\":3,\"name\":\"\\u015aRODKI DO MYCIA I DEZYNFEKCJI\",\"item\":\"https:\/\/pepsyna.eu\/index.php\/home-2\/srodki-do-mycia-i-dezynfekcji\/\"},{\"@type\":\"ListItem\",\"position\":4,\"name\":\"JAVEL\"}]}]}<\/script>\n<!-- \/ Yoast SEO plugin. -->","yoast_head_json":{"title":"JAVEL -","robots":{"index":"index","follow":"follow","max-snippet":"max-snippet:-1","max-image-preview":"max-image-preview:large","max-video-preview":"max-video-preview:-1"},"canonical":"https:\/\/pepsyna.eu\/index.php\/home-2\/srodki-do-mycia-i-dezynfekcji\/javel\/","og_locale":"pl_PL","og_type":"article","og_title":"JAVEL -","og_description":"Dzia\u0142anie bakteriob\u00f3jcze, wirusob\u00f3jcze, grzybob\u00f3jcze &#8211; w\u0142\u0105cznie z\u00a0TBc i\u00a0sporami (clostridium difficile). Zastosowanie: dezynfekcja powierzchni w\u00a0plac\u00f3wkach medycznych, wody w\u00a0basenach k\u0105pielowych, wody do\u00a0picia. Ka\u017cda pastylka uwalnia 1,5\u00a0g aktywnego chloru. \u00a0 Produkty\u00a0Javel\u00ae\u00a0to najwy\u017cszej jako\u015bci profesjonalne wyroby biob\u00f3jcze zapewniaj\u0105ce gwarancj\u0119 higieny\u00a0\u00a0i czysto\u015bci. Dzi\u0119ki szerokiemu spektrum dzia\u0142ania od lat wykorzystywane s\u0105 w plac\u00f3wkach medycznych, gastronomicznych, rolnictwie oraz na terenach dotkni\u0119tych powodzi\u0105&hellip;","og_url":"https:\/\/pepsyna.eu\/index.php\/home-2\/srodki-do-mycia-i-dezynfekcji\/javel\/","article_modified_time":"2021-03-26T15:17:23+00:00","og_image":[{"url":"https:\/\/pepsyna.eu\/wp-content\/uploads\/2021\/03\/javel-215x300.jpg"}],"twitter_card":"summary_large_image","twitter_misc":{"Szacowany czas czytania":"1 minuta"},"schema":{"@context":"https:\/\/schema.org","@graph":[{"@type":"Organization","@id":"https:\/\/pepsyna.eu\/#organization","name":"EPI 2","url":"https:\/\/pepsyna.eu\/","sameAs":[],"logo":{"@type":"ImageObject","@id":"https:\/\/pepsyna.eu\/#logo","inLanguage":"pl-PL","url":"https:\/\/pepsyna.eu\/wp-content\/uploads\/2021\/03\/cropped-LOGO-EPI2-1.jpg","contentUrl":"https:\/\/pepsyna.eu\/wp-content\/uploads\/2021\/03\/cropped-LOGO-EPI2-1.jpg","width":403,"height":85,"caption":"EPI 2"},"image":{"@id":"https:\/\/pepsyna.eu\/#logo"}},{"@type":"WebSite","@id":"https:\/\/pepsyna.eu\/#website","url":"https:\/\/pepsyna.eu\/","name":"WYSPOSA\u017bENIE LABORATORYJNE","description":"","publisher":{"@id":"https:\/\/pepsyna.eu\/#organization"},"potentialAction":[{"@type":"SearchAction","target":{"@type":"EntryPoint","urlTemplate":"https:\/\/pepsyna.eu\/?s={search_term_string}"},"query-input":"required name=search_term_string"}],"inLanguage":"pl-PL"},{"@type":"ImageObject","@id":"https:\/\/pepsyna.eu\/index.php\/home-2\/srodki-do-mycia-i-dezynfekcji\/javel\/#primaryimage","inLanguage":"pl-PL","url":"https:\/\/pepsyna.eu\/wp-content\/uploads\/2021\/03\/javel.jpg","contentUrl":"https:\/\/pepsyna.eu\/wp-content\/uploads\/2021\/03\/javel.jpg","width":307,"height":428},{"@type":"WebPage","@id":"https:\/\/pepsyna.eu\/index.php\/home-2\/srodki-do-mycia-i-dezynfekcji\/javel\/#webpage","url":"https:\/\/pepsyna.eu\/index.php\/home-2\/srodki-do-mycia-i-dezynfekcji\/javel\/","name":"JAVEL -","isPartOf":{"@id":"https:\/\/pepsyna.eu\/#website"},"primaryImageOfPage":{"@id":"https:\/\/pepsyna.eu\/index.php\/home-2\/srodki-do-mycia-i-dezynfekcji\/javel\/#primaryimage"},"datePublished":"2021-03-15T15:47:01+00:00","dateModified":"2021-03-26T15:17:23+00:00","breadcrumb":{"@id":"https:\/\/pepsyna.eu\/index.php\/home-2\/srodki-do-mycia-i-dezynfekcji\/javel\/#breadcrumb"},"inLanguage":"pl-PL","potentialAction":[{"@type":"ReadAction","target":["https:\/\/pepsyna.eu\/index.php\/home-2\/srodki-do-mycia-i-dezynfekcji\/javel\/"]}]},{"@type":"BreadcrumbList","@id":"https:\/\/pepsyna.eu\/index.php\/home-2\/srodki-do-mycia-i-dezynfekcji\/javel\/#breadcrumb","itemListElement":[{"@type":"ListItem","position":1,"name":"Strona g\u0142\u00f3wna","item":"https:\/\/pepsyna.eu\/"},{"@type":"ListItem","position":2,"name":"EPI 2 OFERTA","item":"https:\/\/pepsyna.eu\/"},{"@type":"ListItem","position":3,"name":"\u015aRODKI DO MYCIA I DEZYNFEKCJI","item":"https:\/\/pepsyna.eu\/index.php\/home-2\/srodki-do-mycia-i-dezynfekcji\/"},{"@type":"ListItem","position":4,"name":"JAVEL"}]}]}},"_links":{"self":[{"href":"https:\/\/pepsyna.eu\/index.php\/wp-json\/wp\/v2\/pages\/160"}],"collection":[{"href":"https:\/\/pepsyna.eu\/index.php\/wp-json\/wp\/v2\/pages"}],"about":[{"href":"https:\/\/pepsyna.eu\/index.php\/wp-json\/wp\/v2\/types\/page"}],"author":[{"embeddable":true,"href":"https:\/\/pepsyna.eu\/index.php\/wp-json\/wp\/v2\/users\/1"}],"replies":[{"embeddable":true,"href":"https:\/\/pepsyna.eu\/index.php\/wp-json\/wp\/v2\/comments?post=160"}],"version-history":[{"count":4,"href":"https:\/\/pepsyna.eu\/index.php\/wp-json\/wp\/v2\/pages\/160\/revisions"}],"predecessor-version":[{"id":788,"href":"https:\/\/pepsyna.eu\/index.php\/wp-json\/wp\/v2\/pages\/160\/revisions\/788"}],"up":[{"embeddable":true,"href":"https:\/\/pepsyna.eu\/index.php\/wp-json\/wp\/v2\/pages\/130"}],"wp:attachment":[{"href":"https:\/\/pepsyna.eu\/index.php\/wp-json\/wp\/v2\/media?parent=160"}],"curies":[{"name":"wp","href":"https:\/\/api.w.org\/{rel}","templated":true}]}}