{"id":158,"date":"2021-03-15T15:45:55","date_gmt":"2021-03-15T15:45:55","guid":{"rendered":"http:\/\/pepsyna.eu\/?page_id=158"},"modified":"2021-03-26T14:01:26","modified_gmt":"2021-03-26T14:01:26","slug":"trilux","status":"publish","type":"page","link":"https:\/\/pepsyna.eu\/index.php\/home-2\/srodki-do-mycia-i-dezynfekcji\/trilux\/","title":{"rendered":"TRILUX"},"content":{"rendered":"\t\t<div data-elementor-type=\"wp-page\" data-elementor-id=\"158\" class=\"elementor elementor-158\" data-elementor-settings=\"[]\">\n\t\t\t\t\t\t<div class=\"elementor-inner\">\n\t\t\t\t\t\t\t<div class=\"elementor-section-wrap\">\n\t\t\t\t\t\t\t<section class=\"elementor-section elementor-top-section elementor-element elementor-element-2ea83452 elementor-section-boxed elementor-section-height-default elementor-section-height-default\" data-id=\"2ea83452\" data-element_type=\"section\">\n\t\t\t\t\t\t<div class=\"elementor-container elementor-column-gap-default\">\n\t\t\t\t\t\t\t<div class=\"elementor-row\">\n\t\t\t\t\t<div class=\"elementor-column elementor-col-100 elementor-top-column elementor-element elementor-element-831ea67\" data-id=\"831ea67\" data-element_type=\"column\">\n\t\t\t<div class=\"elementor-column-wrap elementor-element-populated\">\n\t\t\t\t\t\t\t<div class=\"elementor-widget-wrap\">\n\t\t\t\t\t\t<div class=\"elementor-element elementor-element-19fc88d9 elementor-widget elementor-widget-text-editor\" data-id=\"19fc88d9\" data-element_type=\"widget\" data-widget_type=\"text-editor.default\">\n\t\t\t\t<div class=\"elementor-widget-container\">\n\t\t\t\t\t\t\t\t<div class=\"elementor-text-editor elementor-clearfix\">\n\t\t\t\t<p><!-- wp:paragraph --><\/p>\n<p><a href=\"http:\/\/pepsyna.pl\"><img loading=\"lazy\" class=\"size-medium wp-image-780 aligncenter\" src=\"https:\/\/pepsyna.eu\/wp-content\/uploads\/2021\/03\/trilux-227x300.jpg\" alt=\"\" width=\"227\" height=\"300\" srcset=\"https:\/\/pepsyna.eu\/wp-content\/uploads\/2021\/03\/trilux-227x300.jpg 227w, https:\/\/pepsyna.eu\/wp-content\/uploads\/2021\/03\/trilux.jpg 552w\" sizes=\"(max-width: 227px) 100vw, 227px\" \/><\/a><\/p>\n<div class=\"elementor-column elementor-col-50 elementor-top-column elementor-element elementor-element-a9354f0\" data-id=\"a9354f0\" data-element_type=\"column\">\n<div class=\"elementor-column-wrap elementor-element-populated\">\n<div class=\"elementor-widget-wrap\">\n<div class=\"elementor-element elementor-element-eeff93b elementor-widget elementor-widget-text-editor\" data-id=\"eeff93b\" data-element_type=\"widget\" data-widget_type=\"text-editor.default\">\n<div class=\"elementor-widget-container\">\n<div>\u00a0<\/div>\n<ul>\n<li class=\"elementor-text-editor elementor-clearfix\">TRILUX jest odczynnikiem detergentowym przeznaczonym do mycia szk\u0142a laboratoryjnego w pracowniach diagnostycznych s\u0142u\u017cby zdrowia oraz w laboratoriach chemicznych i biochemicznych. Z powodzeniem mo\u017ce by\u0107 stosowany jako \u015brodek myj\u0105cy w gospodarstwach domowych. TRILUX jest \u0142atwo wyp\u0142ukiwany z powierzchni szk\u0142a i tworzyw sztucznych, nie pozostawia zaciek\u00f3w, zm\u0119tnie\u0144 oraz \u015blad\u00f3w wp\u0142ywaj\u0105cych na przebieg reakcji biochemicznych, enzymatycznych i oznacze\u0144 analitycznych. Biodegradowalny, przyjazny \u015brodowisku. Bezpieczny dla sk\u00f3ry d\u0142oni. Ekonomiczny i wydajny. Sprzedawany w stabilnej butelce<\/li>\n<\/ul>\n<p>\u00a0<\/p>\n<ul>\n<li>TRILUX jest sprzedawany w butelkach plastykowych o obj\u0119to\u015bci 1 lub 5 litr\u00f3w.<\/li>\n<\/ul>\n<\/div>\n<\/div>\n<\/div>\n<\/div>\n<\/div>\n<div class=\"elementor-column elementor-col-50 elementor-top-column elementor-element elementor-element-aee3ffc\" data-id=\"aee3ffc\" data-element_type=\"column\">\n<div class=\"elementor-column-wrap elementor-element-populated\">\n<div class=\"elementor-widget-wrap\">\u00a0<\/div>\n<\/div>\n<\/div>\n<p><!-- \/wp:paragraph --><\/p>\t\t\t\t\t<\/div>\n\t\t\t\t\t\t<\/div>\n\t\t\t\t<\/div>\n\t\t\t\t\t\t<\/div>\n\t\t\t\t\t<\/div>\n\t\t<\/div>\n\t\t\t\t\t\t\t\t<\/div>\n\t\t\t\t\t<\/div>\n\t\t<\/section>\n\t\t\t\t\t\t<\/div>\n\t\t\t\t\t\t<\/div>\n\t\t\t\t\t<\/div>\n\t\t","protected":false},"excerpt":{"rendered":"<p>\u00a0 TRILUX jest odczynnikiem detergentowym przeznaczonym do mycia szk\u0142a laboratoryjnego w pracowniach diagnostycznych s\u0142u\u017cby zdrowia oraz w laboratoriach chemicznych i biochemicznych. Z powodzeniem mo\u017ce by\u0107 stosowany jako \u015brodek myj\u0105cy w gospodarstwach domowych. TRILUX jest \u0142atwo wyp\u0142ukiwany z powierzchni szk\u0142a i tworzyw sztucznych, nie pozostawia zaciek\u00f3w, zm\u0119tnie\u0144 oraz \u015blad\u00f3w wp\u0142ywaj\u0105cych na przebieg reakcji biochemicznych, enzymatycznych i&hellip;<\/p>\n","protected":false},"author":1,"featured_media":0,"parent":130,"menu_order":14,"comment_status":"closed","ping_status":"closed","template":"","meta":[],"yoast_head":"<!-- This site is optimized with the Yoast SEO plugin v17.6 - https:\/\/yoast.com\/wordpress\/plugins\/seo\/ -->\n<title>TRILUX -<\/title>\n<meta name=\"robots\" content=\"index, follow, max-snippet:-1, max-image-preview:large, max-video-preview:-1\" \/>\n<link rel=\"canonical\" href=\"https:\/\/pepsyna.eu\/index.php\/home-2\/srodki-do-mycia-i-dezynfekcji\/trilux\/\" \/>\n<meta property=\"og:locale\" content=\"pl_PL\" \/>\n<meta property=\"og:type\" content=\"article\" \/>\n<meta property=\"og:title\" content=\"TRILUX -\" \/>\n<meta property=\"og:description\" content=\"\u00a0 TRILUX jest odczynnikiem detergentowym przeznaczonym do mycia szk\u0142a laboratoryjnego w pracowniach diagnostycznych s\u0142u\u017cby zdrowia oraz w laboratoriach chemicznych i biochemicznych. Z powodzeniem mo\u017ce by\u0107 stosowany jako \u015brodek myj\u0105cy w gospodarstwach domowych. TRILUX jest \u0142atwo wyp\u0142ukiwany z powierzchni szk\u0142a i tworzyw sztucznych, nie pozostawia zaciek\u00f3w, zm\u0119tnie\u0144 oraz \u015blad\u00f3w wp\u0142ywaj\u0105cych na przebieg reakcji biochemicznych, enzymatycznych i&hellip;\" \/>\n<meta property=\"og:url\" content=\"https:\/\/pepsyna.eu\/index.php\/home-2\/srodki-do-mycia-i-dezynfekcji\/trilux\/\" \/>\n<meta property=\"article:modified_time\" content=\"2021-03-26T14:01:26+00:00\" \/>\n<meta property=\"og:image\" content=\"https:\/\/pepsyna.eu\/wp-content\/uploads\/2021\/03\/trilux-227x300.jpg\" \/>\n<meta name=\"twitter:card\" content=\"summary_large_image\" \/>\n<meta name=\"twitter:label1\" content=\"Szacowany czas czytania\" \/>\n\t<meta name=\"twitter:data1\" content=\"1 minuta\" \/>\n<script type=\"application\/ld+json\" class=\"yoast-schema-graph\">{\"@context\":\"https:\/\/schema.org\",\"@graph\":[{\"@type\":\"Organization\",\"@id\":\"https:\/\/pepsyna.eu\/#organization\",\"name\":\"EPI 2\",\"url\":\"https:\/\/pepsyna.eu\/\",\"sameAs\":[],\"logo\":{\"@type\":\"ImageObject\",\"@id\":\"https:\/\/pepsyna.eu\/#logo\",\"inLanguage\":\"pl-PL\",\"url\":\"https:\/\/pepsyna.eu\/wp-content\/uploads\/2021\/03\/cropped-LOGO-EPI2-1.jpg\",\"contentUrl\":\"https:\/\/pepsyna.eu\/wp-content\/uploads\/2021\/03\/cropped-LOGO-EPI2-1.jpg\",\"width\":403,\"height\":85,\"caption\":\"EPI 2\"},\"image\":{\"@id\":\"https:\/\/pepsyna.eu\/#logo\"}},{\"@type\":\"WebSite\",\"@id\":\"https:\/\/pepsyna.eu\/#website\",\"url\":\"https:\/\/pepsyna.eu\/\",\"name\":\"WYSPOSA\\u017bENIE LABORATORYJNE\",\"description\":\"\",\"publisher\":{\"@id\":\"https:\/\/pepsyna.eu\/#organization\"},\"potentialAction\":[{\"@type\":\"SearchAction\",\"target\":{\"@type\":\"EntryPoint\",\"urlTemplate\":\"https:\/\/pepsyna.eu\/?s={search_term_string}\"},\"query-input\":\"required name=search_term_string\"}],\"inLanguage\":\"pl-PL\"},{\"@type\":\"ImageObject\",\"@id\":\"https:\/\/pepsyna.eu\/index.php\/home-2\/srodki-do-mycia-i-dezynfekcji\/trilux\/#primaryimage\",\"inLanguage\":\"pl-PL\",\"url\":\"https:\/\/pepsyna.eu\/wp-content\/uploads\/2021\/03\/trilux.jpg\",\"contentUrl\":\"https:\/\/pepsyna.eu\/wp-content\/uploads\/2021\/03\/trilux.jpg\",\"width\":552,\"height\":729},{\"@type\":\"WebPage\",\"@id\":\"https:\/\/pepsyna.eu\/index.php\/home-2\/srodki-do-mycia-i-dezynfekcji\/trilux\/#webpage\",\"url\":\"https:\/\/pepsyna.eu\/index.php\/home-2\/srodki-do-mycia-i-dezynfekcji\/trilux\/\",\"name\":\"TRILUX -\",\"isPartOf\":{\"@id\":\"https:\/\/pepsyna.eu\/#website\"},\"primaryImageOfPage\":{\"@id\":\"https:\/\/pepsyna.eu\/index.php\/home-2\/srodki-do-mycia-i-dezynfekcji\/trilux\/#primaryimage\"},\"datePublished\":\"2021-03-15T15:45:55+00:00\",\"dateModified\":\"2021-03-26T14:01:26+00:00\",\"breadcrumb\":{\"@id\":\"https:\/\/pepsyna.eu\/index.php\/home-2\/srodki-do-mycia-i-dezynfekcji\/trilux\/#breadcrumb\"},\"inLanguage\":\"pl-PL\",\"potentialAction\":[{\"@type\":\"ReadAction\",\"target\":[\"https:\/\/pepsyna.eu\/index.php\/home-2\/srodki-do-mycia-i-dezynfekcji\/trilux\/\"]}]},{\"@type\":\"BreadcrumbList\",\"@id\":\"https:\/\/pepsyna.eu\/index.php\/home-2\/srodki-do-mycia-i-dezynfekcji\/trilux\/#breadcrumb\",\"itemListElement\":[{\"@type\":\"ListItem\",\"position\":1,\"name\":\"Strona g\\u0142\\u00f3wna\",\"item\":\"https:\/\/pepsyna.eu\/\"},{\"@type\":\"ListItem\",\"position\":2,\"name\":\"EPI 2 OFERTA\",\"item\":\"https:\/\/pepsyna.eu\/\"},{\"@type\":\"ListItem\",\"position\":3,\"name\":\"\\u015aRODKI DO MYCIA I DEZYNFEKCJI\",\"item\":\"https:\/\/pepsyna.eu\/index.php\/home-2\/srodki-do-mycia-i-dezynfekcji\/\"},{\"@type\":\"ListItem\",\"position\":4,\"name\":\"TRILUX\"}]}]}<\/script>\n<!-- \/ Yoast SEO plugin. -->","yoast_head_json":{"title":"TRILUX -","robots":{"index":"index","follow":"follow","max-snippet":"max-snippet:-1","max-image-preview":"max-image-preview:large","max-video-preview":"max-video-preview:-1"},"canonical":"https:\/\/pepsyna.eu\/index.php\/home-2\/srodki-do-mycia-i-dezynfekcji\/trilux\/","og_locale":"pl_PL","og_type":"article","og_title":"TRILUX -","og_description":"\u00a0 TRILUX jest odczynnikiem detergentowym przeznaczonym do mycia szk\u0142a laboratoryjnego w pracowniach diagnostycznych s\u0142u\u017cby zdrowia oraz w laboratoriach chemicznych i biochemicznych. Z powodzeniem mo\u017ce by\u0107 stosowany jako \u015brodek myj\u0105cy w gospodarstwach domowych. TRILUX jest \u0142atwo wyp\u0142ukiwany z powierzchni szk\u0142a i tworzyw sztucznych, nie pozostawia zaciek\u00f3w, zm\u0119tnie\u0144 oraz \u015blad\u00f3w wp\u0142ywaj\u0105cych na przebieg reakcji biochemicznych, enzymatycznych i&hellip;","og_url":"https:\/\/pepsyna.eu\/index.php\/home-2\/srodki-do-mycia-i-dezynfekcji\/trilux\/","article_modified_time":"2021-03-26T14:01:26+00:00","og_image":[{"url":"https:\/\/pepsyna.eu\/wp-content\/uploads\/2021\/03\/trilux-227x300.jpg"}],"twitter_card":"summary_large_image","twitter_misc":{"Szacowany czas czytania":"1 minuta"},"schema":{"@context":"https:\/\/schema.org","@graph":[{"@type":"Organization","@id":"https:\/\/pepsyna.eu\/#organization","name":"EPI 2","url":"https:\/\/pepsyna.eu\/","sameAs":[],"logo":{"@type":"ImageObject","@id":"https:\/\/pepsyna.eu\/#logo","inLanguage":"pl-PL","url":"https:\/\/pepsyna.eu\/wp-content\/uploads\/2021\/03\/cropped-LOGO-EPI2-1.jpg","contentUrl":"https:\/\/pepsyna.eu\/wp-content\/uploads\/2021\/03\/cropped-LOGO-EPI2-1.jpg","width":403,"height":85,"caption":"EPI 2"},"image":{"@id":"https:\/\/pepsyna.eu\/#logo"}},{"@type":"WebSite","@id":"https:\/\/pepsyna.eu\/#website","url":"https:\/\/pepsyna.eu\/","name":"WYSPOSA\u017bENIE LABORATORYJNE","description":"","publisher":{"@id":"https:\/\/pepsyna.eu\/#organization"},"potentialAction":[{"@type":"SearchAction","target":{"@type":"EntryPoint","urlTemplate":"https:\/\/pepsyna.eu\/?s={search_term_string}"},"query-input":"required name=search_term_string"}],"inLanguage":"pl-PL"},{"@type":"ImageObject","@id":"https:\/\/pepsyna.eu\/index.php\/home-2\/srodki-do-mycia-i-dezynfekcji\/trilux\/#primaryimage","inLanguage":"pl-PL","url":"https:\/\/pepsyna.eu\/wp-content\/uploads\/2021\/03\/trilux.jpg","contentUrl":"https:\/\/pepsyna.eu\/wp-content\/uploads\/2021\/03\/trilux.jpg","width":552,"height":729},{"@type":"WebPage","@id":"https:\/\/pepsyna.eu\/index.php\/home-2\/srodki-do-mycia-i-dezynfekcji\/trilux\/#webpage","url":"https:\/\/pepsyna.eu\/index.php\/home-2\/srodki-do-mycia-i-dezynfekcji\/trilux\/","name":"TRILUX -","isPartOf":{"@id":"https:\/\/pepsyna.eu\/#website"},"primaryImageOfPage":{"@id":"https:\/\/pepsyna.eu\/index.php\/home-2\/srodki-do-mycia-i-dezynfekcji\/trilux\/#primaryimage"},"datePublished":"2021-03-15T15:45:55+00:00","dateModified":"2021-03-26T14:01:26+00:00","breadcrumb":{"@id":"https:\/\/pepsyna.eu\/index.php\/home-2\/srodki-do-mycia-i-dezynfekcji\/trilux\/#breadcrumb"},"inLanguage":"pl-PL","potentialAction":[{"@type":"ReadAction","target":["https:\/\/pepsyna.eu\/index.php\/home-2\/srodki-do-mycia-i-dezynfekcji\/trilux\/"]}]},{"@type":"BreadcrumbList","@id":"https:\/\/pepsyna.eu\/index.php\/home-2\/srodki-do-mycia-i-dezynfekcji\/trilux\/#breadcrumb","itemListElement":[{"@type":"ListItem","position":1,"name":"Strona g\u0142\u00f3wna","item":"https:\/\/pepsyna.eu\/"},{"@type":"ListItem","position":2,"name":"EPI 2 OFERTA","item":"https:\/\/pepsyna.eu\/"},{"@type":"ListItem","position":3,"name":"\u015aRODKI DO MYCIA I DEZYNFEKCJI","item":"https:\/\/pepsyna.eu\/index.php\/home-2\/srodki-do-mycia-i-dezynfekcji\/"},{"@type":"ListItem","position":4,"name":"TRILUX"}]}]}},"_links":{"self":[{"href":"https:\/\/pepsyna.eu\/index.php\/wp-json\/wp\/v2\/pages\/158"}],"collection":[{"href":"https:\/\/pepsyna.eu\/index.php\/wp-json\/wp\/v2\/pages"}],"about":[{"href":"https:\/\/pepsyna.eu\/index.php\/wp-json\/wp\/v2\/types\/page"}],"author":[{"embeddable":true,"href":"https:\/\/pepsyna.eu\/index.php\/wp-json\/wp\/v2\/users\/1"}],"replies":[{"embeddable":true,"href":"https:\/\/pepsyna.eu\/index.php\/wp-json\/wp\/v2\/comments?post=158"}],"version-history":[{"count":4,"href":"https:\/\/pepsyna.eu\/index.php\/wp-json\/wp\/v2\/pages\/158\/revisions"}],"predecessor-version":[{"id":783,"href":"https:\/\/pepsyna.eu\/index.php\/wp-json\/wp\/v2\/pages\/158\/revisions\/783"}],"up":[{"embeddable":true,"href":"https:\/\/pepsyna.eu\/index.php\/wp-json\/wp\/v2\/pages\/130"}],"wp:attachment":[{"href":"https:\/\/pepsyna.eu\/index.php\/wp-json\/wp\/v2\/media?parent=158"}],"curies":[{"name":"wp","href":"https:\/\/api.w.org\/{rel}","templated":true}]}}