{"id":146,"date":"2021-03-15T15:38:13","date_gmt":"2021-03-15T15:38:13","guid":{"rendered":"http:\/\/pepsyna.eu\/?page_id=146"},"modified":"2021-03-19T17:57:19","modified_gmt":"2021-03-19T17:57:19","slug":"mediquick","status":"publish","type":"page","link":"https:\/\/pepsyna.eu\/index.php\/home-2\/srodki-do-mycia-i-dezynfekcji\/mediquick\/","title":{"rendered":"MEDIQUICK"},"content":{"rendered":"\t\t<div data-elementor-type=\"wp-page\" data-elementor-id=\"146\" class=\"elementor elementor-146\" data-elementor-settings=\"[]\">\n\t\t\t\t\t\t<div class=\"elementor-inner\">\n\t\t\t\t\t\t\t<div class=\"elementor-section-wrap\">\n\t\t\t\t\t\t\t<section class=\"elementor-section elementor-top-section elementor-element elementor-element-19ffb424 elementor-section-boxed elementor-section-height-default elementor-section-height-default\" data-id=\"19ffb424\" data-element_type=\"section\">\n\t\t\t\t\t\t<div class=\"elementor-container elementor-column-gap-default\">\n\t\t\t\t\t\t\t<div class=\"elementor-row\">\n\t\t\t\t\t<div class=\"elementor-column elementor-col-100 elementor-top-column elementor-element elementor-element-2fdbeb0d\" data-id=\"2fdbeb0d\" data-element_type=\"column\">\n\t\t\t<div class=\"elementor-column-wrap elementor-element-populated\">\n\t\t\t\t\t\t\t<div class=\"elementor-widget-wrap\">\n\t\t\t\t\t\t<div class=\"elementor-element elementor-element-475f99bd elementor-widget elementor-widget-text-editor\" data-id=\"475f99bd\" data-element_type=\"widget\" data-widget_type=\"text-editor.default\">\n\t\t\t\t<div class=\"elementor-widget-container\">\n\t\t\t\t\t\t\t\t<div class=\"elementor-text-editor elementor-clearfix\">\n\t\t\t\t<p><img loading=\"lazy\" class=\" wp-image-734 aligncenter\" src=\"https:\/\/pepsyna.eu\/wp-content\/uploads\/2021\/03\/mediquick-276x300.jpg\" alt=\"\" width=\"222\" height=\"241\" srcset=\"https:\/\/pepsyna.eu\/wp-content\/uploads\/2021\/03\/mediquick-276x300.jpg 276w, https:\/\/pepsyna.eu\/wp-content\/uploads\/2021\/03\/mediquick.jpg 372w\" sizes=\"(max-width: 222px) 100vw, 222px\" \/><\/p>\n<h1>\u00a0<\/h1>\n<h1>MediQuick\u00a0 \u00a0 RHEOSOL<\/h1>\n<p>\u00a0<\/p>\n<div class=\"noprint\">\u00a0<\/div>\n<p><strong>Alkoholowy preparat do szybkiej dezynfekcji powierzchni nieinwazyjnych wyrob\u00f3w medycznych.<\/strong><\/p>\n<ul class=\"nav_more noprint\">\n<li>produkt gotowy do u\u017cycia<\/li>\n<li>kompozycja na bazie mieszaniny alkoholi<\/li>\n<li>szerokie spektrum biob\u00f3jcze: bakteriob\u00f3jczy, pr\u0105tkob\u00f3jczy, dro\u017cd\u017cakob\u00f3jczy i wirusob\u00f3jczy<\/li>\n<li>bardzo kr\u00f3tki czas dzia\u0142ania &#8211; ju\u017c w 30 s.<\/li>\n<li>wykazuje szerok\u0105 kompatybilno\u015b\u0107 materia\u0142ow\u0105<\/li>\n<li>idealny do dezynfekcji wszelkich powierzchni medycznych typu \u0142\u00f3\u017cka, fotele zabiegowe, aparatura medyczna, sprz\u0119t rehabilitacyjny oraz inne trudno dost\u0119pne powierzchnie<\/li>\n<li>zalecany do powierzchni odpornych na dzia\u0142anie alkoholi (szk\u0142o, aluminium, stal nierdzewna, metal, ceramika)<\/li>\n<li>wyj\u0105tkowo delikatny i nieszkodliwy dla sk\u00f3ry &#8211; przebadany dermatologicznie<\/li>\n<li>wygodna i szybka forma aplikacji preparatu<\/li>\n<li>charakteryzuje si\u0119 przyjemnym, delikatnym zapachem<\/li>\n<\/ul>\t\t\t\t\t<\/div>\n\t\t\t\t\t\t<\/div>\n\t\t\t\t<\/div>\n\t\t\t\t\t\t<\/div>\n\t\t\t\t\t<\/div>\n\t\t<\/div>\n\t\t\t\t\t\t\t\t<\/div>\n\t\t\t\t\t<\/div>\n\t\t<\/section>\n\t\t\t\t\t\t<\/div>\n\t\t\t\t\t\t<\/div>\n\t\t\t\t\t<\/div>\n\t\t","protected":false},"excerpt":{"rendered":"<p>\u00a0 MediQuick\u00a0 \u00a0 RHEOSOL \u00a0 \u00a0 Alkoholowy preparat do szybkiej dezynfekcji powierzchni nieinwazyjnych wyrob\u00f3w medycznych. produkt gotowy do u\u017cycia kompozycja na bazie mieszaniny alkoholi szerokie spektrum biob\u00f3jcze: bakteriob\u00f3jczy, pr\u0105tkob\u00f3jczy, dro\u017cd\u017cakob\u00f3jczy i wirusob\u00f3jczy bardzo kr\u00f3tki czas dzia\u0142ania &#8211; ju\u017c w 30 s. wykazuje szerok\u0105 kompatybilno\u015b\u0107 materia\u0142ow\u0105 idealny do dezynfekcji wszelkich powierzchni medycznych typu \u0142\u00f3\u017cka, fotele zabiegowe,&hellip;<\/p>\n","protected":false},"author":1,"featured_media":0,"parent":130,"menu_order":8,"comment_status":"closed","ping_status":"closed","template":"","meta":[],"yoast_head":"<!-- This site is optimized with the Yoast SEO plugin v17.6 - https:\/\/yoast.com\/wordpress\/plugins\/seo\/ -->\n<title>MEDIQUICK -<\/title>\n<meta name=\"robots\" content=\"index, follow, max-snippet:-1, max-image-preview:large, max-video-preview:-1\" \/>\n<link rel=\"canonical\" href=\"https:\/\/pepsyna.eu\/index.php\/home-2\/srodki-do-mycia-i-dezynfekcji\/mediquick\/\" \/>\n<meta property=\"og:locale\" content=\"pl_PL\" \/>\n<meta property=\"og:type\" content=\"article\" \/>\n<meta property=\"og:title\" content=\"MEDIQUICK -\" \/>\n<meta property=\"og:description\" content=\"\u00a0 MediQuick\u00a0 \u00a0 RHEOSOL \u00a0 \u00a0 Alkoholowy preparat do szybkiej dezynfekcji powierzchni nieinwazyjnych wyrob\u00f3w medycznych. produkt gotowy do u\u017cycia kompozycja na bazie mieszaniny alkoholi szerokie spektrum biob\u00f3jcze: bakteriob\u00f3jczy, pr\u0105tkob\u00f3jczy, dro\u017cd\u017cakob\u00f3jczy i wirusob\u00f3jczy bardzo kr\u00f3tki czas dzia\u0142ania &#8211; ju\u017c w 30 s. wykazuje szerok\u0105 kompatybilno\u015b\u0107 materia\u0142ow\u0105 idealny do dezynfekcji wszelkich powierzchni medycznych typu \u0142\u00f3\u017cka, fotele zabiegowe,&hellip;\" \/>\n<meta property=\"og:url\" content=\"https:\/\/pepsyna.eu\/index.php\/home-2\/srodki-do-mycia-i-dezynfekcji\/mediquick\/\" \/>\n<meta property=\"article:modified_time\" content=\"2021-03-19T17:57:19+00:00\" \/>\n<meta property=\"og:image\" content=\"https:\/\/pepsyna.eu\/wp-content\/uploads\/2021\/03\/mediquick-276x300.jpg\" \/>\n<meta name=\"twitter:card\" content=\"summary_large_image\" \/>\n<meta name=\"twitter:label1\" content=\"Szacowany czas czytania\" \/>\n\t<meta name=\"twitter:data1\" content=\"1 minuta\" \/>\n<script type=\"application\/ld+json\" class=\"yoast-schema-graph\">{\"@context\":\"https:\/\/schema.org\",\"@graph\":[{\"@type\":\"Organization\",\"@id\":\"https:\/\/pepsyna.eu\/#organization\",\"name\":\"EPI 2\",\"url\":\"https:\/\/pepsyna.eu\/\",\"sameAs\":[],\"logo\":{\"@type\":\"ImageObject\",\"@id\":\"https:\/\/pepsyna.eu\/#logo\",\"inLanguage\":\"pl-PL\",\"url\":\"https:\/\/pepsyna.eu\/wp-content\/uploads\/2021\/03\/cropped-LOGO-EPI2-1.jpg\",\"contentUrl\":\"https:\/\/pepsyna.eu\/wp-content\/uploads\/2021\/03\/cropped-LOGO-EPI2-1.jpg\",\"width\":403,\"height\":85,\"caption\":\"EPI 2\"},\"image\":{\"@id\":\"https:\/\/pepsyna.eu\/#logo\"}},{\"@type\":\"WebSite\",\"@id\":\"https:\/\/pepsyna.eu\/#website\",\"url\":\"https:\/\/pepsyna.eu\/\",\"name\":\"WYSPOSA\\u017bENIE LABORATORYJNE\",\"description\":\"\",\"publisher\":{\"@id\":\"https:\/\/pepsyna.eu\/#organization\"},\"potentialAction\":[{\"@type\":\"SearchAction\",\"target\":{\"@type\":\"EntryPoint\",\"urlTemplate\":\"https:\/\/pepsyna.eu\/?s={search_term_string}\"},\"query-input\":\"required name=search_term_string\"}],\"inLanguage\":\"pl-PL\"},{\"@type\":\"ImageObject\",\"@id\":\"https:\/\/pepsyna.eu\/index.php\/home-2\/srodki-do-mycia-i-dezynfekcji\/mediquick\/#primaryimage\",\"inLanguage\":\"pl-PL\",\"url\":\"https:\/\/pepsyna.eu\/wp-content\/uploads\/2021\/03\/mediquick.jpg\",\"contentUrl\":\"https:\/\/pepsyna.eu\/wp-content\/uploads\/2021\/03\/mediquick.jpg\",\"width\":372,\"height\":404},{\"@type\":\"WebPage\",\"@id\":\"https:\/\/pepsyna.eu\/index.php\/home-2\/srodki-do-mycia-i-dezynfekcji\/mediquick\/#webpage\",\"url\":\"https:\/\/pepsyna.eu\/index.php\/home-2\/srodki-do-mycia-i-dezynfekcji\/mediquick\/\",\"name\":\"MEDIQUICK -\",\"isPartOf\":{\"@id\":\"https:\/\/pepsyna.eu\/#website\"},\"primaryImageOfPage\":{\"@id\":\"https:\/\/pepsyna.eu\/index.php\/home-2\/srodki-do-mycia-i-dezynfekcji\/mediquick\/#primaryimage\"},\"datePublished\":\"2021-03-15T15:38:13+00:00\",\"dateModified\":\"2021-03-19T17:57:19+00:00\",\"breadcrumb\":{\"@id\":\"https:\/\/pepsyna.eu\/index.php\/home-2\/srodki-do-mycia-i-dezynfekcji\/mediquick\/#breadcrumb\"},\"inLanguage\":\"pl-PL\",\"potentialAction\":[{\"@type\":\"ReadAction\",\"target\":[\"https:\/\/pepsyna.eu\/index.php\/home-2\/srodki-do-mycia-i-dezynfekcji\/mediquick\/\"]}]},{\"@type\":\"BreadcrumbList\",\"@id\":\"https:\/\/pepsyna.eu\/index.php\/home-2\/srodki-do-mycia-i-dezynfekcji\/mediquick\/#breadcrumb\",\"itemListElement\":[{\"@type\":\"ListItem\",\"position\":1,\"name\":\"Strona g\\u0142\\u00f3wna\",\"item\":\"https:\/\/pepsyna.eu\/\"},{\"@type\":\"ListItem\",\"position\":2,\"name\":\"EPI 2 OFERTA\",\"item\":\"https:\/\/pepsyna.eu\/\"},{\"@type\":\"ListItem\",\"position\":3,\"name\":\"\\u015aRODKI DO MYCIA I DEZYNFEKCJI\",\"item\":\"https:\/\/pepsyna.eu\/index.php\/home-2\/srodki-do-mycia-i-dezynfekcji\/\"},{\"@type\":\"ListItem\",\"position\":4,\"name\":\"MEDIQUICK\"}]}]}<\/script>\n<!-- \/ Yoast SEO plugin. -->","yoast_head_json":{"title":"MEDIQUICK -","robots":{"index":"index","follow":"follow","max-snippet":"max-snippet:-1","max-image-preview":"max-image-preview:large","max-video-preview":"max-video-preview:-1"},"canonical":"https:\/\/pepsyna.eu\/index.php\/home-2\/srodki-do-mycia-i-dezynfekcji\/mediquick\/","og_locale":"pl_PL","og_type":"article","og_title":"MEDIQUICK -","og_description":"\u00a0 MediQuick\u00a0 \u00a0 RHEOSOL \u00a0 \u00a0 Alkoholowy preparat do szybkiej dezynfekcji powierzchni nieinwazyjnych wyrob\u00f3w medycznych. produkt gotowy do u\u017cycia kompozycja na bazie mieszaniny alkoholi szerokie spektrum biob\u00f3jcze: bakteriob\u00f3jczy, pr\u0105tkob\u00f3jczy, dro\u017cd\u017cakob\u00f3jczy i wirusob\u00f3jczy bardzo kr\u00f3tki czas dzia\u0142ania &#8211; ju\u017c w 30 s. wykazuje szerok\u0105 kompatybilno\u015b\u0107 materia\u0142ow\u0105 idealny do dezynfekcji wszelkich powierzchni medycznych typu \u0142\u00f3\u017cka, fotele zabiegowe,&hellip;","og_url":"https:\/\/pepsyna.eu\/index.php\/home-2\/srodki-do-mycia-i-dezynfekcji\/mediquick\/","article_modified_time":"2021-03-19T17:57:19+00:00","og_image":[{"url":"https:\/\/pepsyna.eu\/wp-content\/uploads\/2021\/03\/mediquick-276x300.jpg"}],"twitter_card":"summary_large_image","twitter_misc":{"Szacowany czas czytania":"1 minuta"},"schema":{"@context":"https:\/\/schema.org","@graph":[{"@type":"Organization","@id":"https:\/\/pepsyna.eu\/#organization","name":"EPI 2","url":"https:\/\/pepsyna.eu\/","sameAs":[],"logo":{"@type":"ImageObject","@id":"https:\/\/pepsyna.eu\/#logo","inLanguage":"pl-PL","url":"https:\/\/pepsyna.eu\/wp-content\/uploads\/2021\/03\/cropped-LOGO-EPI2-1.jpg","contentUrl":"https:\/\/pepsyna.eu\/wp-content\/uploads\/2021\/03\/cropped-LOGO-EPI2-1.jpg","width":403,"height":85,"caption":"EPI 2"},"image":{"@id":"https:\/\/pepsyna.eu\/#logo"}},{"@type":"WebSite","@id":"https:\/\/pepsyna.eu\/#website","url":"https:\/\/pepsyna.eu\/","name":"WYSPOSA\u017bENIE LABORATORYJNE","description":"","publisher":{"@id":"https:\/\/pepsyna.eu\/#organization"},"potentialAction":[{"@type":"SearchAction","target":{"@type":"EntryPoint","urlTemplate":"https:\/\/pepsyna.eu\/?s={search_term_string}"},"query-input":"required name=search_term_string"}],"inLanguage":"pl-PL"},{"@type":"ImageObject","@id":"https:\/\/pepsyna.eu\/index.php\/home-2\/srodki-do-mycia-i-dezynfekcji\/mediquick\/#primaryimage","inLanguage":"pl-PL","url":"https:\/\/pepsyna.eu\/wp-content\/uploads\/2021\/03\/mediquick.jpg","contentUrl":"https:\/\/pepsyna.eu\/wp-content\/uploads\/2021\/03\/mediquick.jpg","width":372,"height":404},{"@type":"WebPage","@id":"https:\/\/pepsyna.eu\/index.php\/home-2\/srodki-do-mycia-i-dezynfekcji\/mediquick\/#webpage","url":"https:\/\/pepsyna.eu\/index.php\/home-2\/srodki-do-mycia-i-dezynfekcji\/mediquick\/","name":"MEDIQUICK -","isPartOf":{"@id":"https:\/\/pepsyna.eu\/#website"},"primaryImageOfPage":{"@id":"https:\/\/pepsyna.eu\/index.php\/home-2\/srodki-do-mycia-i-dezynfekcji\/mediquick\/#primaryimage"},"datePublished":"2021-03-15T15:38:13+00:00","dateModified":"2021-03-19T17:57:19+00:00","breadcrumb":{"@id":"https:\/\/pepsyna.eu\/index.php\/home-2\/srodki-do-mycia-i-dezynfekcji\/mediquick\/#breadcrumb"},"inLanguage":"pl-PL","potentialAction":[{"@type":"ReadAction","target":["https:\/\/pepsyna.eu\/index.php\/home-2\/srodki-do-mycia-i-dezynfekcji\/mediquick\/"]}]},{"@type":"BreadcrumbList","@id":"https:\/\/pepsyna.eu\/index.php\/home-2\/srodki-do-mycia-i-dezynfekcji\/mediquick\/#breadcrumb","itemListElement":[{"@type":"ListItem","position":1,"name":"Strona g\u0142\u00f3wna","item":"https:\/\/pepsyna.eu\/"},{"@type":"ListItem","position":2,"name":"EPI 2 OFERTA","item":"https:\/\/pepsyna.eu\/"},{"@type":"ListItem","position":3,"name":"\u015aRODKI DO MYCIA I DEZYNFEKCJI","item":"https:\/\/pepsyna.eu\/index.php\/home-2\/srodki-do-mycia-i-dezynfekcji\/"},{"@type":"ListItem","position":4,"name":"MEDIQUICK"}]}]}},"_links":{"self":[{"href":"https:\/\/pepsyna.eu\/index.php\/wp-json\/wp\/v2\/pages\/146"}],"collection":[{"href":"https:\/\/pepsyna.eu\/index.php\/wp-json\/wp\/v2\/pages"}],"about":[{"href":"https:\/\/pepsyna.eu\/index.php\/wp-json\/wp\/v2\/types\/page"}],"author":[{"embeddable":true,"href":"https:\/\/pepsyna.eu\/index.php\/wp-json\/wp\/v2\/users\/1"}],"replies":[{"embeddable":true,"href":"https:\/\/pepsyna.eu\/index.php\/wp-json\/wp\/v2\/comments?post=146"}],"version-history":[{"count":4,"href":"https:\/\/pepsyna.eu\/index.php\/wp-json\/wp\/v2\/pages\/146\/revisions"}],"predecessor-version":[{"id":737,"href":"https:\/\/pepsyna.eu\/index.php\/wp-json\/wp\/v2\/pages\/146\/revisions\/737"}],"up":[{"embeddable":true,"href":"https:\/\/pepsyna.eu\/index.php\/wp-json\/wp\/v2\/pages\/130"}],"wp:attachment":[{"href":"https:\/\/pepsyna.eu\/index.php\/wp-json\/wp\/v2\/media?parent=146"}],"curies":[{"name":"wp","href":"https:\/\/api.w.org\/{rel}","templated":true}]}}