{"id":118,"date":"2021-03-15T15:17:58","date_gmt":"2021-03-15T15:17:58","guid":{"rendered":"http:\/\/pepsyna.eu\/?page_id=118"},"modified":"2021-03-18T10:06:26","modified_gmt":"2021-03-18T10:06:26","slug":"pepsyna","status":"publish","type":"page","link":"https:\/\/pepsyna.eu\/index.php\/home-2\/odczynniki-chemiczne-oraz-srodki-do-mycia-i-dezynfekcji-znakowanie-miesa\/odczynniki-laboratoryjne\/pepsyna\/","title":{"rendered":"PEPSYNA"},"content":{"rendered":"\t\t<div data-elementor-type=\"wp-page\" data-elementor-id=\"118\" class=\"elementor elementor-118\" data-elementor-settings=\"[]\">\n\t\t\t\t\t\t<div class=\"elementor-inner\">\n\t\t\t\t\t\t\t<div class=\"elementor-section-wrap\">\n\t\t\t\t\t\t\t<section class=\"elementor-section elementor-top-section elementor-element elementor-element-295f5227 elementor-section-boxed elementor-section-height-default elementor-section-height-default\" data-id=\"295f5227\" data-element_type=\"section\">\n\t\t\t\t\t\t<div class=\"elementor-container elementor-column-gap-default\">\n\t\t\t\t\t\t\t<div class=\"elementor-row\">\n\t\t\t\t\t<div class=\"elementor-column elementor-col-100 elementor-top-column elementor-element elementor-element-ac42182\" data-id=\"ac42182\" data-element_type=\"column\">\n\t\t\t<div class=\"elementor-column-wrap elementor-element-populated\">\n\t\t\t\t\t\t\t<div class=\"elementor-widget-wrap\">\n\t\t\t\t\t\t<div class=\"elementor-element elementor-element-7ab0b20f elementor-widget elementor-widget-text-editor\" data-id=\"7ab0b20f\" data-element_type=\"widget\" data-widget_type=\"text-editor.default\">\n\t\t\t\t<div class=\"elementor-widget-container\">\n\t\t\t\t\t\t\t\t<div class=\"elementor-text-editor elementor-clearfix\">\n\t\t\t\t<!-- wp:paragraph -->\n<p><a href=\"https:\/\/pepsyna.eu\/index.php\/home-2\/odczynniki-chemiczne-oraz-srodki-do-mycia-i-dezynfekcji-znakowanie-miesa\/odczynniki-laboratoryjne\/pepsyna\/\"><img loading=\"lazy\" class=\"wp-image-607 size-medium\" src=\"https:\/\/pepsyna.eu\/wp-content\/uploads\/2021\/03\/Pepsyna-2-187x300.jpg\" alt=\"\" width=\"187\" height=\"300\" srcset=\"https:\/\/pepsyna.eu\/wp-content\/uploads\/2021\/03\/Pepsyna-2-187x300.jpg 187w, https:\/\/pepsyna.eu\/wp-content\/uploads\/2021\/03\/Pepsyna-2.jpg 189w\" sizes=\"(max-width: 187px) 100vw, 187px\" \/><\/a><\/p>\n<ul>\n<li>Pepsyna do badania mi\u0119sa w kierunku w\u0142o\u015bnicy<\/li>\n<li>Opakowania 500g, 250g, 200g, 150g, 100g, 50g, 10g<\/li>\n<\/ul>\n<!-- \/wp:paragraph -->\t\t\t\t\t<\/div>\n\t\t\t\t\t\t<\/div>\n\t\t\t\t<\/div>\n\t\t\t\t\t\t<\/div>\n\t\t\t\t\t<\/div>\n\t\t<\/div>\n\t\t\t\t\t\t\t\t<\/div>\n\t\t\t\t\t<\/div>\n\t\t<\/section>\n\t\t\t\t\t\t<\/div>\n\t\t\t\t\t\t<\/div>\n\t\t\t\t\t<\/div>\n\t\t","protected":false},"excerpt":{"rendered":"<p>Pepsyna do badania mi\u0119sa w kierunku w\u0142o\u015bnicy Opakowania 500g, 250g, 200g, 150g, 100g, 50g, 10g<\/p>\n","protected":false},"author":1,"featured_media":0,"parent":116,"menu_order":1,"comment_status":"closed","ping_status":"closed","template":"","meta":[],"yoast_head":"<!-- This site is optimized with the Yoast SEO plugin v17.6 - https:\/\/yoast.com\/wordpress\/plugins\/seo\/ -->\n<title>PEPSYNA -<\/title>\n<meta name=\"robots\" content=\"index, follow, max-snippet:-1, max-image-preview:large, max-video-preview:-1\" \/>\n<link rel=\"canonical\" href=\"https:\/\/pepsyna.eu\/index.php\/home-2\/odczynniki-chemiczne-oraz-srodki-do-mycia-i-dezynfekcji-znakowanie-miesa\/odczynniki-laboratoryjne\/pepsyna\/\" \/>\n<meta property=\"og:locale\" content=\"pl_PL\" \/>\n<meta property=\"og:type\" content=\"article\" \/>\n<meta property=\"og:title\" content=\"PEPSYNA -\" \/>\n<meta property=\"og:description\" content=\"Pepsyna do badania mi\u0119sa w kierunku w\u0142o\u015bnicy Opakowania 500g, 250g, 200g, 150g, 100g, 50g, 10g\" \/>\n<meta property=\"og:url\" content=\"https:\/\/pepsyna.eu\/index.php\/home-2\/odczynniki-chemiczne-oraz-srodki-do-mycia-i-dezynfekcji-znakowanie-miesa\/odczynniki-laboratoryjne\/pepsyna\/\" \/>\n<meta property=\"article:modified_time\" content=\"2021-03-18T10:06:26+00:00\" \/>\n<meta property=\"og:image\" content=\"https:\/\/pepsyna.eu\/wp-content\/uploads\/2021\/03\/Pepsyna-2-187x300.jpg\" \/>\n<meta name=\"twitter:card\" content=\"summary_large_image\" \/>\n<script type=\"application\/ld+json\" class=\"yoast-schema-graph\">{\"@context\":\"https:\/\/schema.org\",\"@graph\":[{\"@type\":\"Organization\",\"@id\":\"https:\/\/pepsyna.eu\/#organization\",\"name\":\"EPI 2\",\"url\":\"https:\/\/pepsyna.eu\/\",\"sameAs\":[],\"logo\":{\"@type\":\"ImageObject\",\"@id\":\"https:\/\/pepsyna.eu\/#logo\",\"inLanguage\":\"pl-PL\",\"url\":\"https:\/\/pepsyna.eu\/wp-content\/uploads\/2021\/03\/cropped-LOGO-EPI2-1.jpg\",\"contentUrl\":\"https:\/\/pepsyna.eu\/wp-content\/uploads\/2021\/03\/cropped-LOGO-EPI2-1.jpg\",\"width\":403,\"height\":85,\"caption\":\"EPI 2\"},\"image\":{\"@id\":\"https:\/\/pepsyna.eu\/#logo\"}},{\"@type\":\"WebSite\",\"@id\":\"https:\/\/pepsyna.eu\/#website\",\"url\":\"https:\/\/pepsyna.eu\/\",\"name\":\"WYSPOSA\\u017bENIE LABORATORYJNE\",\"description\":\"\",\"publisher\":{\"@id\":\"https:\/\/pepsyna.eu\/#organization\"},\"potentialAction\":[{\"@type\":\"SearchAction\",\"target\":{\"@type\":\"EntryPoint\",\"urlTemplate\":\"https:\/\/pepsyna.eu\/?s={search_term_string}\"},\"query-input\":\"required name=search_term_string\"}],\"inLanguage\":\"pl-PL\"},{\"@type\":\"ImageObject\",\"@id\":\"https:\/\/pepsyna.eu\/index.php\/home-2\/odczynniki-chemiczne-oraz-srodki-do-mycia-i-dezynfekcji-znakowanie-miesa\/odczynniki-laboratoryjne\/pepsyna\/#primaryimage\",\"inLanguage\":\"pl-PL\",\"url\":\"https:\/\/pepsyna.eu\/wp-content\/uploads\/2021\/03\/Pepsyna-2.jpg\",\"contentUrl\":\"https:\/\/pepsyna.eu\/wp-content\/uploads\/2021\/03\/Pepsyna-2.jpg\",\"width\":189,\"height\":304},{\"@type\":\"WebPage\",\"@id\":\"https:\/\/pepsyna.eu\/index.php\/home-2\/odczynniki-chemiczne-oraz-srodki-do-mycia-i-dezynfekcji-znakowanie-miesa\/odczynniki-laboratoryjne\/pepsyna\/#webpage\",\"url\":\"https:\/\/pepsyna.eu\/index.php\/home-2\/odczynniki-chemiczne-oraz-srodki-do-mycia-i-dezynfekcji-znakowanie-miesa\/odczynniki-laboratoryjne\/pepsyna\/\",\"name\":\"PEPSYNA -\",\"isPartOf\":{\"@id\":\"https:\/\/pepsyna.eu\/#website\"},\"primaryImageOfPage\":{\"@id\":\"https:\/\/pepsyna.eu\/index.php\/home-2\/odczynniki-chemiczne-oraz-srodki-do-mycia-i-dezynfekcji-znakowanie-miesa\/odczynniki-laboratoryjne\/pepsyna\/#primaryimage\"},\"datePublished\":\"2021-03-15T15:17:58+00:00\",\"dateModified\":\"2021-03-18T10:06:26+00:00\",\"breadcrumb\":{\"@id\":\"https:\/\/pepsyna.eu\/index.php\/home-2\/odczynniki-chemiczne-oraz-srodki-do-mycia-i-dezynfekcji-znakowanie-miesa\/odczynniki-laboratoryjne\/pepsyna\/#breadcrumb\"},\"inLanguage\":\"pl-PL\",\"potentialAction\":[{\"@type\":\"ReadAction\",\"target\":[\"https:\/\/pepsyna.eu\/index.php\/home-2\/odczynniki-chemiczne-oraz-srodki-do-mycia-i-dezynfekcji-znakowanie-miesa\/odczynniki-laboratoryjne\/pepsyna\/\"]}]},{\"@type\":\"BreadcrumbList\",\"@id\":\"https:\/\/pepsyna.eu\/index.php\/home-2\/odczynniki-chemiczne-oraz-srodki-do-mycia-i-dezynfekcji-znakowanie-miesa\/odczynniki-laboratoryjne\/pepsyna\/#breadcrumb\",\"itemListElement\":[{\"@type\":\"ListItem\",\"position\":1,\"name\":\"Strona g\\u0142\\u00f3wna\",\"item\":\"https:\/\/pepsyna.eu\/\"},{\"@type\":\"ListItem\",\"position\":2,\"name\":\"EPI 2 OFERTA\",\"item\":\"https:\/\/pepsyna.eu\/\"},{\"@type\":\"ListItem\",\"position\":3,\"name\":\"ODCZYNNIKI CHEMICZNE ORAZ \\u015aRODKI DO MYCIA I DEZYNFEKCJI\",\"item\":\"https:\/\/pepsyna.eu\/index.php\/home-2\/odczynniki-chemiczne-oraz-srodki-do-mycia-i-dezynfekcji-znakowanie-miesa\/\"},{\"@type\":\"ListItem\",\"position\":4,\"name\":\"Odczynniki laboratoryjne\",\"item\":\"https:\/\/pepsyna.eu\/index.php\/home-2\/odczynniki-chemiczne-oraz-srodki-do-mycia-i-dezynfekcji-znakowanie-miesa\/odczynniki-laboratoryjne\/\"},{\"@type\":\"ListItem\",\"position\":5,\"name\":\"PEPSYNA\"}]}]}<\/script>\n<!-- \/ Yoast SEO plugin. -->","yoast_head_json":{"title":"PEPSYNA -","robots":{"index":"index","follow":"follow","max-snippet":"max-snippet:-1","max-image-preview":"max-image-preview:large","max-video-preview":"max-video-preview:-1"},"canonical":"https:\/\/pepsyna.eu\/index.php\/home-2\/odczynniki-chemiczne-oraz-srodki-do-mycia-i-dezynfekcji-znakowanie-miesa\/odczynniki-laboratoryjne\/pepsyna\/","og_locale":"pl_PL","og_type":"article","og_title":"PEPSYNA -","og_description":"Pepsyna do badania mi\u0119sa w kierunku w\u0142o\u015bnicy Opakowania 500g, 250g, 200g, 150g, 100g, 50g, 10g","og_url":"https:\/\/pepsyna.eu\/index.php\/home-2\/odczynniki-chemiczne-oraz-srodki-do-mycia-i-dezynfekcji-znakowanie-miesa\/odczynniki-laboratoryjne\/pepsyna\/","article_modified_time":"2021-03-18T10:06:26+00:00","og_image":[{"url":"https:\/\/pepsyna.eu\/wp-content\/uploads\/2021\/03\/Pepsyna-2-187x300.jpg"}],"twitter_card":"summary_large_image","schema":{"@context":"https:\/\/schema.org","@graph":[{"@type":"Organization","@id":"https:\/\/pepsyna.eu\/#organization","name":"EPI 2","url":"https:\/\/pepsyna.eu\/","sameAs":[],"logo":{"@type":"ImageObject","@id":"https:\/\/pepsyna.eu\/#logo","inLanguage":"pl-PL","url":"https:\/\/pepsyna.eu\/wp-content\/uploads\/2021\/03\/cropped-LOGO-EPI2-1.jpg","contentUrl":"https:\/\/pepsyna.eu\/wp-content\/uploads\/2021\/03\/cropped-LOGO-EPI2-1.jpg","width":403,"height":85,"caption":"EPI 2"},"image":{"@id":"https:\/\/pepsyna.eu\/#logo"}},{"@type":"WebSite","@id":"https:\/\/pepsyna.eu\/#website","url":"https:\/\/pepsyna.eu\/","name":"WYSPOSA\u017bENIE LABORATORYJNE","description":"","publisher":{"@id":"https:\/\/pepsyna.eu\/#organization"},"potentialAction":[{"@type":"SearchAction","target":{"@type":"EntryPoint","urlTemplate":"https:\/\/pepsyna.eu\/?s={search_term_string}"},"query-input":"required name=search_term_string"}],"inLanguage":"pl-PL"},{"@type":"ImageObject","@id":"https:\/\/pepsyna.eu\/index.php\/home-2\/odczynniki-chemiczne-oraz-srodki-do-mycia-i-dezynfekcji-znakowanie-miesa\/odczynniki-laboratoryjne\/pepsyna\/#primaryimage","inLanguage":"pl-PL","url":"https:\/\/pepsyna.eu\/wp-content\/uploads\/2021\/03\/Pepsyna-2.jpg","contentUrl":"https:\/\/pepsyna.eu\/wp-content\/uploads\/2021\/03\/Pepsyna-2.jpg","width":189,"height":304},{"@type":"WebPage","@id":"https:\/\/pepsyna.eu\/index.php\/home-2\/odczynniki-chemiczne-oraz-srodki-do-mycia-i-dezynfekcji-znakowanie-miesa\/odczynniki-laboratoryjne\/pepsyna\/#webpage","url":"https:\/\/pepsyna.eu\/index.php\/home-2\/odczynniki-chemiczne-oraz-srodki-do-mycia-i-dezynfekcji-znakowanie-miesa\/odczynniki-laboratoryjne\/pepsyna\/","name":"PEPSYNA -","isPartOf":{"@id":"https:\/\/pepsyna.eu\/#website"},"primaryImageOfPage":{"@id":"https:\/\/pepsyna.eu\/index.php\/home-2\/odczynniki-chemiczne-oraz-srodki-do-mycia-i-dezynfekcji-znakowanie-miesa\/odczynniki-laboratoryjne\/pepsyna\/#primaryimage"},"datePublished":"2021-03-15T15:17:58+00:00","dateModified":"2021-03-18T10:06:26+00:00","breadcrumb":{"@id":"https:\/\/pepsyna.eu\/index.php\/home-2\/odczynniki-chemiczne-oraz-srodki-do-mycia-i-dezynfekcji-znakowanie-miesa\/odczynniki-laboratoryjne\/pepsyna\/#breadcrumb"},"inLanguage":"pl-PL","potentialAction":[{"@type":"ReadAction","target":["https:\/\/pepsyna.eu\/index.php\/home-2\/odczynniki-chemiczne-oraz-srodki-do-mycia-i-dezynfekcji-znakowanie-miesa\/odczynniki-laboratoryjne\/pepsyna\/"]}]},{"@type":"BreadcrumbList","@id":"https:\/\/pepsyna.eu\/index.php\/home-2\/odczynniki-chemiczne-oraz-srodki-do-mycia-i-dezynfekcji-znakowanie-miesa\/odczynniki-laboratoryjne\/pepsyna\/#breadcrumb","itemListElement":[{"@type":"ListItem","position":1,"name":"Strona g\u0142\u00f3wna","item":"https:\/\/pepsyna.eu\/"},{"@type":"ListItem","position":2,"name":"EPI 2 OFERTA","item":"https:\/\/pepsyna.eu\/"},{"@type":"ListItem","position":3,"name":"ODCZYNNIKI CHEMICZNE ORAZ \u015aRODKI DO MYCIA I DEZYNFEKCJI","item":"https:\/\/pepsyna.eu\/index.php\/home-2\/odczynniki-chemiczne-oraz-srodki-do-mycia-i-dezynfekcji-znakowanie-miesa\/"},{"@type":"ListItem","position":4,"name":"Odczynniki laboratoryjne","item":"https:\/\/pepsyna.eu\/index.php\/home-2\/odczynniki-chemiczne-oraz-srodki-do-mycia-i-dezynfekcji-znakowanie-miesa\/odczynniki-laboratoryjne\/"},{"@type":"ListItem","position":5,"name":"PEPSYNA"}]}]}},"_links":{"self":[{"href":"https:\/\/pepsyna.eu\/index.php\/wp-json\/wp\/v2\/pages\/118"}],"collection":[{"href":"https:\/\/pepsyna.eu\/index.php\/wp-json\/wp\/v2\/pages"}],"about":[{"href":"https:\/\/pepsyna.eu\/index.php\/wp-json\/wp\/v2\/types\/page"}],"author":[{"embeddable":true,"href":"https:\/\/pepsyna.eu\/index.php\/wp-json\/wp\/v2\/users\/1"}],"replies":[{"embeddable":true,"href":"https:\/\/pepsyna.eu\/index.php\/wp-json\/wp\/v2\/comments?post=118"}],"version-history":[{"count":10,"href":"https:\/\/pepsyna.eu\/index.php\/wp-json\/wp\/v2\/pages\/118\/revisions"}],"predecessor-version":[{"id":616,"href":"https:\/\/pepsyna.eu\/index.php\/wp-json\/wp\/v2\/pages\/118\/revisions\/616"}],"up":[{"embeddable":true,"href":"https:\/\/pepsyna.eu\/index.php\/wp-json\/wp\/v2\/pages\/116"}],"wp:attachment":[{"href":"https:\/\/pepsyna.eu\/index.php\/wp-json\/wp\/v2\/media?parent=118"}],"curies":[{"name":"wp","href":"https:\/\/api.w.org\/{rel}","templated":true}]}}