{"id":110,"date":"2021-03-15T15:12:34","date_gmt":"2021-03-15T15:12:34","guid":{"rendered":"http:\/\/pepsyna.eu\/?page_id=110"},"modified":"2021-03-18T07:51:11","modified_gmt":"2021-03-18T07:51:11","slug":"transport-prob","status":"publish","type":"page","link":"https:\/\/pepsyna.eu\/index.php\/home-2\/transport-prob\/","title":{"rendered":"TRANSPORT PR\u00d3B"},"content":{"rendered":"\t\t<div data-elementor-type=\"wp-page\" data-elementor-id=\"110\" class=\"elementor elementor-110\" data-elementor-settings=\"[]\">\n\t\t\t\t\t\t<div class=\"elementor-inner\">\n\t\t\t\t\t\t\t<div class=\"elementor-section-wrap\">\n\t\t\t\t\t\t\t<section class=\"elementor-section elementor-top-section elementor-element elementor-element-683b4a2b elementor-section-boxed elementor-section-height-default elementor-section-height-default\" data-id=\"683b4a2b\" data-element_type=\"section\">\n\t\t\t\t\t\t<div class=\"elementor-container elementor-column-gap-default\">\n\t\t\t\t\t\t\t<div class=\"elementor-row\">\n\t\t\t\t\t<div class=\"elementor-column elementor-col-100 elementor-top-column elementor-element elementor-element-6b14308c\" data-id=\"6b14308c\" data-element_type=\"column\">\n\t\t\t<div class=\"elementor-column-wrap elementor-element-populated\">\n\t\t\t\t\t\t\t<div class=\"elementor-widget-wrap\">\n\t\t\t\t\t\t<div class=\"elementor-element elementor-element-1ca0633f elementor-widget elementor-widget-text-editor\" data-id=\"1ca0633f\" data-element_type=\"widget\" data-widget_type=\"text-editor.default\">\n\t\t\t\t<div class=\"elementor-widget-container\">\n\t\t\t\t\t\t\t\t<div class=\"elementor-text-editor elementor-clearfix\">\n\t\t\t\t<p><a href=\"http:\/\/pepsyna.pl\/POJEMNIKI_TERMICZNE.html\">&#8211; Pude\u0142ka styropianowe<\/a><\/p><p><a href=\"https:\/\/pepsyna.eu\/index.php\/home-2\/transport-prob\/termotorby\/\">&#8211; Termotorby, lod\u00f3wki<\/a><\/p><p><a href=\"https:\/\/pepsyna.com\/\">&#8211; Pojemniki HDPE, PP, PS<\/a><\/p><p><a href=\"https:\/\/pepsyna.eu\/index.php\/home-2\/transport-prob\/maty-i-wklady-mrozace\/\">&#8211; Maty i wk\u0142ady mro\u017c\u0105ce<\/a><\/p><p><a href=\"https:\/\/pepsyna.eu\/index.php\/home-2\/transport-prob\/koperty-bezpieczne\/\">&#8211; Koperty bezpieczne<\/a><\/p><p><a href=\"https:\/\/pepsyna.eu\/index.php\/home-2\/transport-prob\/worki-bakteriologiczne\/\">&#8211; Woreczki bakteriologiczne<\/a><\/p><p><a href=\"https:\/\/pepsyna.eu\/index.php\/home-2\/transport-prob\/etykiety\/\">&#8211; Etykiety plombowe, naklejki Biohazard i inne<\/a><\/p>\t\t\t\t\t<\/div>\n\t\t\t\t\t\t<\/div>\n\t\t\t\t<\/div>\n\t\t\t\t\t\t<\/div>\n\t\t\t\t\t<\/div>\n\t\t<\/div>\n\t\t\t\t\t\t\t\t<\/div>\n\t\t\t\t\t<\/div>\n\t\t<\/section>\n\t\t\t\t\t\t<\/div>\n\t\t\t\t\t\t<\/div>\n\t\t\t\t\t<\/div>\n\t\t","protected":false},"excerpt":{"rendered":"<p>&#8211; Pude\u0142ka styropianowe &#8211; Termotorby, lod\u00f3wki &#8211; Pojemniki HDPE, PP, PS &#8211; Maty i wk\u0142ady mro\u017c\u0105ce &#8211; Koperty bezpieczne &#8211; Woreczki bakteriologiczne &#8211; Etykiety plombowe, naklejki Biohazard i inne<\/p>\n","protected":false},"author":1,"featured_media":0,"parent":274,"menu_order":9,"comment_status":"closed","ping_status":"closed","template":"","meta":[],"yoast_head":"<!-- This site is optimized with the Yoast SEO plugin v17.6 - https:\/\/yoast.com\/wordpress\/plugins\/seo\/ -->\n<title>TRANSPORT PR\u00d3B -<\/title>\n<meta name=\"robots\" content=\"index, follow, max-snippet:-1, max-image-preview:large, max-video-preview:-1\" \/>\n<link rel=\"canonical\" href=\"https:\/\/pepsyna.eu\/index.php\/home-2\/transport-prob\/\" \/>\n<meta property=\"og:locale\" content=\"pl_PL\" \/>\n<meta property=\"og:type\" content=\"article\" \/>\n<meta property=\"og:title\" content=\"TRANSPORT PR\u00d3B -\" \/>\n<meta property=\"og:description\" content=\"&#8211; Pude\u0142ka styropianowe &#8211; Termotorby, lod\u00f3wki &#8211; Pojemniki HDPE, PP, PS &#8211; Maty i wk\u0142ady mro\u017c\u0105ce &#8211; Koperty bezpieczne &#8211; Woreczki bakteriologiczne &#8211; Etykiety plombowe, naklejki Biohazard i inne\" \/>\n<meta property=\"og:url\" content=\"https:\/\/pepsyna.eu\/index.php\/home-2\/transport-prob\/\" \/>\n<meta property=\"article:modified_time\" content=\"2021-03-18T07:51:11+00:00\" \/>\n<meta name=\"twitter:card\" content=\"summary_large_image\" \/>\n<script type=\"application\/ld+json\" class=\"yoast-schema-graph\">{\"@context\":\"https:\/\/schema.org\",\"@graph\":[{\"@type\":\"Organization\",\"@id\":\"https:\/\/pepsyna.eu\/#organization\",\"name\":\"EPI 2\",\"url\":\"https:\/\/pepsyna.eu\/\",\"sameAs\":[],\"logo\":{\"@type\":\"ImageObject\",\"@id\":\"https:\/\/pepsyna.eu\/#logo\",\"inLanguage\":\"pl-PL\",\"url\":\"https:\/\/pepsyna.eu\/wp-content\/uploads\/2021\/03\/cropped-LOGO-EPI2-1.jpg\",\"contentUrl\":\"https:\/\/pepsyna.eu\/wp-content\/uploads\/2021\/03\/cropped-LOGO-EPI2-1.jpg\",\"width\":403,\"height\":85,\"caption\":\"EPI 2\"},\"image\":{\"@id\":\"https:\/\/pepsyna.eu\/#logo\"}},{\"@type\":\"WebSite\",\"@id\":\"https:\/\/pepsyna.eu\/#website\",\"url\":\"https:\/\/pepsyna.eu\/\",\"name\":\"WYSPOSA\\u017bENIE LABORATORYJNE\",\"description\":\"\",\"publisher\":{\"@id\":\"https:\/\/pepsyna.eu\/#organization\"},\"potentialAction\":[{\"@type\":\"SearchAction\",\"target\":{\"@type\":\"EntryPoint\",\"urlTemplate\":\"https:\/\/pepsyna.eu\/?s={search_term_string}\"},\"query-input\":\"required name=search_term_string\"}],\"inLanguage\":\"pl-PL\"},{\"@type\":\"WebPage\",\"@id\":\"https:\/\/pepsyna.eu\/index.php\/home-2\/transport-prob\/#webpage\",\"url\":\"https:\/\/pepsyna.eu\/index.php\/home-2\/transport-prob\/\",\"name\":\"TRANSPORT PR\\u00d3B -\",\"isPartOf\":{\"@id\":\"https:\/\/pepsyna.eu\/#website\"},\"datePublished\":\"2021-03-15T15:12:34+00:00\",\"dateModified\":\"2021-03-18T07:51:11+00:00\",\"breadcrumb\":{\"@id\":\"https:\/\/pepsyna.eu\/index.php\/home-2\/transport-prob\/#breadcrumb\"},\"inLanguage\":\"pl-PL\",\"potentialAction\":[{\"@type\":\"ReadAction\",\"target\":[\"https:\/\/pepsyna.eu\/index.php\/home-2\/transport-prob\/\"]}]},{\"@type\":\"BreadcrumbList\",\"@id\":\"https:\/\/pepsyna.eu\/index.php\/home-2\/transport-prob\/#breadcrumb\",\"itemListElement\":[{\"@type\":\"ListItem\",\"position\":1,\"name\":\"Strona g\\u0142\\u00f3wna\",\"item\":\"https:\/\/pepsyna.eu\/\"},{\"@type\":\"ListItem\",\"position\":2,\"name\":\"EPI 2 OFERTA\",\"item\":\"https:\/\/pepsyna.eu\/\"},{\"@type\":\"ListItem\",\"position\":3,\"name\":\"TRANSPORT PR\\u00d3B\"}]}]}<\/script>\n<!-- \/ Yoast SEO plugin. -->","yoast_head_json":{"title":"TRANSPORT PR\u00d3B -","robots":{"index":"index","follow":"follow","max-snippet":"max-snippet:-1","max-image-preview":"max-image-preview:large","max-video-preview":"max-video-preview:-1"},"canonical":"https:\/\/pepsyna.eu\/index.php\/home-2\/transport-prob\/","og_locale":"pl_PL","og_type":"article","og_title":"TRANSPORT PR\u00d3B -","og_description":"&#8211; Pude\u0142ka styropianowe &#8211; Termotorby, lod\u00f3wki &#8211; Pojemniki HDPE, PP, PS &#8211; Maty i wk\u0142ady mro\u017c\u0105ce &#8211; Koperty bezpieczne &#8211; Woreczki bakteriologiczne &#8211; Etykiety plombowe, naklejki Biohazard i inne","og_url":"https:\/\/pepsyna.eu\/index.php\/home-2\/transport-prob\/","article_modified_time":"2021-03-18T07:51:11+00:00","twitter_card":"summary_large_image","schema":{"@context":"https:\/\/schema.org","@graph":[{"@type":"Organization","@id":"https:\/\/pepsyna.eu\/#organization","name":"EPI 2","url":"https:\/\/pepsyna.eu\/","sameAs":[],"logo":{"@type":"ImageObject","@id":"https:\/\/pepsyna.eu\/#logo","inLanguage":"pl-PL","url":"https:\/\/pepsyna.eu\/wp-content\/uploads\/2021\/03\/cropped-LOGO-EPI2-1.jpg","contentUrl":"https:\/\/pepsyna.eu\/wp-content\/uploads\/2021\/03\/cropped-LOGO-EPI2-1.jpg","width":403,"height":85,"caption":"EPI 2"},"image":{"@id":"https:\/\/pepsyna.eu\/#logo"}},{"@type":"WebSite","@id":"https:\/\/pepsyna.eu\/#website","url":"https:\/\/pepsyna.eu\/","name":"WYSPOSA\u017bENIE LABORATORYJNE","description":"","publisher":{"@id":"https:\/\/pepsyna.eu\/#organization"},"potentialAction":[{"@type":"SearchAction","target":{"@type":"EntryPoint","urlTemplate":"https:\/\/pepsyna.eu\/?s={search_term_string}"},"query-input":"required name=search_term_string"}],"inLanguage":"pl-PL"},{"@type":"WebPage","@id":"https:\/\/pepsyna.eu\/index.php\/home-2\/transport-prob\/#webpage","url":"https:\/\/pepsyna.eu\/index.php\/home-2\/transport-prob\/","name":"TRANSPORT PR\u00d3B -","isPartOf":{"@id":"https:\/\/pepsyna.eu\/#website"},"datePublished":"2021-03-15T15:12:34+00:00","dateModified":"2021-03-18T07:51:11+00:00","breadcrumb":{"@id":"https:\/\/pepsyna.eu\/index.php\/home-2\/transport-prob\/#breadcrumb"},"inLanguage":"pl-PL","potentialAction":[{"@type":"ReadAction","target":["https:\/\/pepsyna.eu\/index.php\/home-2\/transport-prob\/"]}]},{"@type":"BreadcrumbList","@id":"https:\/\/pepsyna.eu\/index.php\/home-2\/transport-prob\/#breadcrumb","itemListElement":[{"@type":"ListItem","position":1,"name":"Strona g\u0142\u00f3wna","item":"https:\/\/pepsyna.eu\/"},{"@type":"ListItem","position":2,"name":"EPI 2 OFERTA","item":"https:\/\/pepsyna.eu\/"},{"@type":"ListItem","position":3,"name":"TRANSPORT PR\u00d3B"}]}]}},"_links":{"self":[{"href":"https:\/\/pepsyna.eu\/index.php\/wp-json\/wp\/v2\/pages\/110"}],"collection":[{"href":"https:\/\/pepsyna.eu\/index.php\/wp-json\/wp\/v2\/pages"}],"about":[{"href":"https:\/\/pepsyna.eu\/index.php\/wp-json\/wp\/v2\/types\/page"}],"author":[{"embeddable":true,"href":"https:\/\/pepsyna.eu\/index.php\/wp-json\/wp\/v2\/users\/1"}],"replies":[{"embeddable":true,"href":"https:\/\/pepsyna.eu\/index.php\/wp-json\/wp\/v2\/comments?post=110"}],"version-history":[{"count":10,"href":"https:\/\/pepsyna.eu\/index.php\/wp-json\/wp\/v2\/pages\/110\/revisions"}],"predecessor-version":[{"id":575,"href":"https:\/\/pepsyna.eu\/index.php\/wp-json\/wp\/v2\/pages\/110\/revisions\/575"}],"up":[{"embeddable":true,"href":"https:\/\/pepsyna.eu\/index.php\/wp-json\/wp\/v2\/pages\/274"}],"wp:attachment":[{"href":"https:\/\/pepsyna.eu\/index.php\/wp-json\/wp\/v2\/media?parent=110"}],"curies":[{"name":"wp","href":"https:\/\/api.w.org\/{rel}","templated":true}]}}